{"id":142864,"date":"2026-03-14T00:00:00","date_gmt":"2026-03-13T23:00:00","guid":{"rendered":"https:\/\/gpl-love.com\/fr\/produit\/image-swap-for-woocommerce\/"},"modified":"2026-03-21T00:04:48","modified_gmt":"2026-03-20T23:04:48","slug":"image-swap-for-woocommerce","status":"publish","type":"product","link":"https:\/\/gpl-love.com\/fr\/produit\/image-swap-for-woocommerce\/","title":{"rendered":"Image Swap pour WooCommerce 2.13.0"},"content":{"rendered":"<h3>Image Swap pour WooCommerce Traits<\/h3>\n<p>D\u00e9couvrez Iconic Image Swap pour WooCommerce\u00a0: la solution id\u00e9ale pour les e-commer\u00e7ants souhaitant am\u00e9liorer la pr\u00e9sentation de leurs produits et l&rsquo;exp\u00e9rience utilisateur. Ce puissant plugin WooCommerce vous permet d&rsquo;\u00e9changer facilement les images de vos produits au survol, offrant ainsi \u00e0 vos clients une exp\u00e9rience d&rsquo;achat dynamique et interactive.<\/p>\n<p>Avec Iconic Image Swap pour WooCommerce, vous pouvez pr\u00e9senter diff\u00e9rents angles et variantes de produits sans encombrer vos pages. Survolez simplement l&rsquo;image principale du produit pour afficher instantan\u00e9ment des vues alternatives, incitant vos clients \u00e0 explorer davantage. Cette fonctionnalit\u00e9 am\u00e9liore non seulement l&rsquo;engagement, mais aussi les taux de conversion en offrant une vue plus compl\u00e8te de vos produits.<\/p>\n<p>Con\u00e7u pour une int\u00e9gration fluide, Iconic Image Swap est compatible avec tous les principaux th\u00e8mes WooCommerce et est facile \u00e0 configurer, m\u00eame pour les d\u00e9butants. Son design r\u00e9actif garantit que vos images de produits s&rsquo;affichent parfaitement sur tous les appareils, des ordinateurs aux smartphones.<\/p>\n<p>Am\u00e9liorez l&rsquo;attrait visuel de votre boutique WooCommerce et augmentez vos ventes avec Iconic Image Swap pour WooCommerce.<\/p>\n<ul>\n<li>Int\u00e9gration transparente avec WooCommerce<\/li>\n<li>Fonctionnalit\u00e9 d&rsquo;\u00e9change d&rsquo;images facile pour l&rsquo;affichage des produits<\/li>\n<li>Interface conviviale pour une configuration rapide<\/li>\n<li>Prise en charge de plusieurs formats d&rsquo;image<\/li>\n<li>Design adaptatif pour mobile et ordinateur<\/li>\n<li>Compatible avec les th\u00e8mes et extensions populaires<\/li>\n<li>Param\u00e8tres personnalisables pour une exp\u00e9rience personnalis\u00e9e<\/li>\n<li>Optimis\u00e9 pour des temps de chargement rapides<\/li>\n<li>Mises \u00e0 jour et assistance r\u00e9guli\u00e8res<\/li>\n<li>Structure de code l\u00e9g\u00e8re et efficace<\/li>\n<\/ul>\n","protected":false},"excerpt":{"rendered":"<p>D\u00e9couvrez Iconic Image Swap pour WooCommerce\u00a0: la solution id\u00e9ale pour am\u00e9liorer l&rsquo;exp\u00e9rience d&rsquo;achat en ligne. Ce plugin WooCommerce innovant permet des transitions d&rsquo;images fluides, mettant en valeur chaque d\u00e9tail du produit d&rsquo;un simple survol. Id\u00e9al pour les commer\u00e7ants souhaitant booster l&rsquo;engagement et la conversion, Iconic Image Swap am\u00e9liore l&rsquo;attrait visuel et offre une vitrine en ligne dynamique. Facile \u00e0 installer et \u00e0 personnaliser, il s&rsquo;int\u00e8gre parfaitement \u00e0 votre configuration WooCommerce existante. Transformez la fa\u00e7on dont vos clients interagissent avec vos produits et optimisez votre strat\u00e9gie e-commerce gr\u00e2ce \u00e0 cet outil essentiel.<\/p>\n","protected":false},"featured_media":147133,"comment_status":"open","ping_status":"open","template":"","meta":[],"product_brand":[2572],"product_cat":[1182,1223,1181],"product_tag":[1587],"class_list":{"0":"post-142864","1":"product","2":"type-product","3":"status-publish","4":"has-post-thumbnail","6":"product_brand-iconic","7":"product_cat-commerce-electronique-plugins","8":"product_cat-personnalisation-commerce-electronique-plugins","9":"product_cat-plugins","10":"product_tag-iconic","11":"member-discount","12":"discount-restricted","14":"first","15":"instock","16":"sale","17":"downloadable","18":"virtual","19":"sold-individually","20":"purchasable","21":"product-type-simple"},"_links":{"self":[{"href":"https:\/\/gpl-love.com\/fr\/wp-json\/wp\/v2\/product\/142864","targetHints":{"allow":["GET"]}}],"collection":[{"href":"https:\/\/gpl-love.com\/fr\/wp-json\/wp\/v2\/product"}],"about":[{"href":"https:\/\/gpl-love.com\/fr\/wp-json\/wp\/v2\/types\/product"}],"replies":[{"embeddable":true,"href":"https:\/\/gpl-love.com\/fr\/wp-json\/wp\/v2\/comments?post=142864"}],"wp:featuredmedia":[{"embeddable":true,"href":"https:\/\/gpl-love.com\/fr\/wp-json\/wp\/v2\/media\/147133"}],"wp:attachment":[{"href":"https:\/\/gpl-love.com\/fr\/wp-json\/wp\/v2\/media?parent=142864"}],"wp:term":[{"taxonomy":"product_brand","embeddable":true,"href":"https:\/\/gpl-love.com\/fr\/wp-json\/wp\/v2\/product_brand?post=142864"},{"taxonomy":"product_cat","embeddable":true,"href":"https:\/\/gpl-love.com\/fr\/wp-json\/wp\/v2\/product_cat?post=142864"},{"taxonomy":"product_tag","embeddable":true,"href":"https:\/\/gpl-love.com\/fr\/wp-json\/wp\/v2\/product_tag?post=142864"}],"curies":[{"name":"wp","href":"https:\/\/api.w.org\/{rel}","templated":true}]}}