{"id":142863,"date":"2026-03-23T00:00:00","date_gmt":"2026-03-22T23:00:00","guid":{"rendered":"https:\/\/gpl-love.com\/fr\/produit\/bit-flows-pro\/"},"modified":"2026-03-23T23:32:12","modified_gmt":"2026-03-23T22:32:12","slug":"bit-flows-pro","status":"publish","type":"product","link":"https:\/\/gpl-love.com\/fr\/produit\/bit-flows-pro\/","title":{"rendered":"Bit Flows Pro 1.17.1"},"content":{"rendered":"<h3>Bit Flows Pro Traits<\/h3>\n<p>D\u00e9couvrez Bit Flows Pro, la solution ultime pour une gestion fluide des donn\u00e9es et une productivit\u00e9 accrue. Con\u00e7u pour les professionnels exigeants en efficacit\u00e9, Bit Flows Pro offre une technologie de pointe pour optimiser votre flux de travail.<\/p>\n<p>Avec Bit Flows Pro, profitez d&rsquo;un traitement de donn\u00e9es ultra-rapide, garantissant le bon d\u00e9roulement de vos projets et le respect des d\u00e9lais. Son interface intuitive s&rsquo;adresse aussi bien aux d\u00e9butants qu&rsquo;aux utilisateurs avertis, ce qui en fait l&rsquo;outil id\u00e9al pour tout environnement professionnel.<\/p>\n<p>Con\u00e7u pour une fiabilit\u00e9 optimale, Bit Flows Pro prend en charge un large \u00e9ventail de formats de fichiers, garantissant compatibilit\u00e9 et flexibilit\u00e9 sur diff\u00e9rentes plateformes. Que vous g\u00e9riez de grands volumes de donn\u00e9es ou des projets complexes, Bit Flows Pro vous offre la puissance et la rapidit\u00e9 dont vous avez besoin.<\/p>\n<p>B\u00e9n\u00e9ficiez de l&rsquo;int\u00e9gration cloud pour acc\u00e9der \u00e0 vos donn\u00e9es o\u00f9 que vous soyez et \u00e0 tout moment. Bit Flows Pro am\u00e9liore non seulement la productivit\u00e9, mais aussi la collaboration au sein de l&rsquo;\u00e9quipe, ce qui en fait un atout indispensable pour les entreprises modernes.<\/p>\n<ul>\n<li>Capacit\u00e9s avanc\u00e9es de traitement des donn\u00e9es<\/li>\n<li>Performances \u00e0 haut d\u00e9bit pour des op\u00e9rations efficaces<\/li>\n<li>Interface conviviale pour une navigation ais\u00e9e<\/li>\n<li>Fonctionnalit\u00e9s de s\u00e9curit\u00e9 robustes pour prot\u00e9ger les informations sensibles<\/li>\n<li>Architecture \u00e9volutive pour r\u00e9pondre aux besoins croissants<\/li>\n<li>Compatible avec de multiples plateformes et appareils<\/li>\n<li>Conception \u00e9co\u00e9nerg\u00e9tique pour une consommation d&rsquo;\u00e9nergie r\u00e9duite<\/li>\n<li>Outils d&rsquo;analyse et de reporting en temps r\u00e9el<\/li>\n<li>Param\u00e8tres personnalisables pour des fonctionnalit\u00e9s sur mesure<\/li>\n<\/ul>\n","protected":false},"excerpt":{"rendered":"<p>D\u00e9couvrez Bit Flows Pro, la solution de pointe pour une gestion et une analyse fluides des donn\u00e9es. Con\u00e7u pour l&rsquo;efficacit\u00e9, Bit Flows Pro offre des performances de premier ordre aux entreprises souhaitant optimiser leurs processus de flux de donn\u00e9es. Gr\u00e2ce \u00e0 son interface intuitive et \u00e0 ses analyses avanc\u00e9es, cet outil transforme votre fa\u00e7on de g\u00e9rer l&rsquo;information. B\u00e9n\u00e9ficiez d&rsquo;une vitesse et d&rsquo;une fiabilit\u00e9 in\u00e9gal\u00e9es pour garantir le bon d\u00e9roulement de vos op\u00e9rations. Bit Flows Pro est le choix id\u00e9al pour les professionnels souhaitant conserver une longueur d&rsquo;avance dans un monde ax\u00e9 sur les donn\u00e9es.<\/p>\n","protected":false},"featured_media":147132,"comment_status":"open","ping_status":"open","template":"","meta":[],"product_brand":[2472],"product_cat":[1189,1181,1186],"product_tag":[2293],"class_list":{"0":"post-142863","1":"product","2":"type-product","3":"status-publish","4":"has-post-thumbnail","6":"product_brand-bitapps","7":"product_cat-personnalisation","8":"product_cat-plugins","9":"product_cat-wordpress-plugins","10":"product_tag-bitapps","11":"member-discount","12":"discount-restricted","14":"first","15":"instock","16":"sale","17":"downloadable","18":"virtual","19":"sold-individually","20":"purchasable","21":"product-type-simple"},"_links":{"self":[{"href":"https:\/\/gpl-love.com\/fr\/wp-json\/wp\/v2\/product\/142863","targetHints":{"allow":["GET"]}}],"collection":[{"href":"https:\/\/gpl-love.com\/fr\/wp-json\/wp\/v2\/product"}],"about":[{"href":"https:\/\/gpl-love.com\/fr\/wp-json\/wp\/v2\/types\/product"}],"replies":[{"embeddable":true,"href":"https:\/\/gpl-love.com\/fr\/wp-json\/wp\/v2\/comments?post=142863"}],"wp:featuredmedia":[{"embeddable":true,"href":"https:\/\/gpl-love.com\/fr\/wp-json\/wp\/v2\/media\/147132"}],"wp:attachment":[{"href":"https:\/\/gpl-love.com\/fr\/wp-json\/wp\/v2\/media?parent=142863"}],"wp:term":[{"taxonomy":"product_brand","embeddable":true,"href":"https:\/\/gpl-love.com\/fr\/wp-json\/wp\/v2\/product_brand?post=142863"},{"taxonomy":"product_cat","embeddable":true,"href":"https:\/\/gpl-love.com\/fr\/wp-json\/wp\/v2\/product_cat?post=142863"},{"taxonomy":"product_tag","embeddable":true,"href":"https:\/\/gpl-love.com\/fr\/wp-json\/wp\/v2\/product_tag?post=142863"}],"curies":[{"name":"wp","href":"https:\/\/api.w.org\/{rel}","templated":true}]}}