{"id":142862,"date":"2026-04-16T00:00:00","date_gmt":"2026-04-15T22:00:00","guid":{"rendered":"https:\/\/gpl-love.com\/fr\/produit\/bit-integrations-pro\/"},"modified":"2026-05-09T12:31:35","modified_gmt":"2026-05-09T10:31:35","slug":"bit-integrations-pro","status":"publish","type":"product","link":"https:\/\/gpl-love.com\/fr\/produit\/bit-integrations-pro\/","title":{"rendered":"Bit Integrations Pro 2.7.3"},"content":{"rendered":"<h3>Bit Integrations Pro Traits<\/h3>\n<p>Lib\u00e9rez le plein potentiel de votre \u00e9cosyst\u00e8me num\u00e9rique avec Bit Integrations Pro, l&rsquo;outil leader pour une automatisation fluide et une productivit\u00e9 accrue. Con\u00e7u pour les entreprises en qu\u00eate d&rsquo;une gestion efficace des flux de travail, Bit Integrations Pro est la solution id\u00e9ale pour int\u00e9grer facilement plusieurs plateformes.<\/p>\n<p>Avec Bit Integrations Pro, connectez vos applications pr\u00e9f\u00e9r\u00e9es et rationalisez vos op\u00e9rations sans aucun probl\u00e8me technique. Notre interface intuitive permet aux d\u00e9butants comme aux experts de configurer des int\u00e9grations en quelques minutes. Dites adieu \u00e0 la saisie manuelle et profitez de l&rsquo;efficacit\u00e9 automatis\u00e9e.<\/p>\n<ul>\n<li>Int\u00e9gration transparente avec de multiples plateformes<\/li>\n<li>Interface conviviale pour une configuration simplifi\u00e9e<\/li>\n<li>Prise en charge d&rsquo;un large \u00e9ventail d&rsquo;applications et de services<\/li>\n<li>Synchronisation des donn\u00e9es en temps r\u00e9el<\/li>\n<li>Flux de travail et automatisation personnalisables<\/li>\n<li>Fonctionnalit\u00e9s de s\u00e9curit\u00e9 avanc\u00e9es pour prot\u00e9ger les donn\u00e9es<\/li>\n<li>Outils d&rsquo;analyse et de reporting d\u00e9taill\u00e9s<\/li>\n<li>\u00c9volutivit\u00e9 pour s&rsquo;adapter aux besoins croissants de l&rsquo;entreprise<\/li>\n<li>Support client et ressources fiables<\/li>\n<\/ul>\n","protected":false},"excerpt":{"rendered":"<p>D\u00e9couvrez Bit Integrations Pro, la solution ultime pour une automatisation et une efficacit\u00e9 optimales des flux de travail. Con\u00e7u pour les entreprises souhaitant rationaliser leurs op\u00e9rations, cet outil puissant connecte facilement vos applications pr\u00e9f\u00e9r\u00e9es. Avec Bit Integrations Pro, b\u00e9n\u00e9ficiez d&rsquo;une productivit\u00e9 accrue gr\u00e2ce \u00e0 son interface intuitive et \u00e0 ses fonctionnalit\u00e9s performantes qui r\u00e9pondent \u00e0 divers besoins d&rsquo;int\u00e9gration. Dites adieu aux processus manuels et profitez d&rsquo;une performance optimale. Id\u00e9al pour les entrepreneurs f\u00e9rus de technologie et les entreprises en croissance, Bit Integrations Pro vous ouvre les portes d&rsquo;un avenir plus connect\u00e9 et plus efficace.<\/p>\n","protected":false},"featured_media":147131,"comment_status":"open","ping_status":"open","template":"","meta":[],"product_brand":[2472],"product_cat":[1189,1181,1186],"product_tag":[2293],"class_list":{"0":"post-142862","1":"product","2":"type-product","3":"status-publish","4":"has-post-thumbnail","6":"product_brand-bitapps","7":"product_cat-personnalisation","8":"product_cat-plugins","9":"product_cat-wordpress-plugins","10":"product_tag-bitapps","11":"member-discount","12":"discount-restricted","14":"first","15":"instock","16":"sale","17":"downloadable","18":"virtual","19":"sold-individually","20":"purchasable","21":"product-type-simple"},"_links":{"self":[{"href":"https:\/\/gpl-love.com\/fr\/wp-json\/wp\/v2\/product\/142862","targetHints":{"allow":["GET"]}}],"collection":[{"href":"https:\/\/gpl-love.com\/fr\/wp-json\/wp\/v2\/product"}],"about":[{"href":"https:\/\/gpl-love.com\/fr\/wp-json\/wp\/v2\/types\/product"}],"replies":[{"embeddable":true,"href":"https:\/\/gpl-love.com\/fr\/wp-json\/wp\/v2\/comments?post=142862"}],"wp:featuredmedia":[{"embeddable":true,"href":"https:\/\/gpl-love.com\/fr\/wp-json\/wp\/v2\/media\/147131"}],"wp:attachment":[{"href":"https:\/\/gpl-love.com\/fr\/wp-json\/wp\/v2\/media?parent=142862"}],"wp:term":[{"taxonomy":"product_brand","embeddable":true,"href":"https:\/\/gpl-love.com\/fr\/wp-json\/wp\/v2\/product_brand?post=142862"},{"taxonomy":"product_cat","embeddable":true,"href":"https:\/\/gpl-love.com\/fr\/wp-json\/wp\/v2\/product_cat?post=142862"},{"taxonomy":"product_tag","embeddable":true,"href":"https:\/\/gpl-love.com\/fr\/wp-json\/wp\/v2\/product_tag?post=142862"}],"curies":[{"name":"wp","href":"https:\/\/api.w.org\/{rel}","templated":true}]}}