{"id":142860,"date":"2026-04-16T00:00:00","date_gmt":"2026-04-15T22:00:00","guid":{"rendered":"https:\/\/gpl-love.com\/fr\/produit\/outgrid\/"},"modified":"2026-04-17T00:32:19","modified_gmt":"2026-04-16T22:32:19","slug":"outgrid","status":"publish","type":"product","link":"https:\/\/gpl-love.com\/fr\/produit\/outgrid\/","title":{"rendered":"UiCore Pro 2.3.3"},"content":{"rendered":"<h3>UiCore Pro Traits<\/h3>\n<p>Transformez votre site web en un chef-d&rsquo;\u0153uvre visuel avec le th\u00e8me Outgrid Elementor. Con\u00e7u pour les cr\u00e9ateurs et les entreprises, ce th\u00e8me offre une flexibilit\u00e9 et un style in\u00e9gal\u00e9s. Attirez plus de visiteurs gr\u00e2ce \u00e0 des temps de chargement rapides et une navigation fluide, am\u00e9liorant ainsi l&rsquo;exp\u00e9rience utilisateur comme jamais auparavant.<\/p>\n<p>Le th\u00e8me Outgrid Elementor est enti\u00e8rement personnalisable et vous permet de cr\u00e9er une pr\u00e9sence en ligne unique, reflet de l&rsquo;identit\u00e9 de votre marque. Gr\u00e2ce \u00e0 son outil de cr\u00e9ation intuitif par glisser-d\u00e9poser, vous pouvez facilement cr\u00e9er de superbes pages sans aucune connaissance en codage.<\/p>\n<p>Optimisez le potentiel de votre site gr\u00e2ce \u00e0 des mises en page responsives, parfaites sur tous les appareils. Optimis\u00e9 pour le r\u00e9f\u00e9rencement, ce th\u00e8me vous permet de progresser facilement dans les r\u00e9sultats de recherche. Con\u00e7u pour la performance, il garantit la rapidit\u00e9 et l&rsquo;efficacit\u00e9 de votre site, offrant une exp\u00e9rience fluide \u00e0 votre public.<\/p>\n<p>Que vous soyez blogueur, freelance ou chef d&rsquo;entreprise, le th\u00e8me Outgrid Elementor est la solution id\u00e9ale pour un site web captivant et professionnel. Optimisez votre pr\u00e9sence en ligne d\u00e8s aujourd&rsquo;hui et d\u00e9marquez-vous dans votre secteur gr\u00e2ce \u00e0 ce th\u00e8me puissant et \u00e9l\u00e9gant.<\/p>\n<ul>\n<li>Design enti\u00e8rement r\u00e9actif pour une visualisation fluide sur tous les appareils<\/li>\n<li>Cr\u00e9ateur de pages par glisser-d\u00e9poser pour une personnalisation facile<\/li>\n<li>Mod\u00e8les et mises en page pr\u00e9d\u00e9finis inclus<\/li>\n<li>Compatible avec WooCommerce pour les boutiques en ligne<\/li>\n<li>Structure optimis\u00e9e pour le SEO pour un meilleur classement dans les moteurs de recherche<\/li>\n<li>Int\u00e9gration avec les plugins et widgets les plus populaires<\/li>\n<li>Temps de chargement rapides pour une exp\u00e9rience utilisateur am\u00e9lior\u00e9e<\/li>\n<li>Compatible avec les \u00e9crans Retina haute r\u00e9solution<\/li>\n<li>Prise en charge multilingue avec options de traduction<\/li>\n<\/ul>\n","protected":false},"excerpt":{"rendered":"<p>D\u00e9couvrez le th\u00e8me Outgrid Elementor\u00a0: la solution id\u00e9ale pour cr\u00e9er facilement des sites web r\u00e9actifs et \u00e9poustouflants. Ce th\u00e8me WordPress est con\u00e7u pour les professionnels cr\u00e9atifs \u00e0 la recherche d&rsquo;une plateforme visuellement captivante et hautement personnalisable. Gr\u00e2ce \u00e0 son interface intuitive par glisser-d\u00e9poser, Outgrid permet aux utilisateurs de cr\u00e9er des mises en page uniques sans aucune comp\u00e9tence en codage. Parmi ses principales fonctionnalit\u00e9s, citons une int\u00e9gration fluide avec Elementor, une vari\u00e9t\u00e9 de mod\u00e8les pr\u00e9d\u00e9finis et des options de personnalisation avanc\u00e9es pour refl\u00e9ter l&rsquo;identit\u00e9 de votre marque. Optimisez votre pr\u00e9sence en ligne avec le th\u00e8me Outgrid Elementor et profitez de temps de chargement rapides, d&rsquo;une architecture optimis\u00e9e pour le r\u00e9f\u00e9rencement et d&rsquo;un service client exceptionnel.<\/p>\n","protected":false},"featured_media":0,"comment_status":"open","ping_status":"open","template":"","meta":[],"product_brand":[2803],"product_cat":[1214,1212,1213],"product_tag":[2804],"class_list":{"0":"post-142860","1":"product","2":"type-product","3":"status-publish","5":"product_brand-uicore","6":"product_cat-polyvalent","7":"product_cat-themes","8":"product_cat-wordpress-themes","9":"product_tag-uicore","10":"member-discount","11":"discount-restricted","13":"first","14":"instock","15":"sale","16":"downloadable","17":"virtual","18":"sold-individually","19":"purchasable","20":"product-type-simple"},"_links":{"self":[{"href":"https:\/\/gpl-love.com\/fr\/wp-json\/wp\/v2\/product\/142860","targetHints":{"allow":["GET"]}}],"collection":[{"href":"https:\/\/gpl-love.com\/fr\/wp-json\/wp\/v2\/product"}],"about":[{"href":"https:\/\/gpl-love.com\/fr\/wp-json\/wp\/v2\/types\/product"}],"replies":[{"embeddable":true,"href":"https:\/\/gpl-love.com\/fr\/wp-json\/wp\/v2\/comments?post=142860"}],"wp:attachment":[{"href":"https:\/\/gpl-love.com\/fr\/wp-json\/wp\/v2\/media?parent=142860"}],"wp:term":[{"taxonomy":"product_brand","embeddable":true,"href":"https:\/\/gpl-love.com\/fr\/wp-json\/wp\/v2\/product_brand?post=142860"},{"taxonomy":"product_cat","embeddable":true,"href":"https:\/\/gpl-love.com\/fr\/wp-json\/wp\/v2\/product_cat?post=142860"},{"taxonomy":"product_tag","embeddable":true,"href":"https:\/\/gpl-love.com\/fr\/wp-json\/wp\/v2\/product_tag?post=142860"}],"curies":[{"name":"wp","href":"https:\/\/api.w.org\/{rel}","templated":true}]}}