{"id":142858,"date":"2025-09-09T00:00:00","date_gmt":"2025-09-08T22:00:00","guid":{"rendered":"https:\/\/gpl-love.com\/fr\/produit\/motopress-hotel-booking-payment-request\/"},"modified":"2026-03-21T00:04:42","modified_gmt":"2026-03-20T23:04:42","slug":"motopress-hotel-booking-payment-request","status":"publish","type":"product","link":"https:\/\/gpl-love.com\/fr\/produit\/motopress-hotel-booking-payment-request\/","title":{"rendered":"MotoPress Hotel Booking Payment Request 2.0.3"},"content":{"rendered":"<h3>MotoPress Hotel Booking Payment Request Traits<\/h3>\n<p>D\u00e9couvrez le plugin MotoPress Hotel Booking Payment Request, la solution id\u00e9ale pour simplifier le processus de paiement de votre h\u00f4tel. Con\u00e7u sp\u00e9cifiquement pour les \u00e9tablissements h\u00f4teliers, cet outil performant optimise votre syst\u00e8me de r\u00e9servation en vous permettant de g\u00e9rer et de demander facilement les paiements de vos clients.<\/p>\n<p>Gr\u00e2ce au plugin MotoPress Hotel Booking Payment Request, envoyez facilement des demandes de paiement personnalis\u00e9es par e-mail, garantissant ainsi une exp\u00e9rience de transaction fluide pour vous et vos clients. Ce plugin convivial s&rsquo;int\u00e8gre parfaitement \u00e0 votre logiciel MotoPress Hotel Booking, offrant une solution compl\u00e8te et tout-en-un pour la gestion des r\u00e9servations et des paiements.<\/p>\n<p>Id\u00e9al pour les h\u00f4tels, les chambres d&rsquo;h\u00f4tes et les locations de vacances, le plugin MotoPress Hotel Booking Payment Request prend en charge plusieurs passerelles de paiement, offrant \u00e0 vos clients la flexibilit\u00e9 dont ils ont besoin. Dites adieu \u00e0 la facturation manuelle et profitez de l&rsquo;efficacit\u00e9 automatis\u00e9e.<\/p>\n<p>En optimisant votre processus de paiement, vous am\u00e9liorez non seulement la satisfaction de vos clients, mais aussi la tr\u00e9sorerie de votre h\u00f4tel. Optimisez l&rsquo;efficacit\u00e9 op\u00e9rationnelle de votre \u00e9tablissement et profitez de la tranquillit\u00e9 d&rsquo;esprit de savoir que vos paiements sont g\u00e9r\u00e9s en toute s\u00e9curit\u00e9.<\/p>\n<ul>\n<li>Int\u00e9gration transparente avec le plugin MotoPress Hotel Booking<\/li>\n<li>Permet de demander le paiement des clients pour leurs r\u00e9servations d&rsquo;h\u00f4tel<\/li>\n<li>Prise en charge de plusieurs passerelles de paiement pour plus de flexibilit\u00e9<\/li>\n<li>E-mails de demande de paiement personnalisables<\/li>\n<li>Notifications automatiques aux clients pour les rappels de paiement<\/li>\n<li>Traitement s\u00e9curis\u00e9 des paiements pour plus de confiance<\/li>\n<li>Possibilit\u00e9 de configurer des paiements partiels ou des acomptes<\/li>\n<li>Suivi facile de l&rsquo;\u00e9tat des paiements dans le tableau de bord des r\u00e9servations<\/li>\n<li>Compatible avec diff\u00e9rentes devises pour les r\u00e9servations internationales<\/li>\n<li>Interface conviviale pour les administrateurs et les clients<\/li>\n<\/ul>\n","protected":false},"excerpt":{"rendered":"<p>D\u00e9couvrez la fonctionnalit\u00e9 de demande de paiement MotoPress Hotel Booking, la solution id\u00e9ale pour une gestion h\u00f4teli\u00e8re fluide. Simplifiez vos processus de paiement gr\u00e2ce \u00e0 cet outil innovant, con\u00e7u pour am\u00e9liorer l&rsquo;exp\u00e9rience client et optimiser vos r\u00e9servations. Gr\u00e2ce au plugin MotoPress Hotel Booking, demandez des paiements directement depuis votre tableau de bord, garantissant s\u00e9curit\u00e9 et confort pour vous et vos clients. Simplifiez vos op\u00e9rations, r\u00e9duisez les erreurs manuelles et concentrez-vous sur l&rsquo;essentiel\u00a0: offrir un accueil exceptionnel. Id\u00e9ale pour les h\u00f4teliers souhaitant optimiser leurs flux de travail, cette fonctionnalit\u00e9 s&rsquo;int\u00e8gre parfaitement \u00e0 votre syst\u00e8me existant, ce qui en fait un atout indispensable \u00e0 votre gestion h\u00f4teli\u00e8re.<\/p>\n","protected":false},"featured_media":147127,"comment_status":"open","ping_status":"open","template":"","meta":[],"product_brand":[2777],"product_cat":[1253,1181,1186],"product_tag":[2370],"class_list":{"0":"post-142858","1":"product","2":"type-product","3":"status-publish","4":"has-post-thumbnail","6":"product_brand-motopress","7":"product_cat-paiement","8":"product_cat-plugins","9":"product_cat-wordpress-plugins","10":"product_tag-motopress","11":"member-discount","12":"discount-restricted","14":"first","15":"instock","16":"sale","17":"downloadable","18":"virtual","19":"sold-individually","20":"purchasable","21":"product-type-simple"},"_links":{"self":[{"href":"https:\/\/gpl-love.com\/fr\/wp-json\/wp\/v2\/product\/142858","targetHints":{"allow":["GET"]}}],"collection":[{"href":"https:\/\/gpl-love.com\/fr\/wp-json\/wp\/v2\/product"}],"about":[{"href":"https:\/\/gpl-love.com\/fr\/wp-json\/wp\/v2\/types\/product"}],"replies":[{"embeddable":true,"href":"https:\/\/gpl-love.com\/fr\/wp-json\/wp\/v2\/comments?post=142858"}],"wp:featuredmedia":[{"embeddable":true,"href":"https:\/\/gpl-love.com\/fr\/wp-json\/wp\/v2\/media\/147127"}],"wp:attachment":[{"href":"https:\/\/gpl-love.com\/fr\/wp-json\/wp\/v2\/media?parent=142858"}],"wp:term":[{"taxonomy":"product_brand","embeddable":true,"href":"https:\/\/gpl-love.com\/fr\/wp-json\/wp\/v2\/product_brand?post=142858"},{"taxonomy":"product_cat","embeddable":true,"href":"https:\/\/gpl-love.com\/fr\/wp-json\/wp\/v2\/product_cat?post=142858"},{"taxonomy":"product_tag","embeddable":true,"href":"https:\/\/gpl-love.com\/fr\/wp-json\/wp\/v2\/product_tag?post=142858"}],"curies":[{"name":"wp","href":"https:\/\/api.w.org\/{rel}","templated":true}]}}