{"id":142857,"date":"2026-01-23T00:00:00","date_gmt":"2026-01-22T23:00:00","guid":{"rendered":"https:\/\/gpl-love.com\/fr\/produit\/royal-elementor-pro\/"},"modified":"2026-03-21T00:04:41","modified_gmt":"2026-03-20T23:04:41","slug":"royal-elementor-pro","status":"publish","type":"product","link":"https:\/\/gpl-love.com\/fr\/produit\/royal-elementor-pro\/","title":{"rendered":"Royal Elementor Pro 1.5.98"},"content":{"rendered":"<h3>Royal Elementor Pro Traits<\/h3>\n<p>D\u00e9couvrez Royal Elementor Pro, l&rsquo;outil ultime pour cr\u00e9er de superbes sites web WordPress avec facilit\u00e9 et pr\u00e9cision. Con\u00e7u pour les d\u00e9veloppeurs d\u00e9butants comme exp\u00e9riment\u00e9s, ce puissant plugin transforme votre exp\u00e9rience de cr\u00e9ation web gr\u00e2ce \u00e0 une personnalisation et une flexibilit\u00e9 in\u00e9gal\u00e9es.<\/p>\n<p>Avec Royal Elementor Pro, acc\u00e9dez \u00e0 un large \u00e9ventail de fonctionnalit\u00e9s avanc\u00e9es qui simplifient la conception. Profitez d&rsquo;une libert\u00e9 de cr\u00e9ation illimit\u00e9e gr\u00e2ce \u00e0 l&rsquo;interface intuitive par glisser-d\u00e9poser qui vous permet de donner vie \u00e0 votre vision unique. Que vous cr\u00e9iez un blog personnel, une boutique en ligne ou un site d&rsquo;entreprise, cet outil s&rsquo;adapte \u00e0 vos besoins sp\u00e9cifiques.<\/p>\n<p>Notre vaste collection de mod\u00e8les pr\u00e9d\u00e9finis vous fait gagner du temps et vous permet de vous concentrer sur l&rsquo;essentiel\u00a0: votre contenu. Am\u00e9liorez les fonctionnalit\u00e9s de votre site gr\u00e2ce \u00e0 des int\u00e9grations fluides et des designs r\u00e9actifs qui s&rsquo;affichent parfaitement sur tous les appareils.<\/p>\n<ul>\n<li>G\u00e9n\u00e9rateur de pages avanc\u00e9 par glisser-d\u00e9poser<\/li>\n<li>Biblioth\u00e8que compl\u00e8te de mod\u00e8les pr\u00e9d\u00e9finis<\/li>\n<li>Int\u00e9gration transparente avec WordPress<\/li>\n<li>Fonctionnalit\u00e9s de conception responsive pour mobile et tablette<\/li>\n<li>Widgets et modules personnalisables<\/li>\n<li>G\u00e9n\u00e9rateur de th\u00e8mes pour les en-t\u00eates, pieds de page et autres \u00e9l\u00e9ments<\/li>\n<li>Int\u00e9gration WooCommerce pour les boutiques en ligne<\/li>\n<li>G\u00e9n\u00e9rateur de formulaires int\u00e9gr\u00e9 avec fonctionnalit\u00e9s avanc\u00e9es<\/li>\n<li>Param\u00e8tres globaux pour une coh\u00e9rence stylistique<\/li>\n<\/ul>\n","protected":false},"excerpt":{"rendered":"<p>D\u00e9couvrez Royal Elementor Pro, l&rsquo;extension WordPress ultime pour cr\u00e9er facilement des sites web professionnels et \u00e9poustouflants. Cet outil puissant offre aux utilisateurs des fonctionnalit\u00e9s de conception avanc\u00e9es, une vaste biblioth\u00e8que de mod\u00e8les personnalisables et une fonctionnalit\u00e9 intuitive de glisser-d\u00e9poser. Optimisez les performances de votre site gr\u00e2ce \u00e0 une int\u00e9gration fluide, un design r\u00e9actif et des fonctionnalit\u00e9s SEO optimis\u00e9es. Que vous soyez d\u00e9butant ou expert, Royal Elementor Pro offre une flexibilit\u00e9 in\u00e9gal\u00e9e pour que votre site web se d\u00e9marque. D\u00e9couvrez l&rsquo;avenir du web design avec une exp\u00e9rience utilisateur am\u00e9lior\u00e9e et des fonctionnalit\u00e9s robustes qui r\u00e9pondent \u00e0 tous vos besoins cr\u00e9atifs. Transformez votre pr\u00e9sence num\u00e9rique d\u00e8s aujourd&rsquo;hui avec Royal Elementor Pro.<\/p>\n","protected":false},"featured_media":147126,"comment_status":"open","ping_status":"open","template":"","meta":[],"product_brand":[2799],"product_cat":[1189,1181,1186],"product_tag":[2800],"class_list":{"0":"post-142857","1":"product","2":"type-product","3":"status-publish","4":"has-post-thumbnail","6":"product_brand-wp-royal","7":"product_cat-personnalisation","8":"product_cat-plugins","9":"product_cat-wordpress-plugins","10":"product_tag-wp-royal","11":"member-discount","12":"discount-restricted","14":"first","15":"instock","16":"sale","17":"downloadable","18":"virtual","19":"sold-individually","20":"purchasable","21":"product-type-simple"},"_links":{"self":[{"href":"https:\/\/gpl-love.com\/fr\/wp-json\/wp\/v2\/product\/142857","targetHints":{"allow":["GET"]}}],"collection":[{"href":"https:\/\/gpl-love.com\/fr\/wp-json\/wp\/v2\/product"}],"about":[{"href":"https:\/\/gpl-love.com\/fr\/wp-json\/wp\/v2\/types\/product"}],"replies":[{"embeddable":true,"href":"https:\/\/gpl-love.com\/fr\/wp-json\/wp\/v2\/comments?post=142857"}],"wp:featuredmedia":[{"embeddable":true,"href":"https:\/\/gpl-love.com\/fr\/wp-json\/wp\/v2\/media\/147126"}],"wp:attachment":[{"href":"https:\/\/gpl-love.com\/fr\/wp-json\/wp\/v2\/media?parent=142857"}],"wp:term":[{"taxonomy":"product_brand","embeddable":true,"href":"https:\/\/gpl-love.com\/fr\/wp-json\/wp\/v2\/product_brand?post=142857"},{"taxonomy":"product_cat","embeddable":true,"href":"https:\/\/gpl-love.com\/fr\/wp-json\/wp\/v2\/product_cat?post=142857"},{"taxonomy":"product_tag","embeddable":true,"href":"https:\/\/gpl-love.com\/fr\/wp-json\/wp\/v2\/product_tag?post=142857"}],"curies":[{"name":"wp","href":"https:\/\/api.w.org\/{rel}","templated":true}]}}