{"id":142856,"date":"2025-12-04T00:00:00","date_gmt":"2025-12-03T23:00:00","guid":{"rendered":"https:\/\/gpl-love.com\/fr\/produit\/sellkit-pro\/"},"modified":"2026-03-21T00:04:40","modified_gmt":"2026-03-20T23:04:40","slug":"sellkit-pro","status":"publish","type":"product","link":"https:\/\/gpl-love.com\/fr\/produit\/sellkit-pro\/","title":{"rendered":"Sellkit Pro 1.10.0"},"content":{"rendered":"<h3>Sellkit Pro Traits<\/h3>\n<p>D\u00e9couvrez Sellkit Pro, la solution id\u00e9ale pour les entreprises souhaitant optimiser leurs processus de vente et gagner en efficacit\u00e9. Con\u00e7u avec une technologie de pointe, Sellkit Pro offre une interface intuitive qui simplifie les t\u00e2ches commerciales complexes, ce qui en fait le choix id\u00e9al pour les professionnels souhaitant am\u00e9liorer leur productivit\u00e9 et g\u00e9n\u00e9rer des r\u00e9sultats.<\/p>\n<p>Avec Sellkit Pro, g\u00e9rez facilement vos relations clients, suivez vos performances commerciales et automatisez les t\u00e2ches routini\u00e8res, lib\u00e9rant ainsi un temps pr\u00e9cieux pour la planification strat\u00e9gique et l&rsquo;engagement client. Ses outils d&rsquo;analyse performants fournissent des analyses approfondies des tendances de vente, permettant des d\u00e9cisions fond\u00e9es sur des donn\u00e9es qui propulsent votre entreprise vers le succ\u00e8s.<\/p>\n<p>Sellkit Pro est personnalisable pour r\u00e9pondre aux besoins sp\u00e9cifiques de votre entreprise et garantit une int\u00e9gration transparente avec vos syst\u00e8mes existants. Que vous soyez une petite start-up ou une entreprise \u00e9tablie, Sellkit Pro s&rsquo;adapte \u00e0 votre croissance et vous offre une flexibilit\u00e9 et un accompagnement in\u00e9gal\u00e9s.<\/p>\n<p>Rejoignez des milliers d&rsquo;utilisateurs satisfaits qui ont transform\u00e9 leurs op\u00e9rations commerciales avec Sellkit Pro. Optimisez votre strat\u00e9gie commerciale et constatez la diff\u00e9rence gr\u00e2ce \u00e0 un outil con\u00e7u pour favoriser la r\u00e9ussite.<\/p>\n<ul>\n<li>Cr\u00e9ateur d&rsquo;entonnoirs de vente avanc\u00e9s<\/li>\n<li>Interface glisser-d\u00e9poser conviviale<\/li>\n<li>Mod\u00e8les personnalisables pr\u00e9d\u00e9finis<\/li>\n<li>Tests A\/B pour l&rsquo;optimisation<\/li>\n<li>Analyses et rapports en temps r\u00e9el<\/li>\n<li>Int\u00e9gration transparente avec les plateformes populaires<\/li>\n<li>Conception adapt\u00e9e aux mobiles<\/li>\n<li>Outils de marketing par e-mail int\u00e9gr\u00e9s<\/li>\n<li>Options de passerelle de paiement s\u00e9curis\u00e9e<\/li>\n<\/ul>\n","protected":false},"excerpt":{"rendered":"<p>D\u00e9couvrez Sellkit Pro, la solution ultime pour booster vos ventes en ligne en toute simplicit\u00e9. Cet outil performant est con\u00e7u pour optimiser votre exp\u00e9rience e-commerce gr\u00e2ce \u00e0 des fonctionnalit\u00e9s avanc\u00e9es telles que des analyses en temps r\u00e9el et des strat\u00e9gies marketing personnalis\u00e9es. Avec Sellkit Pro, g\u00e9rez facilement votre stock, suivez le comportement de vos clients et augmentez vos taux de conversion. Profitez d&rsquo;une int\u00e9gration fluide avec les plateformes les plus populaires et optimisez les performances de votre entreprise. Que vous soyez un petit entrepreneur ou un entrepreneur exp\u00e9riment\u00e9, Sellkit Pro vous offre la flexibilit\u00e9 et les informations dont vous avez besoin pour d\u00e9velopper votre marque et maximiser vos profits.<\/p>\n","protected":false},"featured_media":147125,"comment_status":"open","ping_status":"open","template":"","meta":[],"product_brand":[2797],"product_cat":[1200,1182,1181],"product_tag":[2798],"class_list":{"0":"post-142856","1":"product","2":"type-product","3":"status-publish","4":"has-post-thumbnail","6":"product_brand-artbees","7":"product_cat-commercialisation","8":"product_cat-commerce-electronique-plugins","9":"product_cat-plugins","10":"product_tag-artbees","11":"member-discount","12":"discount-restricted","14":"first","15":"instock","16":"sale","17":"downloadable","18":"virtual","19":"sold-individually","20":"purchasable","21":"product-type-simple"},"_links":{"self":[{"href":"https:\/\/gpl-love.com\/fr\/wp-json\/wp\/v2\/product\/142856","targetHints":{"allow":["GET"]}}],"collection":[{"href":"https:\/\/gpl-love.com\/fr\/wp-json\/wp\/v2\/product"}],"about":[{"href":"https:\/\/gpl-love.com\/fr\/wp-json\/wp\/v2\/types\/product"}],"replies":[{"embeddable":true,"href":"https:\/\/gpl-love.com\/fr\/wp-json\/wp\/v2\/comments?post=142856"}],"wp:featuredmedia":[{"embeddable":true,"href":"https:\/\/gpl-love.com\/fr\/wp-json\/wp\/v2\/media\/147125"}],"wp:attachment":[{"href":"https:\/\/gpl-love.com\/fr\/wp-json\/wp\/v2\/media?parent=142856"}],"wp:term":[{"taxonomy":"product_brand","embeddable":true,"href":"https:\/\/gpl-love.com\/fr\/wp-json\/wp\/v2\/product_brand?post=142856"},{"taxonomy":"product_cat","embeddable":true,"href":"https:\/\/gpl-love.com\/fr\/wp-json\/wp\/v2\/product_cat?post=142856"},{"taxonomy":"product_tag","embeddable":true,"href":"https:\/\/gpl-love.com\/fr\/wp-json\/wp\/v2\/product_tag?post=142856"}],"curies":[{"name":"wp","href":"https:\/\/api.w.org\/{rel}","templated":true}]}}