{"id":142854,"date":"2025-11-20T00:00:00","date_gmt":"2025-11-19T23:00:00","guid":{"rendered":"https:\/\/gpl-love.com\/fr\/produit\/gravity-perks-auto-list-field\/"},"modified":"2026-03-21T00:04:37","modified_gmt":"2026-03-20T23:04:37","slug":"gravity-perks-auto-list-field","status":"publish","type":"product","link":"https:\/\/gpl-love.com\/fr\/produit\/gravity-perks-auto-list-field\/","title":{"rendered":"Gravity Perks Auto List Field 1.0.7"},"content":{"rendered":"<h3>Gravity Perks Auto List Field Traits<\/h3>\n<p>R\u00e9volutionnez votre exp\u00e9rience de cr\u00e9ation de formulaires avec le champ de liste automatique Gravity Perks. Con\u00e7u sp\u00e9cifiquement pour Gravity Forms, ce module compl\u00e9mentaire dynamique simplifie la saisie de donn\u00e9es et am\u00e9liore l&rsquo;interaction utilisateur. Gr\u00e2ce \u00e0 la fonctionnalit\u00e9 de champ de liste automatique, les utilisateurs peuvent ajouter ou supprimer facilement des \u00e9l\u00e9ments de liste, offrant ainsi une exp\u00e9rience fluide pour les cr\u00e9ateurs et les utilisateurs.<\/p>\n<p>Optimisez votre efficacit\u00e9 en permettant aux utilisateurs de saisir un nombre illimit\u00e9 d&rsquo;entr\u00e9es, ce qui est id\u00e9al pour des applications telles que les listes d&rsquo;inventaire, les inscriptions \u00e0 des \u00e9v\u00e9nements ou tout sc\u00e9nario n\u00e9cessitant une collecte de donn\u00e9es flexible. L&rsquo;interface intuitive garantit la fonctionnalit\u00e9 et la convivialit\u00e9 de vos formulaires, r\u00e9duisant ainsi le risque d&rsquo;erreurs.<\/p>\n<p>L&rsquo;int\u00e9gration du champ de liste automatique Gravity Perks \u00e0 votre configuration existante est un jeu d&rsquo;enfant. Installez simplement le plugin, activez la fonctionnalit\u00e9 et constatez l&rsquo;augmentation de votre productivit\u00e9. Que vous dirigiez une petite entreprise ou coordonniez des projets d&rsquo;envergure, cet outil s&rsquo;adapte \u00e0 vos besoins et vous garantit une exp\u00e9rience sur mesure \u00e0 chaque fois.<\/p>\n<ul>\n<li>G\u00e9n\u00e8re automatiquement des \u00e9l\u00e9ments de liste en fonction des saisies utilisateur.<\/li>\n<li>Int\u00e9gration transparente avec Gravity Forms.<\/li>\n<li>Mod\u00e8les d&rsquo;\u00e9l\u00e9ments de liste personnalisables.<\/li>\n<li>Prise en charge du remplissage dynamique des donn\u00e9es de liste.<\/li>\n<li>Permet l&rsquo;int\u00e9gration de logique conditionnelle dans les \u00e9l\u00e9ments de liste.<\/li>\n<li>Compatible avec les formulaires multipages.<\/li>\n<li>Design adaptatif pour mobile et ordinateur.<\/li>\n<li>Configuration facile gr\u00e2ce \u00e0 une interface intuitive.<\/li>\n<li>Prise en charge des listes imbriqu\u00e9es pour les structures de donn\u00e9es complexes.<\/li>\n<\/ul>\n","protected":false},"excerpt":{"rendered":"<p>D\u00e9couvrez Gravity Perks Auto List Field, la solution ultime pour une gestion fluide des formulaires. Ce puissant plugin optimise votre exp\u00e9rience Gravity Forms en g\u00e9n\u00e9rant et en g\u00e9rant automatiquement et facilement les champs de liste. Id\u00e9al pour la collecte dynamique de donn\u00e9es, il vous fait gagner du temps et optimise votre productivit\u00e9. Gr\u00e2ce \u00e0 son interface intuitive, configurez et personnalisez facilement les champs de liste selon vos besoins. Optimisez vos formulaires d\u00e8s aujourd&rsquo;hui avec Gravity Perks Auto List Field et profitez de flux de travail optimis\u00e9s et d&rsquo;une pr\u00e9cision accrue des donn\u00e9es. Exploitez tout le potentiel de Gravity Forms gr\u00e2ce \u00e0 cet outil essentiel pour une gestion efficace et automatis\u00e9e des formulaires.<\/p>\n","protected":false},"featured_media":147123,"comment_status":"open","ping_status":"open","template":"","meta":[],"product_brand":[2566],"product_cat":[1189,1181,1186],"product_tag":[2373],"class_list":{"0":"post-142854","1":"product","2":"type-product","3":"status-publish","4":"has-post-thumbnail","6":"product_brand-gravity-perks","7":"product_cat-personnalisation","8":"product_cat-plugins","9":"product_cat-wordpress-plugins","10":"product_tag-gravity-perks","11":"member-discount","12":"discount-restricted","14":"first","15":"instock","16":"sale","17":"downloadable","18":"virtual","19":"sold-individually","20":"purchasable","21":"product-type-simple"},"_links":{"self":[{"href":"https:\/\/gpl-love.com\/fr\/wp-json\/wp\/v2\/product\/142854","targetHints":{"allow":["GET"]}}],"collection":[{"href":"https:\/\/gpl-love.com\/fr\/wp-json\/wp\/v2\/product"}],"about":[{"href":"https:\/\/gpl-love.com\/fr\/wp-json\/wp\/v2\/types\/product"}],"replies":[{"embeddable":true,"href":"https:\/\/gpl-love.com\/fr\/wp-json\/wp\/v2\/comments?post=142854"}],"wp:featuredmedia":[{"embeddable":true,"href":"https:\/\/gpl-love.com\/fr\/wp-json\/wp\/v2\/media\/147123"}],"wp:attachment":[{"href":"https:\/\/gpl-love.com\/fr\/wp-json\/wp\/v2\/media?parent=142854"}],"wp:term":[{"taxonomy":"product_brand","embeddable":true,"href":"https:\/\/gpl-love.com\/fr\/wp-json\/wp\/v2\/product_brand?post=142854"},{"taxonomy":"product_cat","embeddable":true,"href":"https:\/\/gpl-love.com\/fr\/wp-json\/wp\/v2\/product_cat?post=142854"},{"taxonomy":"product_tag","embeddable":true,"href":"https:\/\/gpl-love.com\/fr\/wp-json\/wp\/v2\/product_tag?post=142854"}],"curies":[{"name":"wp","href":"https:\/\/api.w.org\/{rel}","templated":true}]}}