{"id":142853,"date":"2025-09-12T00:00:00","date_gmt":"2025-09-11T22:00:00","guid":{"rendered":"https:\/\/gpl-love.com\/fr\/produit\/woocommerce-multiple-email-recipients\/"},"modified":"2026-03-21T00:04:36","modified_gmt":"2026-03-20T23:04:36","slug":"woocommerce-multiple-email-recipients","status":"publish","type":"product","link":"https:\/\/gpl-love.com\/fr\/produit\/woocommerce-multiple-email-recipients\/","title":{"rendered":"WooCommerce Multiple Email Recipients 1.2.14"},"content":{"rendered":"<h3>WooCommerce Multiple Email Recipients Traits<\/h3>\n<p>Am\u00e9liorez les capacit\u00e9s de communication de votre boutique WooCommerce gr\u00e2ce \u00e0 notre plugin WooCommerce Multiple Email Recipients. Con\u00e7u pour une int\u00e9gration fluide, ce plugin vous permet d&rsquo;envoyer facilement des notifications de commande \u00e0 plusieurs adresses e-mail. Que vous dirigiez une petite ou une grande entreprise, tenir votre \u00e9quipe inform\u00e9e est crucial. Avec ce plugin, vous pouvez facilement configurer plusieurs destinataires pour les confirmations de commande, les mises \u00e0 jour d&rsquo;exp\u00e9dition et bien plus encore, afin que chacun reste inform\u00e9.<\/p>\n<p>Notre plugin WooCommerce Multiple Email Recipients est convivial et hautement personnalisable. Vous pouvez d\u00e9finir diff\u00e9rents destinataires pour diff\u00e9rents statuts de commande, permettant ainsi une communication personnalis\u00e9e au sein de votre \u00e9quipe. Cette fonctionnalit\u00e9 est id\u00e9ale pour les entreprises dont plusieurs services n\u00e9cessitent des notifications sp\u00e9cifiques. L&rsquo;installation est simple et sans codage, ce qui la rend accessible \u00e0 tous les utilisateurs WooCommerce.<\/p>\n<p>Optimisez l&rsquo;efficacit\u00e9 de votre boutique et assurez une communication rapide gr\u00e2ce \u00e0 notre plugin fiable. Ne manquez plus jamais une mise \u00e0 jour importante et am\u00e9liorez votre service client en tenant tout le monde inform\u00e9.<\/p>\n<ul>\n<li>Compatible avec la plateforme WooCommerce<\/li>\n<li>Permet d&rsquo;envoyer plusieurs e-mails aux destinataires pour les notifications de commande<\/li>\n<li>Prise en charge de l&rsquo;ajout de destinataires en copie conforme et en copie cach\u00e9e<\/li>\n<li>Interface conviviale pour la gestion des param\u00e8tres d&rsquo;e-mail<\/li>\n<li>Mod\u00e8les d&rsquo;e-mails personnalisables<\/li>\n<li>Int\u00e9gration transparente avec la configuration WooCommerce existante<\/li>\n<li>Possibilit\u00e9 de d\u00e9finir diff\u00e9rents destinataires pour diff\u00e9rents statuts de commande<\/li>\n<li>Am\u00e9liore la communication avec les clients et les membres de l&rsquo;\u00e9quipe<\/li>\n<li>Offre une flexibilit\u00e9 op\u00e9rationnelle<\/li>\n<li>Mises \u00e0 jour r\u00e9guli\u00e8res et assistance pour la compatibilit\u00e9 avec les nouvelles versions de WooCommerce<\/li>\n<\/ul>\n","protected":false},"excerpt":{"rendered":"<p>D\u00e9couvrez notre plugin r\u00e9volutionnaire WooCommerce Multiple Email Recipients, con\u00e7u pour am\u00e9liorer l&rsquo;efficacit\u00e9 de la communication de votre boutique en ligne. Configurez facilement votre boutique WooCommerce pour envoyer des notifications de commande \u00e0 plusieurs adresses e-mail, garantissant ainsi une coordination optimale au sein de votre \u00e9quipe. Ce plugin convivial prend en charge un nombre illimit\u00e9 de destinataires, vous permettant ainsi de rationaliser vos op\u00e9rations et d&rsquo;am\u00e9liorer votre service client. Id\u00e9al pour les entreprises de toutes tailles, il s&rsquo;int\u00e8gre parfaitement \u00e0 votre configuration WooCommerce existante.<\/p>\n","protected":false},"featured_media":147122,"comment_status":"open","ping_status":"open","template":"","meta":[],"product_brand":[2518],"product_cat":[1200,1182,1181],"product_tag":[1619],"class_list":{"0":"post-142853","1":"product","2":"type-product","3":"status-publish","4":"has-post-thumbnail","6":"product_brand-barn2","7":"product_cat-commercialisation","8":"product_cat-commerce-electronique-plugins","9":"product_cat-plugins","10":"product_tag-barn2","11":"member-discount","12":"discount-restricted","14":"first","15":"instock","16":"sale","17":"downloadable","18":"virtual","19":"sold-individually","20":"purchasable","21":"product-type-simple"},"_links":{"self":[{"href":"https:\/\/gpl-love.com\/fr\/wp-json\/wp\/v2\/product\/142853","targetHints":{"allow":["GET"]}}],"collection":[{"href":"https:\/\/gpl-love.com\/fr\/wp-json\/wp\/v2\/product"}],"about":[{"href":"https:\/\/gpl-love.com\/fr\/wp-json\/wp\/v2\/types\/product"}],"replies":[{"embeddable":true,"href":"https:\/\/gpl-love.com\/fr\/wp-json\/wp\/v2\/comments?post=142853"}],"wp:featuredmedia":[{"embeddable":true,"href":"https:\/\/gpl-love.com\/fr\/wp-json\/wp\/v2\/media\/147122"}],"wp:attachment":[{"href":"https:\/\/gpl-love.com\/fr\/wp-json\/wp\/v2\/media?parent=142853"}],"wp:term":[{"taxonomy":"product_brand","embeddable":true,"href":"https:\/\/gpl-love.com\/fr\/wp-json\/wp\/v2\/product_brand?post=142853"},{"taxonomy":"product_cat","embeddable":true,"href":"https:\/\/gpl-love.com\/fr\/wp-json\/wp\/v2\/product_cat?post=142853"},{"taxonomy":"product_tag","embeddable":true,"href":"https:\/\/gpl-love.com\/fr\/wp-json\/wp\/v2\/product_tag?post=142853"}],"curies":[{"name":"wp","href":"https:\/\/api.w.org\/{rel}","templated":true}]}}