{"id":142852,"date":"2025-11-10T00:00:00","date_gmt":"2025-11-09T23:00:00","guid":{"rendered":"https:\/\/gpl-love.com\/fr\/produit\/gravity-perks-pay-per-word\/"},"modified":"2026-03-21T00:04:35","modified_gmt":"2026-03-20T23:04:35","slug":"gravity-perks-pay-per-word","status":"publish","type":"product","link":"https:\/\/gpl-love.com\/fr\/produit\/gravity-perks-pay-per-word\/","title":{"rendered":"Gravity Perks Pay Per Word 1.2.6"},"content":{"rendered":"<h3>Gravity Perks Pay Per Word Traits<\/h3>\n<p>D\u00e9couvrez Gravity Perks Pay Per Word, la solution ultime pour la tarification dynamique du contenu sur votre site WordPress. Profitez de la flexibilit\u00e9 de la facturation gr\u00e2ce \u00e0 cette int\u00e9gration transparente avec Gravity Forms. Que vous soyez r\u00e9dacteur freelance, cr\u00e9ateur de contenu ou prestataire de services personnalis\u00e9s, notre extension vous garantit une r\u00e9mun\u00e9ration \u00e9quitable au mot.<\/p>\n<p>Avec Gravity Perks Pay Per Word, d\u00e9finissez des mod\u00e8les de tarification pr\u00e9cis et adapt\u00e9s \u00e0 vos besoins. D\u00e9finissez simplement le co\u00fbt par mot et laissez notre extension g\u00e9rer les calculs, garantissant ainsi une facturation transparente et pr\u00e9cise \u00e0 vos clients.<\/p>\n<p>Notre interface conviviale simplifie la configuration et la gestion de vos strat\u00e9gies tarifaires directement dans Gravity Forms. De plus, gr\u00e2ce aux aper\u00e7us en temps r\u00e9el, vous et vos clients pouvez visualiser la mise \u00e0 jour des co\u00fbts au fur et \u00e0 mesure de la saisie du contenu, gage de clart\u00e9 et de confiance.<\/p>\n<p>Id\u00e9al pour les r\u00e9dacteurs freelance, les \u00e9diteurs et les agences cr\u00e9atives, Gravity Perks Pay Per Word r\u00e9volutionne la mon\u00e9tisation de votre travail. Maximisez vos revenus d\u00e8s aujourd&rsquo;hui gr\u00e2ce \u00e0 un outil con\u00e7u pour am\u00e9liorer votre productivit\u00e9 et votre rentabilit\u00e9.<\/p>\n<ul>\n<li>Int\u00e9gration avec WordPress et Gravity Forms<\/li>\n<li>Facturation des utilisateurs en fonction du nombre de mots<\/li>\n<li>Tarif au mot personnalisable<\/li>\n<li>Affichage du nombre de mots en temps r\u00e9el<\/li>\n<li>Prise en charge de plusieurs devises<\/li>\n<li>Compatibilit\u00e9 avec la logique conditionnelle<\/li>\n<li>Rapports de transactions d\u00e9taill\u00e9s<\/li>\n<li>Installation et configuration faciles<\/li>\n<li>Compatible avec les autres fonctionnalit\u00e9s de Gravity Perks<\/li>\n<li>Convivial pour les d\u00e9veloppeurs gr\u00e2ce aux hooks et aux filtres<\/li>\n<\/ul>\n","protected":false},"excerpt":{"rendered":"<p>D\u00e9couvrez Gravity Perks Pay Per Word, la solution ultime pour la mon\u00e9tisation de contenu dynamique. Con\u00e7u pour les cr\u00e9ateurs et les entreprises, ce plugin WordPress innovant s&rsquo;int\u00e8gre parfaitement \u00e0 Gravity Forms, vous permettant de d\u00e9finir une tarification flexible au nombre de mots. Boostez vos revenus en facturant au mot votre contenu premium et en vous assurant une juste r\u00e9mun\u00e9ration pour votre travail. Gr\u00e2ce \u00e0 une configuration intuitive et une interface conviviale, Gravity Perks Pay Per Word vous permet de maximiser vos revenus tout en am\u00e9liorant l&rsquo;exp\u00e9rience utilisateur. Transformez votre site web en un puissant outil de mon\u00e9tisation d\u00e8s aujourd&rsquo;hui et attirez plus de clients gr\u00e2ce \u00e0 cette solution efficace et personnalisable.<\/p>\n","protected":false},"featured_media":147121,"comment_status":"open","ping_status":"open","template":"","meta":[],"product_brand":[2566],"product_cat":[1189,1181,1186],"product_tag":[2373],"class_list":{"0":"post-142852","1":"product","2":"type-product","3":"status-publish","4":"has-post-thumbnail","6":"product_brand-gravity-perks","7":"product_cat-personnalisation","8":"product_cat-plugins","9":"product_cat-wordpress-plugins","10":"product_tag-gravity-perks","11":"member-discount","12":"discount-restricted","14":"first","15":"instock","16":"sale","17":"downloadable","18":"virtual","19":"sold-individually","20":"purchasable","21":"product-type-simple"},"_links":{"self":[{"href":"https:\/\/gpl-love.com\/fr\/wp-json\/wp\/v2\/product\/142852","targetHints":{"allow":["GET"]}}],"collection":[{"href":"https:\/\/gpl-love.com\/fr\/wp-json\/wp\/v2\/product"}],"about":[{"href":"https:\/\/gpl-love.com\/fr\/wp-json\/wp\/v2\/types\/product"}],"replies":[{"embeddable":true,"href":"https:\/\/gpl-love.com\/fr\/wp-json\/wp\/v2\/comments?post=142852"}],"wp:featuredmedia":[{"embeddable":true,"href":"https:\/\/gpl-love.com\/fr\/wp-json\/wp\/v2\/media\/147121"}],"wp:attachment":[{"href":"https:\/\/gpl-love.com\/fr\/wp-json\/wp\/v2\/media?parent=142852"}],"wp:term":[{"taxonomy":"product_brand","embeddable":true,"href":"https:\/\/gpl-love.com\/fr\/wp-json\/wp\/v2\/product_brand?post=142852"},{"taxonomy":"product_cat","embeddable":true,"href":"https:\/\/gpl-love.com\/fr\/wp-json\/wp\/v2\/product_cat?post=142852"},{"taxonomy":"product_tag","embeddable":true,"href":"https:\/\/gpl-love.com\/fr\/wp-json\/wp\/v2\/product_tag?post=142852"}],"curies":[{"name":"wp","href":"https:\/\/api.w.org\/{rel}","templated":true}]}}