{"id":142851,"date":"2025-12-04T00:00:00","date_gmt":"2025-12-03T23:00:00","guid":{"rendered":"https:\/\/gpl-love.com\/fr\/produit\/social-feed-gallery-pro\/"},"modified":"2026-04-01T00:31:52","modified_gmt":"2026-03-31T22:31:52","slug":"social-feed-gallery-pro","status":"publish","type":"product","link":"https:\/\/gpl-love.com\/fr\/produit\/social-feed-gallery-pro\/","title":{"rendered":"Social Feed Gallery Pro 4.4.5"},"content":{"rendered":"<h3>Social Feed Gallery Pro Traits<\/h3>\n<p>D\u00e9couvrez Social Feed Gallery Pro de QuadLayers\u00a0: la solution ultime pour int\u00e9grer du contenu dynamique des r\u00e9seaux sociaux \u00e0 votre site WordPress. Ce puissant plugin de galerie de flux sociaux transforme votre site web en affichant de mani\u00e8re fluide des flux dynamiques provenant de plateformes comme Instagram, Facebook et Twitter. Id\u00e9al pour les entreprises et les blogueurs, ce plugin am\u00e9liore l&rsquo;engagement des utilisateurs et maintient votre contenu \u00e0 jour.<\/p>\n<p>Gr\u00e2ce aux fonctionnalit\u00e9s de Social Feed Gallery PRO, vous pouvez personnaliser la mise en page, le style et la fr\u00e9quence de mise \u00e0 jour de vos flux, garantissant ainsi que votre site web refl\u00e8te toujours l&rsquo;esth\u00e9tique de votre marque. Configurez facilement les param\u00e8tres et profitez des mises \u00e0 jour en temps r\u00e9el pour tenir votre audience inform\u00e9e des derni\u00e8res tendances des r\u00e9seaux sociaux.<\/p>\n<ul>\n<li>Int\u00e9gration fluide avec les principales plateformes de r\u00e9seaux sociaux<\/li>\n<li>Mise en page et design personnalisables des galeries<\/li>\n<li>Affichage r\u00e9actif et adapt\u00e9 aux mobiles<\/li>\n<li>Mises \u00e0 jour automatiques du contenu en temps r\u00e9el<\/li>\n<li>Options avanc\u00e9es de filtrage et de mod\u00e9ration<\/li>\n<li>Prise en charge de plusieurs comptes de r\u00e9seaux sociaux<\/li>\n<li>L\u00e9ger et optimis\u00e9 pour un chargement rapide<\/li>\n<li>Interface intuitive avec fonction glisser-d\u00e9poser<\/li>\n<li>Compatible avec les cr\u00e9ateurs de pages et th\u00e8mes les plus populaires<\/li>\n<\/ul>\n","protected":false},"excerpt":{"rendered":"<p>D\u00e9couvrez Social Feed Gallery Pro de QuadLayers, le plugin de galerie de flux sociaux id\u00e9al pour les passionn\u00e9s de WordPress. Int\u00e9grez facilement votre flux de m\u00e9dias sociaux pr\u00e9f\u00e9r\u00e9 \u00e0 votre site WordPress gr\u00e2ce \u00e0 cette galerie de flux de m\u00e9dias sociaux haut de gamme. D\u00e9couvrez les fonctionnalit\u00e9s exceptionnelles de Social Feed Gallery PRO, con\u00e7ues pour am\u00e9liorer l&rsquo;engagement des utilisateurs et optimiser l&rsquo;affichage du contenu. Avec une tarification flexible, ce plugin vous garantit des fonctionnalit\u00e9s premium \u00e0 un prix abordable.<\/p>\n","protected":false},"featured_media":147120,"comment_status":"open","ping_status":"open","template":"","meta":[],"product_brand":[2690],"product_cat":[1207,1181,1186],"product_tag":[2193],"class_list":{"0":"post-142851","1":"product","2":"type-product","3":"status-publish","4":"has-post-thumbnail","6":"product_brand-quadlayers","7":"product_cat-commercialisation-wordpress-plugins","8":"product_cat-plugins","9":"product_cat-wordpress-plugins","10":"product_tag-quadlayers","11":"member-discount","12":"discount-restricted","14":"first","15":"instock","16":"sale","17":"downloadable","18":"virtual","19":"sold-individually","20":"purchasable","21":"product-type-simple"},"_links":{"self":[{"href":"https:\/\/gpl-love.com\/fr\/wp-json\/wp\/v2\/product\/142851","targetHints":{"allow":["GET"]}}],"collection":[{"href":"https:\/\/gpl-love.com\/fr\/wp-json\/wp\/v2\/product"}],"about":[{"href":"https:\/\/gpl-love.com\/fr\/wp-json\/wp\/v2\/types\/product"}],"replies":[{"embeddable":true,"href":"https:\/\/gpl-love.com\/fr\/wp-json\/wp\/v2\/comments?post=142851"}],"wp:featuredmedia":[{"embeddable":true,"href":"https:\/\/gpl-love.com\/fr\/wp-json\/wp\/v2\/media\/147120"}],"wp:attachment":[{"href":"https:\/\/gpl-love.com\/fr\/wp-json\/wp\/v2\/media?parent=142851"}],"wp:term":[{"taxonomy":"product_brand","embeddable":true,"href":"https:\/\/gpl-love.com\/fr\/wp-json\/wp\/v2\/product_brand?post=142851"},{"taxonomy":"product_cat","embeddable":true,"href":"https:\/\/gpl-love.com\/fr\/wp-json\/wp\/v2\/product_cat?post=142851"},{"taxonomy":"product_tag","embeddable":true,"href":"https:\/\/gpl-love.com\/fr\/wp-json\/wp\/v2\/product_tag?post=142851"}],"curies":[{"name":"wp","href":"https:\/\/api.w.org\/{rel}","templated":true}]}}