{"id":142826,"date":"2026-05-05T00:00:00","date_gmt":"2026-05-04T22:00:00","guid":{"rendered":"https:\/\/gpl-love.com\/fr\/produit\/acpt\/"},"modified":"2026-05-05T12:34:07","modified_gmt":"2026-05-05T10:34:07","slug":"acpt","status":"publish","type":"product","link":"https:\/\/gpl-love.com\/fr\/produit\/acpt\/","title":{"rendered":"ACPT Advanced Custom Post Types 2.0.61"},"content":{"rendered":"<h3>ACPT Advanced Custom Post Types Traits<\/h3>\n<p>Exploitez tout le potentiel de votre site WordPress gr\u00e2ce aux types de publication personnalis\u00e9s avanc\u00e9s. Optimisez votre strat\u00e9gie de contenu en explorant les nombreuses fonctionnalit\u00e9s des types de publication personnalis\u00e9s, con\u00e7ues pour optimiser les fonctionnalit\u00e9s de votre site web. Que vous soyez novice ou expert en cr\u00e9ation de types de publication personnalis\u00e9s dans WordPress, nos guides complets et tutoriels sur les types de publication personnalis\u00e9s vous proposent des instructions \u00e9tape par \u00e9tape pour simplifier le processus.<\/p>\n<p>Plongez dans l&rsquo;univers des types de publication WordPress avanc\u00e9s pour cr\u00e9er un contenu unique, engageant et original. Nos conseils d&rsquo;experts sur l&rsquo;optimisation des types de publication WordPress garantissent que votre site est optimis\u00e9 pour les moteurs de recherche, augmentant ainsi sa visibilit\u00e9 et son trafic. D\u00e9couvrez les secrets de l&rsquo;optimisation des types de publication personnalis\u00e9s pour le SEO et voyez votre site web progresser dans les classements.<\/p>\n<ul>\n<li>Gestion de contenu flexible<\/li>\n<li>Cr\u00e9ation de champs personnalis\u00e9s<\/li>\n<li>Interface conviviale<\/li>\n<li>Options de filtrage avanc\u00e9es<\/li>\n<li>Int\u00e9gration transparente avec les th\u00e8mes<\/li>\n<li>Prise en charge de divers formats de publication<\/li>\n<li>Logique conditionnelle pour les champs<\/li>\n<li>Fonctionnalit\u00e9 d&rsquo;importation\/exportation<\/li>\n<li>Convivial pour les d\u00e9veloppeurs gr\u00e2ce \u00e0 de nombreux hooks<\/li>\n<li>Conception adaptative pour la compatibilit\u00e9 mobile<\/li>\n<\/ul>\n","protected":false},"excerpt":{"rendered":"<p>D\u00e9couvrez notre guide complet pour ma\u00eetriser les types de publication personnalis\u00e9s avanc\u00e9s dans WordPress\u00a0! Exploitez tout le potentiel de votre site web gr\u00e2ce \u00e0 des conseils d&rsquo;experts sur la cr\u00e9ation de types de publication personnalis\u00e9s dans WordPress et leur optimisation pour le r\u00e9f\u00e9rencement. Nos tutoriels couvrent les fonctionnalit\u00e9s avanc\u00e9es des types de publication WordPress et fournissent des conseils essentiels pour leur impl\u00e9mentation. D\u00e9couvrez les avantages de la gestion de contenu avanc\u00e9e dans WordPress et apprenez \u00e0 am\u00e9liorer les fonctionnalit\u00e9s et la visibilit\u00e9 de votre site dans les moteurs de recherche. Id\u00e9al pour les d\u00e9veloppeurs et les cr\u00e9ateurs de contenu, ce guide vous permet d&rsquo;optimiser la puissance des types de publication personnalis\u00e9s WordPress pour une pr\u00e9sence en ligne plus dynamique.<\/p>\n","protected":false},"featured_media":147118,"comment_status":"open","ping_status":"open","template":"","meta":[],"product_brand":[2795],"product_cat":[1189,1181,1186],"product_tag":[2796],"class_list":{"0":"post-142826","1":"product","2":"type-product","3":"status-publish","4":"has-post-thumbnail","6":"product_brand-acpt","7":"product_cat-personnalisation","8":"product_cat-plugins","9":"product_cat-wordpress-plugins","10":"product_tag-acpt","11":"member-discount","12":"discount-restricted","14":"first","15":"instock","16":"sale","17":"downloadable","18":"virtual","19":"sold-individually","20":"purchasable","21":"product-type-simple"},"_links":{"self":[{"href":"https:\/\/gpl-love.com\/fr\/wp-json\/wp\/v2\/product\/142826","targetHints":{"allow":["GET"]}}],"collection":[{"href":"https:\/\/gpl-love.com\/fr\/wp-json\/wp\/v2\/product"}],"about":[{"href":"https:\/\/gpl-love.com\/fr\/wp-json\/wp\/v2\/types\/product"}],"replies":[{"embeddable":true,"href":"https:\/\/gpl-love.com\/fr\/wp-json\/wp\/v2\/comments?post=142826"}],"wp:featuredmedia":[{"embeddable":true,"href":"https:\/\/gpl-love.com\/fr\/wp-json\/wp\/v2\/media\/147118"}],"wp:attachment":[{"href":"https:\/\/gpl-love.com\/fr\/wp-json\/wp\/v2\/media?parent=142826"}],"wp:term":[{"taxonomy":"product_brand","embeddable":true,"href":"https:\/\/gpl-love.com\/fr\/wp-json\/wp\/v2\/product_brand?post=142826"},{"taxonomy":"product_cat","embeddable":true,"href":"https:\/\/gpl-love.com\/fr\/wp-json\/wp\/v2\/product_cat?post=142826"},{"taxonomy":"product_tag","embeddable":true,"href":"https:\/\/gpl-love.com\/fr\/wp-json\/wp\/v2\/product_tag?post=142826"}],"curies":[{"name":"wp","href":"https:\/\/api.w.org\/{rel}","templated":true}]}}