{"id":142825,"date":"2026-03-14T00:00:00","date_gmt":"2026-03-13T23:00:00","guid":{"rendered":"https:\/\/gpl-love.com\/fr\/produit\/wp-adminify-pro\/"},"modified":"2026-03-21T00:04:32","modified_gmt":"2026-03-20T23:04:32","slug":"wp-adminify-pro","status":"publish","type":"product","link":"https:\/\/gpl-love.com\/fr\/produit\/wp-adminify-pro\/","title":{"rendered":"WP Adminify Pro 4.1.7"},"content":{"rendered":"<h3>WP Adminify Pro Traits<\/h3>\n<p>D\u00e9couvrez WP Adminify Pro, la solution ultime pour transformer votre exp\u00e9rience de tableau de bord WordPress. Con\u00e7u pour l&rsquo;efficacit\u00e9 et la simplicit\u00e9, WP Adminify Pro optimise votre panneau d&rsquo;administration gr\u00e2ce \u00e0 une interface \u00e9l\u00e9gante et conviviale. Dites adieu aux tableaux de bord encombr\u00e9s et profitez d&rsquo;un flux de travail simplifi\u00e9.<\/p>\n<p>Avec WP Adminify Pro, personnalisez votre tableau de bord pour l&rsquo;adapter parfaitement \u00e0 vos besoins. Ses fonctionnalit\u00e9s puissantes incluent des widgets avanc\u00e9s, un mode sombre pour les sessions de travail nocturnes et un \u00e9diteur de menu intuitif. Am\u00e9liorez votre productivit\u00e9 gr\u00e2ce \u00e0 un acc\u00e8s rapide aux outils essentiels et \u00e0 un environnement sans distraction.<\/p>\n<p>WP Adminify Pro est id\u00e9al pour les d\u00e9veloppeurs et les gestionnaires de sites qui recherchent un tableau de bord rapide, r\u00e9actif et attrayant. Sa conception l\u00e9g\u00e8re garantit la rapidit\u00e9 de votre site tout en offrant des fonctionnalit\u00e9s de pointe. Compatible avec les principales extensions, WP Adminify Pro s&rsquo;int\u00e8gre parfaitement \u00e0 votre configuration existante.<\/p>\n<p>Que vous g\u00e9riez un seul blog ou un r\u00e9seau de sites web, WP Adminify Pro vous offre la flexibilit\u00e9 et le contr\u00f4le dont vous avez besoin.<\/p>\n<ul>\n<li>Personnalisation avanc\u00e9e du tableau de bord WordPress<\/li>\n<li>Gestion des r\u00f4les et autorisations des utilisateurs<\/li>\n<li>Outils d&rsquo;optimisation des performances et de la vitesse<\/li>\n<li>Menu d&rsquo;administration et widgets personnalisables<\/li>\n<li>Options de marque blanche<\/li>\n<li>Analyses et rapports d\u00e9taill\u00e9s<\/li>\n<li>Mode sombre pour l&rsquo;interface d&rsquo;administration<\/li>\n<li>Journaux d&rsquo;activit\u00e9 et suivi des utilisateurs<\/li>\n<li>Compatibilit\u00e9 multisite<\/li>\n<\/ul>\n","protected":false},"excerpt":{"rendered":"<p>D\u00e9couvrez WP Adminify Pro, l&rsquo;extension ultime pour l&rsquo;optimisation du panneau d&rsquo;administration WordPress, con\u00e7ue pour simplifier la gestion de votre site web. Transformez votre tableau de bord gr\u00e2ce \u00e0 des interfaces \u00e9l\u00e9gantes et intuitives, ainsi qu&rsquo;\u00e0 de puissantes options de personnalisation. Boostez votre productivit\u00e9 gr\u00e2ce aux fonctionnalit\u00e9s avanc\u00e9es de WP Adminify Pro, notamment les journaux d&rsquo;activit\u00e9 en temps r\u00e9el, les \u00e9diteurs de menus intuitifs et les outils de performance optimis\u00e9s. Cette extension est id\u00e9ale pour les d\u00e9veloppeurs web et les propri\u00e9taires de sites web souhaitant optimiser leur flux de travail et la navigation de leur site. Avec WP Adminify Pro, profitez d&rsquo;une int\u00e9gration fluide et d&rsquo;un contr\u00f4le in\u00e9gal\u00e9 sur votre exp\u00e9rience WordPress.<\/p>\n","protected":false},"featured_media":147117,"comment_status":"open","ping_status":"open","template":"","meta":[],"product_brand":[2793],"product_cat":[1187,1181,1186],"product_tag":[2794],"class_list":{"0":"post-142825","1":"product","2":"type-product","3":"status-publish","4":"has-post-thumbnail","6":"product_brand-pixarlabs","7":"product_cat-administration-wordpress-plugins","8":"product_cat-plugins","9":"product_cat-wordpress-plugins","10":"product_tag-pixarlabs","11":"member-discount","12":"discount-restricted","14":"first","15":"instock","16":"sale","17":"downloadable","18":"virtual","19":"sold-individually","20":"purchasable","21":"product-type-simple"},"_links":{"self":[{"href":"https:\/\/gpl-love.com\/fr\/wp-json\/wp\/v2\/product\/142825","targetHints":{"allow":["GET"]}}],"collection":[{"href":"https:\/\/gpl-love.com\/fr\/wp-json\/wp\/v2\/product"}],"about":[{"href":"https:\/\/gpl-love.com\/fr\/wp-json\/wp\/v2\/types\/product"}],"replies":[{"embeddable":true,"href":"https:\/\/gpl-love.com\/fr\/wp-json\/wp\/v2\/comments?post=142825"}],"wp:featuredmedia":[{"embeddable":true,"href":"https:\/\/gpl-love.com\/fr\/wp-json\/wp\/v2\/media\/147117"}],"wp:attachment":[{"href":"https:\/\/gpl-love.com\/fr\/wp-json\/wp\/v2\/media?parent=142825"}],"wp:term":[{"taxonomy":"product_brand","embeddable":true,"href":"https:\/\/gpl-love.com\/fr\/wp-json\/wp\/v2\/product_brand?post=142825"},{"taxonomy":"product_cat","embeddable":true,"href":"https:\/\/gpl-love.com\/fr\/wp-json\/wp\/v2\/product_cat?post=142825"},{"taxonomy":"product_tag","embeddable":true,"href":"https:\/\/gpl-love.com\/fr\/wp-json\/wp\/v2\/product_tag?post=142825"}],"curies":[{"name":"wp","href":"https:\/\/api.w.org\/{rel}","templated":true}]}}