{"id":142824,"date":"2026-05-08T00:00:00","date_gmt":"2026-05-07T22:00:00","guid":{"rendered":"https:\/\/gpl-love.com\/fr\/produit\/masteriyo-pro\/"},"modified":"2026-05-09T00:33:39","modified_gmt":"2026-05-08T22:33:39","slug":"masteriyo-pro","status":"publish","type":"product","link":"https:\/\/gpl-love.com\/fr\/produit\/masteriyo-pro\/","title":{"rendered":"Masteriyo Pro 3.1.8"},"content":{"rendered":"<h3>Masteriyo Pro Traits<\/h3>\n<p>D\u00e9couvrez Masteriyo Pro, la solution ultime pour cr\u00e9er et g\u00e9rer des cours en ligne en toute simplicit\u00e9. Que vous soyez enseignant, entrepreneur ou professionnel cr\u00e9atif, Masteriyo PRO vous permet de transformer vos connaissances en exp\u00e9riences d&rsquo;apprentissage en ligne captivantes.<\/p>\n<p>Avec Masteriyo Pro, concevez facilement des cours gr\u00e2ce \u00e0 son interface intuitive par glisser-d\u00e9poser. Aucune comp\u00e9tence en codage n&rsquo;est requise, ce qui la rend accessible aux d\u00e9butants comme aux experts. La plateforme offre une exp\u00e9rience de cr\u00e9ation de cours fluide, vous permettant d&rsquo;int\u00e9grer du contenu multim\u00e9dia comme des vid\u00e9os, des quiz et des \u00e9l\u00e9ments interactifs pour am\u00e9liorer l&rsquo;engagement d&rsquo;apprentissage.<\/p>\n<p>Masteriyo Pro est optimis\u00e9 pour les appareils mobiles, permettant \u00e0 vos \u00e9tudiants d&rsquo;acc\u00e9der aux ressources \u00e0 tout moment et en tout lieu. Ses fonctionnalit\u00e9s robustes incluent des mod\u00e8les personnalisables, des passerelles de paiement s\u00e9curis\u00e9es et des analyses compl\u00e8tes pour suivre la progression des \u00e9tudiants et les performances des cours.<\/p>\n<p>Optimisez votre offre d&rsquo;apprentissage en ligne avec Masteriyo Pro et rejoignez une communaut\u00e9 de cr\u00e9ateurs d\u00e9di\u00e9s \u00e0 la fourniture d&rsquo;une formation en ligne de haute qualit\u00e9. B\u00e9n\u00e9ficiez d&rsquo;un support in\u00e9gal\u00e9 et de mises \u00e0 jour r\u00e9guli\u00e8res pour garantir la pertinence et la pertinence de vos cours.<\/p>\n<ul>\n<li>Cr\u00e9ateur de cours avanc\u00e9 avec fonction glisser-d\u00e9poser<\/li>\n<li>Syst\u00e8me complet de gestion des \u00e9tudiants<\/li>\n<li>Options de conception personnalisables pour l&rsquo;image de marque<\/li>\n<li>Passerelles de paiement int\u00e9gr\u00e9es pour des transactions simplifi\u00e9es<\/li>\n<li>Outils d&rsquo;analyse et de reporting d\u00e9taill\u00e9s<\/li>\n<li>Conception optimis\u00e9e pour les appareils mobiles et le r\u00e9f\u00e9rencement<\/li>\n<li>Support multilingue pour une port\u00e9e mondiale<\/li>\n<li>Fonctionnalit\u00e9s de gamification pour am\u00e9liorer l&rsquo;engagement des \u00e9tudiants<\/li>\n<li>Prise en charge int\u00e9gr\u00e9e des quiz et des devoirs<\/li>\n<li>Int\u00e9gration transparente avec les extensions WordPress les plus populaires<\/li>\n<\/ul>\n","protected":false},"excerpt":{"rendered":"<p>D\u00e9couvrez Masteriyo PRO, la solution e-learning ultime con\u00e7ue pour r\u00e9volutionner votre exp\u00e9rience d&rsquo;enseignement en ligne. Gr\u00e2ce \u00e0 son interface intuitive, Masteriyo PRO simplifie la cr\u00e9ation et la gestion des cours, permettant aux enseignants de se concentrer sur la diffusion de contenus de haute qualit\u00e9. Cette plateforme performante s&rsquo;int\u00e8gre parfaitement aux outils les plus r\u00e9pandus, am\u00e9liorant ainsi l&rsquo;engagement des enseignants et des \u00e9tudiants. Profitez de fonctionnalit\u00e9s performantes telles que des quiz personnalisables, des analyses d\u00e9taill\u00e9es et des passerelles de paiement s\u00e9curis\u00e9es, pour une exp\u00e9rience compl\u00e8te et conviviale. Que vous soyez un enseignant exp\u00e9riment\u00e9 ou un novice en enseignement en ligne, Masteriyo PRO vous offre les outils n\u00e9cessaires pour r\u00e9ussir dans le paysage actuel de l&rsquo;apprentissage num\u00e9rique.<\/p>\n","protected":false},"featured_media":147116,"comment_status":"open","ping_status":"open","template":"","meta":[],"product_brand":[2791],"product_cat":[1181,1232,1186],"product_tag":[2792],"class_list":{"0":"post-142824","1":"product","2":"type-product","3":"status-publish","4":"has-post-thumbnail","6":"product_brand-masteriyo","7":"product_cat-plugins","8":"product_cat-social","9":"product_cat-wordpress-plugins","10":"product_tag-masteriyo","11":"member-discount","12":"discount-restricted","14":"first","15":"instock","16":"sale","17":"downloadable","18":"virtual","19":"sold-individually","20":"purchasable","21":"product-type-simple"},"_links":{"self":[{"href":"https:\/\/gpl-love.com\/fr\/wp-json\/wp\/v2\/product\/142824","targetHints":{"allow":["GET"]}}],"collection":[{"href":"https:\/\/gpl-love.com\/fr\/wp-json\/wp\/v2\/product"}],"about":[{"href":"https:\/\/gpl-love.com\/fr\/wp-json\/wp\/v2\/types\/product"}],"replies":[{"embeddable":true,"href":"https:\/\/gpl-love.com\/fr\/wp-json\/wp\/v2\/comments?post=142824"}],"wp:featuredmedia":[{"embeddable":true,"href":"https:\/\/gpl-love.com\/fr\/wp-json\/wp\/v2\/media\/147116"}],"wp:attachment":[{"href":"https:\/\/gpl-love.com\/fr\/wp-json\/wp\/v2\/media?parent=142824"}],"wp:term":[{"taxonomy":"product_brand","embeddable":true,"href":"https:\/\/gpl-love.com\/fr\/wp-json\/wp\/v2\/product_brand?post=142824"},{"taxonomy":"product_cat","embeddable":true,"href":"https:\/\/gpl-love.com\/fr\/wp-json\/wp\/v2\/product_cat?post=142824"},{"taxonomy":"product_tag","embeddable":true,"href":"https:\/\/gpl-love.com\/fr\/wp-json\/wp\/v2\/product_tag?post=142824"}],"curies":[{"name":"wp","href":"https:\/\/api.w.org\/{rel}","templated":true}]}}