{"id":142823,"date":"2025-05-06T00:00:00","date_gmt":"2025-05-05T22:00:00","guid":{"rendered":"https:\/\/gpl-love.com\/fr\/produit\/athletex-woocommerce-sport-equipment\/"},"modified":"2026-03-21T00:04:31","modified_gmt":"2026-03-20T23:04:31","slug":"athletex-woocommerce-sport-equipment","status":"publish","type":"product","link":"https:\/\/gpl-love.com\/fr\/produit\/athletex-woocommerce-sport-equipment\/","title":{"rendered":"Athletex WooCommerce Sport Equipment 1.1.0"},"content":{"rendered":"<h3>Athletex WooCommerce Sport Equipment Traits<\/h3>\n<p>D\u00e9couvrez le th\u00e8me WooCommerce Athletex pour \u00e9quipements sportifs\u00a0: la solution id\u00e9ale pour cr\u00e9er une boutique en ligne dynamique. Ce th\u00e8me WooCommerce d\u00e9di\u00e9 aux \u00e9quipements sportifs est con\u00e7u pour optimiser votre site e-commerce gr\u00e2ce \u00e0 une esth\u00e9tique moderne et \u00e9pur\u00e9e, ainsi qu&rsquo;\u00e0 des fonctionnalit\u00e9s performantes. Que vous lanciez une nouvelle entreprise d&rsquo;\u00e9quipements sportifs ou que vous redynamisiez une entreprise existante, le th\u00e8me Athletex constitue la base id\u00e9ale.<\/p>\n<p>Avec le th\u00e8me WooCommerce Athletex, vous pouvez pr\u00e9senter vos produits en toute simplicit\u00e9 gr\u00e2ce \u00e0 un design r\u00e9actif, adapt\u00e9 \u00e0 tous les appareils. Ce th\u00e8me WooCommerce d\u00e9di\u00e9 aux \u00e9quipements sportifs regorge de fonctionnalit\u00e9s personnalisables et d&rsquo;une navigation intuitive, garantissant une exp\u00e9rience d&rsquo;achat fluide \u00e0 vos clients.<\/p>\n<p>Optimisez votre boutique gr\u00e2ce aux outils SEO int\u00e9gr\u00e9s du th\u00e8me Athletex, con\u00e7us pour am\u00e9liorer votre classement dans les moteurs de recherche et g\u00e9n\u00e9rer du trafic. Son int\u00e9gration avec WooCommerce simplifie la gestion des stocks et le traitement des commandes. De plus, la compatibilit\u00e9 du th\u00e8me avec les extensions les plus populaires offre des possibilit\u00e9s de personnalisation infinies.<\/p>\n<ul>\n<li>Design adaptatif optimis\u00e9 pour diff\u00e9rents appareils<\/li>\n<li>Int\u00e9gration transparente avec WooCommerce pour des ventes en ligne simplifi\u00e9es<\/li>\n<li>Mod\u00e8les d&rsquo;\u00e9quipements sportifs pr\u00e9con\u00e7us pour une configuration rapide<\/li>\n<li>Options de mise en page personnalisables pour s&rsquo;adapter \u00e0 l&rsquo;identit\u00e9 de la marque<\/li>\n<li>Outils SEO int\u00e9gr\u00e9s pour une meilleure visibilit\u00e9 sur les moteurs de recherche<\/li>\n<li>Cr\u00e9ateur de pages convivial par glisser-d\u00e9poser<\/li>\n<li>Compatibilit\u00e9 avec les principales extensions WordPress<\/li>\n<li>Performances \u00e9lev\u00e9es et temps de chargement rapides<\/li>\n<li>Nombreux styles d&rsquo;en-t\u00eate et de pied de page<\/li>\n<li>Support d\u00e9di\u00e9 et mises \u00e0 jour r\u00e9guli\u00e8res du th\u00e8me<\/li>\n<\/ul>\n","protected":false},"excerpt":{"rendered":"<p>D\u00e9couvrez le th\u00e8me WooCommerce Athletex pour \u00e9quipements sportifs, la solution id\u00e9ale pour votre boutique en ligne d&rsquo;\u00e9quipements sportifs. Ce th\u00e8me dynamique s&rsquo;int\u00e8gre parfaitement \u00e0 WooCommerce et offre une plateforme robuste pour pr\u00e9senter et vendre vos produits. Son design \u00e9l\u00e9gant et moderne est id\u00e9al pour tous les passionn\u00e9s d&rsquo;\u00e9quipements sportifs. Gr\u00e2ce \u00e0 son interface intuitive, le th\u00e8me WooCommerce Athletex garantit une navigation facile et une exp\u00e9rience d&rsquo;achat fluide. Parfait pour tous les besoins d&rsquo;un th\u00e8me WooCommerce d\u00e9di\u00e9 aux \u00e9quipements sportifs, il am\u00e9liore l&rsquo;engagement des utilisateurs et booste les ventes.<\/p>\n","protected":false},"featured_media":147115,"comment_status":"open","ping_status":"open","template":"","meta":[],"product_brand":[2433],"product_cat":[1242,1212,1213],"product_tag":[1366],"class_list":{"0":"post-142823","1":"product","2":"type-product","3":"status-publish","4":"has-post-thumbnail","6":"product_brand-themeforest","7":"product_cat-creatif","8":"product_cat-themes","9":"product_cat-wordpress-themes","10":"product_tag-themeforest","11":"member-discount","12":"discount-restricted","14":"first","15":"instock","16":"sale","17":"downloadable","18":"virtual","19":"sold-individually","20":"purchasable","21":"product-type-simple"},"_links":{"self":[{"href":"https:\/\/gpl-love.com\/fr\/wp-json\/wp\/v2\/product\/142823","targetHints":{"allow":["GET"]}}],"collection":[{"href":"https:\/\/gpl-love.com\/fr\/wp-json\/wp\/v2\/product"}],"about":[{"href":"https:\/\/gpl-love.com\/fr\/wp-json\/wp\/v2\/types\/product"}],"replies":[{"embeddable":true,"href":"https:\/\/gpl-love.com\/fr\/wp-json\/wp\/v2\/comments?post=142823"}],"wp:featuredmedia":[{"embeddable":true,"href":"https:\/\/gpl-love.com\/fr\/wp-json\/wp\/v2\/media\/147115"}],"wp:attachment":[{"href":"https:\/\/gpl-love.com\/fr\/wp-json\/wp\/v2\/media?parent=142823"}],"wp:term":[{"taxonomy":"product_brand","embeddable":true,"href":"https:\/\/gpl-love.com\/fr\/wp-json\/wp\/v2\/product_brand?post=142823"},{"taxonomy":"product_cat","embeddable":true,"href":"https:\/\/gpl-love.com\/fr\/wp-json\/wp\/v2\/product_cat?post=142823"},{"taxonomy":"product_tag","embeddable":true,"href":"https:\/\/gpl-love.com\/fr\/wp-json\/wp\/v2\/product_tag?post=142823"}],"curies":[{"name":"wp","href":"https:\/\/api.w.org\/{rel}","templated":true}]}}