{"id":142822,"date":"2025-05-06T00:00:00","date_gmt":"2025-05-05T22:00:00","guid":{"rendered":"https:\/\/gpl-love.com\/fr\/produit\/paid-memberships-pro-payfast-gateway\/"},"modified":"2026-03-21T00:04:30","modified_gmt":"2026-03-20T23:04:30","slug":"paid-memberships-pro-payfast-gateway","status":"publish","type":"product","link":"https:\/\/gpl-love.com\/fr\/produit\/paid-memberships-pro-payfast-gateway\/","title":{"rendered":"Paid Memberships Pro PayFast Gateway 1.7.1"},"content":{"rendered":"<h3>Paid Memberships Pro PayFast Gateway Traits<\/h3>\n<p>Simplifiez vos transactions sur votre site d&rsquo;adh\u00e9sion gr\u00e2ce \u00e0 la passerelle PayFast pour Paid Memberships Pro. Cette int\u00e9gration robuste est con\u00e7ue pour simplifier vos processus de paiement et garantir une exp\u00e9rience utilisateur optimale. Que vous configuriez un nouveau site d&rsquo;adh\u00e9sion ou que vous optimisiez un site existant, la passerelle PayFast pour Paid Memberships Pro est la solution id\u00e9ale.<\/p>\n<p>Vous vous demandez comment utiliser PayFast avec Paid Memberships Pro\u00a0? Notre guide \u00e9tape par \u00e9tape vous explique comment configurer facilement PayFast avec Paid Memberships Pro et vous permet de g\u00e9rer vos cotisations en toute simplicit\u00e9. Gr\u00e2ce \u00e0 cette int\u00e9gration, vous acc\u00e9dez \u00e0 diverses options de paiement, am\u00e9liorant ainsi la flexibilit\u00e9 et la praticit\u00e9 de votre site.<\/p>\n<p>L&rsquo;int\u00e9gration PayFast pour Paid Memberships Pro est id\u00e9ale pour les sites d&rsquo;adh\u00e9sion \u00e0 la recherche d&rsquo;une passerelle de paiement fiable et efficace. De la configuration initiale aux transactions courantes, cette int\u00e9gration garantit le bon fonctionnement de votre site. D\u00e9couvrez les avantages de l&rsquo;int\u00e9gration PayFast pour les sites d&rsquo;adh\u00e9sion et optimisez vos capacit\u00e9s de traitement des paiements.<\/p>\n<ul>\n<li>Int\u00e9gration transparente avec Paid Memberships Pro<\/li>\n<li>Prise en charge de la passerelle de paiement PayFast pour les transactions<\/li>\n<li>Traitement s\u00e9curis\u00e9 des paiements<\/li>\n<li>Paiements d&rsquo;abonnement r\u00e9currents<\/li>\n<li>Options de paiement unique<\/li>\n<li>Param\u00e8tres personnalisables pour diff\u00e9rents niveaux d&rsquo;abonnement<\/li>\n<li>Compatible avec plusieurs devises<\/li>\n<li>Prise en charge int\u00e9gr\u00e9e du traitement des remboursements<\/li>\n<li>Installation et configuration simplifi\u00e9es<\/li>\n<li>Rapports d\u00e9taill\u00e9s des transactions et des paiements<\/li>\n<\/ul>\n","protected":false},"excerpt":{"rendered":"<p>Simplifiez vos transactions gr\u00e2ce \u00e0 l&rsquo;int\u00e9gration PayFast Gateway de Paid Memberships Pro. Configurez facilement PayFast avec Paid Memberships Pro pour optimiser les options de paiement de votre site d&rsquo;adh\u00e9sion. Cette puissante int\u00e9gration PayFast pour sites d&rsquo;adh\u00e9sion garantit des paiements s\u00e9curis\u00e9s et efficaces, adapt\u00e9s \u00e0 votre audience croissante. D\u00e9couvrez comment utiliser PayFast avec Paid Memberships Pro et optimisez votre exp\u00e9rience de paiement. Notre guide intuitif simplifie la configuration de Paid Memberships Pro PayFast, vous permettant de vous concentrer sur l&rsquo;essentiel\u00a0: vos membres.<\/p>\n","protected":false},"featured_media":147114,"comment_status":"open","ping_status":"open","template":"","meta":[],"product_brand":[2620],"product_cat":[1253,1181,1186],"product_tag":[2307],"class_list":{"0":"post-142822","1":"product","2":"type-product","3":"status-publish","4":"has-post-thumbnail","6":"product_brand-paid-memberships-pro","7":"product_cat-paiement","8":"product_cat-plugins","9":"product_cat-wordpress-plugins","10":"product_tag-paid-memberships-pro","11":"member-discount","12":"discount-restricted","14":"first","15":"instock","16":"sale","17":"downloadable","18":"virtual","19":"sold-individually","20":"purchasable","21":"product-type-simple"},"_links":{"self":[{"href":"https:\/\/gpl-love.com\/fr\/wp-json\/wp\/v2\/product\/142822","targetHints":{"allow":["GET"]}}],"collection":[{"href":"https:\/\/gpl-love.com\/fr\/wp-json\/wp\/v2\/product"}],"about":[{"href":"https:\/\/gpl-love.com\/fr\/wp-json\/wp\/v2\/types\/product"}],"replies":[{"embeddable":true,"href":"https:\/\/gpl-love.com\/fr\/wp-json\/wp\/v2\/comments?post=142822"}],"wp:featuredmedia":[{"embeddable":true,"href":"https:\/\/gpl-love.com\/fr\/wp-json\/wp\/v2\/media\/147114"}],"wp:attachment":[{"href":"https:\/\/gpl-love.com\/fr\/wp-json\/wp\/v2\/media?parent=142822"}],"wp:term":[{"taxonomy":"product_brand","embeddable":true,"href":"https:\/\/gpl-love.com\/fr\/wp-json\/wp\/v2\/product_brand?post=142822"},{"taxonomy":"product_cat","embeddable":true,"href":"https:\/\/gpl-love.com\/fr\/wp-json\/wp\/v2\/product_cat?post=142822"},{"taxonomy":"product_tag","embeddable":true,"href":"https:\/\/gpl-love.com\/fr\/wp-json\/wp\/v2\/product_tag?post=142822"}],"curies":[{"name":"wp","href":"https:\/\/api.w.org\/{rel}","templated":true}]}}