{"id":142821,"date":"2026-04-29T00:00:00","date_gmt":"2026-04-28T22:00:00","guid":{"rendered":"https:\/\/gpl-love.com\/fr\/produit\/social-engine-pro\/"},"modified":"2026-04-29T12:31:38","modified_gmt":"2026-04-29T10:31:38","slug":"social-engine-pro","status":"publish","type":"product","link":"https:\/\/gpl-love.com\/fr\/produit\/social-engine-pro\/","title":{"rendered":"Social Engine Pro 0.8.9"},"content":{"rendered":"<h3>Social Engine Pro Traits<\/h3>\n<p>Exploitez tout le potentiel de votre plateforme de r\u00e9seaux sociaux avec MeowApps Social Engine Pro. Con\u00e7u pour une int\u00e9gration fluide et un engagement maximal, ce moteur social de pointe est la solution id\u00e9ale pour cr\u00e9er des communaut\u00e9s en ligne dynamiques.<\/p>\n<p>Avec MeowApps Social Engine Pro, cr\u00e9ez, g\u00e9rez et d\u00e9veloppez facilement votre r\u00e9seau social gr\u00e2ce \u00e0 des fonctionnalit\u00e9s personnalisables qui s&rsquo;adaptent \u00e0 votre vision unique. Que vous lanciez une communaut\u00e9 de niche ou un r\u00e9seau \u00e0 grande \u00e9chelle, notre plateforme robuste offre la flexibilit\u00e9 et l&rsquo;\u00e9volutivit\u00e9 dont vous avez besoin.<\/p>\n<p>Parmi ses fonctionnalit\u00e9s cl\u00e9s, on trouve des outils de conception intuitifs, des analyses avanc\u00e9es et de puissantes options de gestion des utilisateurs, pour une personnalisation parfaite de votre r\u00e9seau. De plus, gr\u00e2ce \u00e0 une int\u00e9gration mobile fluide, votre communaut\u00e9 reste connect\u00e9e \u00e0 tout moment et en tout lieu.<\/p>\n<p>Notre \u00e9quipe d&rsquo;assistance d\u00e9di\u00e9e est toujours l\u00e0 pour vous aider et vous garantit toutes les ressources n\u00e9cessaires \u00e0 votre r\u00e9ussite. Id\u00e9al pour les entrepreneurs, les d\u00e9veloppeurs et les entreprises souhaitant cr\u00e9er des liens forts, MeowApps Social Engine Pro vous permet de cr\u00e9er un \u00e9cosyst\u00e8me social florissant.<\/p>\n<ul>\n<li>Plateforme de r\u00e9seautage social avanc\u00e9e<\/li>\n<li>Interface conviviale<\/li>\n<li>Th\u00e8mes et plugins personnalisables<\/li>\n<li>Fonctionnalit\u00e9s de chat et de messagerie en temps r\u00e9el<\/li>\n<li>Param\u00e8tres de s\u00e9curit\u00e9 et de confidentialit\u00e9 robustes<\/li>\n<li>Outils d&rsquo;analyse et de reporting complets<\/li>\n<li>Int\u00e9gration transparente avec des applications tierces<\/li>\n<li>Conception adapt\u00e9e aux mobiles<\/li>\n<li>Outils de gestion de communaut\u00e9<\/li>\n<li>Adaptable aux petites et grandes communaut\u00e9s<\/li>\n<\/ul>\n","protected":false},"excerpt":{"rendered":"<p>D\u00e9couvrez MeowApps Social Engine Pro, l&rsquo;outil ultime pour les passionn\u00e9s et les entreprises des r\u00e9seaux sociaux. Ce logiciel innovant permet aux utilisateurs de g\u00e9rer facilement plusieurs comptes, d&rsquo;optimiser l&rsquo;engagement et de simplifier la cr\u00e9ation de contenu. Avec MeowApps Social Engine Pro, vous pouvez facilement programmer des publications, analyser les indicateurs de performance et personnaliser votre tableau de bord pour une productivit\u00e9 optimale. Con\u00e7ue pour \u00eatre simple d&rsquo;utilisation, notre plateforme optimise votre strat\u00e9gie sur les r\u00e9seaux sociaux, vous fait gagner du temps et maximise votre port\u00e9e. Optimisez votre pr\u00e9sence en ligne d\u00e8s aujourd&rsquo;hui avec MeowApps Social Engine Pro, la solution id\u00e9ale pour une gestion compl\u00e8te de vos r\u00e9seaux sociaux.<\/p>\n","protected":false},"featured_media":147113,"comment_status":"open","ping_status":"open","template":"","meta":[],"product_brand":[2583],"product_cat":[1207,1181,1186],"product_tag":[1617],"class_list":{"0":"post-142821","1":"product","2":"type-product","3":"status-publish","4":"has-post-thumbnail","6":"product_brand-meow-apps","7":"product_cat-commercialisation-wordpress-plugins","8":"product_cat-plugins","9":"product_cat-wordpress-plugins","10":"product_tag-meow-apps","11":"member-discount","12":"discount-restricted","14":"first","15":"instock","16":"sale","17":"downloadable","18":"virtual","19":"sold-individually","20":"purchasable","21":"product-type-simple"},"_links":{"self":[{"href":"https:\/\/gpl-love.com\/fr\/wp-json\/wp\/v2\/product\/142821","targetHints":{"allow":["GET"]}}],"collection":[{"href":"https:\/\/gpl-love.com\/fr\/wp-json\/wp\/v2\/product"}],"about":[{"href":"https:\/\/gpl-love.com\/fr\/wp-json\/wp\/v2\/types\/product"}],"replies":[{"embeddable":true,"href":"https:\/\/gpl-love.com\/fr\/wp-json\/wp\/v2\/comments?post=142821"}],"wp:featuredmedia":[{"embeddable":true,"href":"https:\/\/gpl-love.com\/fr\/wp-json\/wp\/v2\/media\/147113"}],"wp:attachment":[{"href":"https:\/\/gpl-love.com\/fr\/wp-json\/wp\/v2\/media?parent=142821"}],"wp:term":[{"taxonomy":"product_brand","embeddable":true,"href":"https:\/\/gpl-love.com\/fr\/wp-json\/wp\/v2\/product_brand?post=142821"},{"taxonomy":"product_cat","embeddable":true,"href":"https:\/\/gpl-love.com\/fr\/wp-json\/wp\/v2\/product_cat?post=142821"},{"taxonomy":"product_tag","embeddable":true,"href":"https:\/\/gpl-love.com\/fr\/wp-json\/wp\/v2\/product_tag?post=142821"}],"curies":[{"name":"wp","href":"https:\/\/api.w.org\/{rel}","templated":true}]}}