{"id":142820,"date":"2025-11-20T00:00:00","date_gmt":"2025-11-19T23:00:00","guid":{"rendered":"https:\/\/gpl-love.com\/fr\/produit\/gravity-perks-limit-dates\/"},"modified":"2026-03-21T00:04:27","modified_gmt":"2026-03-20T23:04:27","slug":"gravity-perks-limit-dates","status":"publish","type":"product","link":"https:\/\/gpl-love.com\/fr\/produit\/gravity-perks-limit-dates\/","title":{"rendered":"Gravity Perks Limit Dates 1.1.35"},"content":{"rendered":"<h3>Gravity Perks Limit Dates Traits<\/h3>\n<p>D\u00e9couvrez Gravity Perks Limit Dates, l&rsquo;extension WordPress ultime\u00a0! Une solution r\u00e9volutionnaire pour la gestion des champs de date dans Gravity Forms. Id\u00e9ale pour les coordinateurs d&rsquo;\u00e9v\u00e9nements, les planificateurs de rendez-vous et tous ceux qui ont besoin d&rsquo;un contr\u00f4le pr\u00e9cis sur les saisies de formulaires, cette extension vous permet de d\u00e9finir facilement des restrictions de date sp\u00e9cifiques.<\/p>\n<p>Avec Gravity Perks Limit Dates, d\u00e9finissez facilement des dates de d\u00e9but et de fin, d\u00e9sactivez les week-ends et m\u00eame les jours f\u00e9ri\u00e9s en quelques clics. Fini le suivi manuel\u00a0: automatisez vos processus et am\u00e9liorez l&rsquo;exp\u00e9rience utilisateur en vous assurant que les soumissions de formulaires correspondent \u00e0 votre planning.<\/p>\n<p>Cet outil puissant s&rsquo;int\u00e8gre parfaitement \u00e0 votre configuration Gravity Forms existante, offrant une interface conviviale qui ne n\u00e9cessite aucune comp\u00e9tence en codage. Que vous dirigiez une petite entreprise ou que vous g\u00e9riez des op\u00e9rations \u00e0 grande \u00e9chelle, Gravity Perks Limit Dates optimise votre flux de travail en \u00e9vitant les saisies de date invalides et en r\u00e9duisant les erreurs.<\/p>\n<ul>\n<li>Limite la s\u00e9lection de dates \u00e0 des p\u00e9riodes sp\u00e9cifiques<\/li>\n<li>Permet de d\u00e9finir des dates de d\u00e9but et de fin pour la disponibilit\u00e9<\/li>\n<li>Prend en charge les dates d&rsquo;interdiction pour les jours f\u00e9ri\u00e9s ou les \u00e9v\u00e9nements sp\u00e9ciaux<\/li>\n<li>Propose des ajustements dynamiques de plages de dates via une logique conditionnelle<\/li>\n<li>Compatible avec Gravity Forms<\/li>\n<li>Fournit une interface conviviale pour une configuration facile<\/li>\n<li>Permet de restreindre la s\u00e9lection de dates en fonction des saisies utilisateur<\/li>\n<li>Permet des messages d&rsquo;erreur personnalis\u00e9s pour les s\u00e9lections de dates non valides<\/li>\n<li>Prend en charge l&rsquo;int\u00e9gration avec d&rsquo;autres modules compl\u00e9mentaires Gravity Perks<\/li>\n<li>Propose une validation automatique des dates pour les soumissions de formulaires<\/li>\n<\/ul>\n","protected":false},"excerpt":{"rendered":"<p>D\u00e9couvrez Gravity Perks Limit Dates, la solution ultime pour g\u00e9rer les champs de date dans vos formulaires\u00a0! Ce puissant module compl\u00e9mentaire Gravity Forms vous permet de contr\u00f4ler facilement la disponibilit\u00e9 des dates, garantissant ainsi que les utilisateurs ne s\u00e9lectionnent que les dates autoris\u00e9es. Que vous g\u00e9riez des r\u00e9servations de rendez-vous ou des inscriptions \u00e0 des \u00e9v\u00e9nements, vous b\u00e9n\u00e9ficierez de son interface intuitive et de son int\u00e9gration fluide. Avec Gravity Perks Limit Dates, am\u00e9liorez l&rsquo;exp\u00e9rience utilisateur en \u00e9vitant les conflits de dates et en garantissant une planification pr\u00e9cise.<\/p>\n","protected":false},"featured_media":147112,"comment_status":"open","ping_status":"open","template":"","meta":[],"product_brand":[2566],"product_cat":[1189,1181,1186],"product_tag":[2373],"class_list":{"0":"post-142820","1":"product","2":"type-product","3":"status-publish","4":"has-post-thumbnail","6":"product_brand-gravity-perks","7":"product_cat-personnalisation","8":"product_cat-plugins","9":"product_cat-wordpress-plugins","10":"product_tag-gravity-perks","11":"member-discount","12":"discount-restricted","14":"first","15":"instock","16":"sale","17":"downloadable","18":"virtual","19":"sold-individually","20":"purchasable","21":"product-type-simple"},"_links":{"self":[{"href":"https:\/\/gpl-love.com\/fr\/wp-json\/wp\/v2\/product\/142820","targetHints":{"allow":["GET"]}}],"collection":[{"href":"https:\/\/gpl-love.com\/fr\/wp-json\/wp\/v2\/product"}],"about":[{"href":"https:\/\/gpl-love.com\/fr\/wp-json\/wp\/v2\/types\/product"}],"replies":[{"embeddable":true,"href":"https:\/\/gpl-love.com\/fr\/wp-json\/wp\/v2\/comments?post=142820"}],"wp:featuredmedia":[{"embeddable":true,"href":"https:\/\/gpl-love.com\/fr\/wp-json\/wp\/v2\/media\/147112"}],"wp:attachment":[{"href":"https:\/\/gpl-love.com\/fr\/wp-json\/wp\/v2\/media?parent=142820"}],"wp:term":[{"taxonomy":"product_brand","embeddable":true,"href":"https:\/\/gpl-love.com\/fr\/wp-json\/wp\/v2\/product_brand?post=142820"},{"taxonomy":"product_cat","embeddable":true,"href":"https:\/\/gpl-love.com\/fr\/wp-json\/wp\/v2\/product_cat?post=142820"},{"taxonomy":"product_tag","embeddable":true,"href":"https:\/\/gpl-love.com\/fr\/wp-json\/wp\/v2\/product_tag?post=142820"}],"curies":[{"name":"wp","href":"https:\/\/api.w.org\/{rel}","templated":true}]}}