{"id":142819,"date":"2025-12-18T00:00:00","date_gmt":"2025-12-17T23:00:00","guid":{"rendered":"https:\/\/gpl-love.com\/fr\/produit\/modern-events-calendar-elementor-shortcode-designer\/"},"modified":"2026-03-21T00:04:26","modified_gmt":"2026-03-20T23:04:26","slug":"modern-events-calendar-elementor-shortcode-designer","status":"publish","type":"product","link":"https:\/\/gpl-love.com\/fr\/produit\/modern-events-calendar-elementor-shortcode-designer\/","title":{"rendered":"Modern Events Calendar Elementor Shortcode Designer 1.5.0"},"content":{"rendered":"<h3>Modern Events Calendar Elementor Shortcode Designer Traits<\/h3>\n<p>D\u00e9couvrez la solution id\u00e9ale pour cr\u00e9er des affichages \u00e9v\u00e9nementiels \u00e9poustouflants avec le concepteur de codes courts Elementor pour le calendrier d&rsquo;\u00e9v\u00e9nements moderne. Cet outil puissant s&rsquo;int\u00e8gre parfaitement \u00e0 Elementor, vous permettant de concevoir et de personnaliser facilement vos listes d&rsquo;\u00e9v\u00e9nements. Que vous organisiez des conf\u00e9rences d&rsquo;entreprise, des festivals de musique anim\u00e9s ou des ateliers intimistes, notre concepteur de codes courts vous permet de cr\u00e9er des pr\u00e9sentations uniques et attrayantes.<\/p>\n<p>Gr\u00e2ce \u00e0 son interface intuitive, le concepteur de codes courts Elementor pour le calendrier d&rsquo;\u00e9v\u00e9nements moderne vous permet de modifier la mise en page, les couleurs et les polices pour qu&rsquo;elles correspondent parfaitement \u00e0 l&rsquo;esth\u00e9tique de votre marque. Pas de comp\u00e9tences en codage\u00a0? Aucun probl\u00e8me\u00a0! Notre fonctionnalit\u00e9 glisser-d\u00e9poser garantit une exp\u00e9rience fluide et accessible \u00e0 tous les utilisateurs. Am\u00e9liorez l&rsquo;engagement des utilisateurs gr\u00e2ce \u00e0 des designs r\u00e9actifs et impeccables sur tous les appareils.<\/p>\n<p>Optimisez le r\u00e9f\u00e9rencement de votre site web et attirez plus de participants gr\u00e2ce \u00e0 nos fonctionnalit\u00e9s de calendrier dynamique. Pr\u00e9sentez les \u00e9v\u00e9nements \u00e0 venir, g\u00e9rez les r\u00e9servations et diffusez des mises \u00e0 jour en temps r\u00e9el sans effort. Transformez votre exp\u00e9rience de gestion d&rsquo;\u00e9v\u00e9nements d\u00e8s aujourd&rsquo;hui avec le concepteur de codes courts Elementor pour le calendrier d&rsquo;\u00e9v\u00e9nements moderne, o\u00f9 cr\u00e9ativit\u00e9 et fonctionnalit\u00e9 se rencontrent.<\/p>\n<ul>\n<li>Int\u00e9gration transparente avec Elementor pour une personnalisation facile du design<\/li>\n<li>Interface conviviale pour la cr\u00e9ation et la gestion d&rsquo;\u00e9v\u00e9nements<\/li>\n<li>Fonctionnalit\u00e9 glisser-d\u00e9poser pour une mise en page simplifi\u00e9e<\/li>\n<li>Options de shortcodes personnalisables pour un affichage flexible<\/li>\n<li>Conception responsive pour une compatibilit\u00e9 sur tous les appareils<\/li>\n<li>Options de style avanc\u00e9es pour des pr\u00e9sentations d&rsquo;\u00e9v\u00e9nements uniques<\/li>\n<li>Fonctionnalit\u00e9 d&rsquo;aper\u00e7u en temps r\u00e9el pour visualiser instantan\u00e9ment les modifications<\/li>\n<li>Prise en charge des \u00e9v\u00e9nements r\u00e9currents et de plusieurs cat\u00e9gories d&rsquo;\u00e9v\u00e9nements<\/li>\n<li>Int\u00e9gration \u00e0 Google Maps pour l&rsquo;affichage du lieu des \u00e9v\u00e9nements<\/li>\n<li>Documentation compl\u00e8te et assistance pour le d\u00e9pannage<\/li>\n<\/ul>\n","protected":false},"excerpt":{"rendered":"<p>D\u00e9couvrez le concepteur de shortcodes Elementor pour calendrier d&rsquo;\u00e9v\u00e9nements moderne, un outil r\u00e9volutionnaire qui transforme la gestion d&rsquo;\u00e9v\u00e9nements sur votre site web. Int\u00e9grez facilement des listes d&rsquo;\u00e9v\u00e9nements \u00e9l\u00e9gantes et personnalisables gr\u00e2ce \u00e0 Elementor, am\u00e9liorant ainsi les fonctionnalit\u00e9s et l&rsquo;attrait de votre site. Ce concepteur intuitif vous permet de cr\u00e9er facilement des affichages d&rsquo;\u00e9v\u00e9nements \u00e9poustouflants qui captivent l&rsquo;attention et engagent votre public. Gr\u00e2ce \u00e0 son interface intuitive, vous pouvez mettre en avant les fonctionnalit\u00e9s et avantages cl\u00e9s, garantissant ainsi la mise en valeur optimale de vos \u00e9v\u00e9nements. Que vous organisiez des ateliers, des conf\u00e9rences ou des \u00e9v\u00e9nements conviviaux, notre solution est con\u00e7ue pour attirer et informer vos clients potentiels et rendre vos \u00e9v\u00e9nements inoubliables.<\/p>\n","protected":false},"featured_media":147111,"comment_status":"open","ping_status":"open","template":"","meta":[],"product_brand":[2504],"product_cat":[1189,1181,1186],"product_tag":[1394],"class_list":{"0":"post-142819","1":"product","2":"type-product","3":"status-publish","4":"has-post-thumbnail","6":"product_brand-webnus","7":"product_cat-personnalisation","8":"product_cat-plugins","9":"product_cat-wordpress-plugins","10":"product_tag-webnus","11":"member-discount","12":"discount-restricted","14":"first","15":"instock","16":"sale","17":"downloadable","18":"virtual","19":"sold-individually","20":"purchasable","21":"product-type-simple"},"_links":{"self":[{"href":"https:\/\/gpl-love.com\/fr\/wp-json\/wp\/v2\/product\/142819","targetHints":{"allow":["GET"]}}],"collection":[{"href":"https:\/\/gpl-love.com\/fr\/wp-json\/wp\/v2\/product"}],"about":[{"href":"https:\/\/gpl-love.com\/fr\/wp-json\/wp\/v2\/types\/product"}],"replies":[{"embeddable":true,"href":"https:\/\/gpl-love.com\/fr\/wp-json\/wp\/v2\/comments?post=142819"}],"wp:featuredmedia":[{"embeddable":true,"href":"https:\/\/gpl-love.com\/fr\/wp-json\/wp\/v2\/media\/147111"}],"wp:attachment":[{"href":"https:\/\/gpl-love.com\/fr\/wp-json\/wp\/v2\/media?parent=142819"}],"wp:term":[{"taxonomy":"product_brand","embeddable":true,"href":"https:\/\/gpl-love.com\/fr\/wp-json\/wp\/v2\/product_brand?post=142819"},{"taxonomy":"product_cat","embeddable":true,"href":"https:\/\/gpl-love.com\/fr\/wp-json\/wp\/v2\/product_cat?post=142819"},{"taxonomy":"product_tag","embeddable":true,"href":"https:\/\/gpl-love.com\/fr\/wp-json\/wp\/v2\/product_tag?post=142819"}],"curies":[{"name":"wp","href":"https:\/\/api.w.org\/{rel}","templated":true}]}}