{"id":142810,"date":"2025-05-02T00:00:00","date_gmt":"2025-05-01T22:00:00","guid":{"rendered":"https:\/\/gpl-love.com\/fr\/produit\/fluent-forms-signature-4-3-11\/"},"modified":"2026-03-21T00:04:25","modified_gmt":"2026-03-20T23:04:25","slug":"fluent-forms-signature-4-3-11","status":"publish","type":"product","link":"https:\/\/gpl-love.com\/fr\/produit\/fluent-forms-signature-4-3-11\/","title":{"rendered":"Fluent Forms Signature 4.3.11"},"content":{"rendered":"<h3>Fluent Forms Signature Traits<\/h3>\n<p>D\u00e9couvrez Fluent Forms Signature\u00a0: la solution ultime pour des interactions num\u00e9riques fluides. Que vous soyez chef d&rsquo;entreprise ou travailleur ind\u00e9pendant, la saisie de signatures n&rsquo;a jamais \u00e9t\u00e9 aussi simple. Avec Fluent Forms Signature, dites adieu aux lourdeurs administratives et profitez de l&rsquo;efficacit\u00e9 et du professionnalisme.<\/p>\n<p>Notre fonctionnalit\u00e9 de signature avanc\u00e9e s&rsquo;int\u00e8gre parfaitement \u00e0 Fluent Forms, vous permettant de collecter des signatures \u00e9lectroniques directement depuis vos formulaires. Id\u00e9al pour les contrats, accords et approbations, cet outil vous fait gagner du temps et optimise votre flux de travail. Con\u00e7u pour \u00eatre intuitif, il permet aux utilisateurs de signer depuis n&rsquo;importe quel appareil, garantissant une exp\u00e9rience fluide \u00e0 chaque fois.<\/p>\n<p>La s\u00e9curit\u00e9 est notre priorit\u00e9 absolue. Fluent Forms Signature garantit le chiffrement de toutes les signatures, pr\u00e9servant ainsi la s\u00e9curit\u00e9 de vos donn\u00e9es et garantissant leur conformit\u00e9 aux normes du secteur. De plus, notre \u00e9quipe d&rsquo;assistance r\u00e9active est toujours l\u00e0 pour vous aider.<\/p>\n<p>Optimisez la gestion de vos documents d\u00e8s aujourd&rsquo;hui avec Fluent Forms Signature. Dynamisez vos op\u00e9rations commerciales et impressionnez vos clients avec une solution moderne et d\u00e9mat\u00e9rialis\u00e9e. Ne vous laissez pas freiner par des m\u00e9thodes obsol\u00e8tes\u00a0: adoptez l&rsquo;avenir des signatures num\u00e9riques\u00a0!<\/p>\n<ul>\n<li>Int\u00e9gration transparente avec Fluent Forms<\/li>\n<li>Champ de signature num\u00e9rique convivial<\/li>\n<li>Prise en charge des appareils tactiles pour une signature simplifi\u00e9e<\/li>\n<li>Apparence de signature personnalisable<\/li>\n<li>Traitement s\u00e9curis\u00e9 et chiffr\u00e9 des donn\u00e9es<\/li>\n<li>Compatible avec divers formats de documents<\/li>\n<li>V\u00e9rification de signature en temps r\u00e9el<\/li>\n<li>Conception mobile pour une utilisation nomade<\/li>\n<li>Installation et configuration simplifi\u00e9es<\/li>\n<li>Mises \u00e0 jour r\u00e9guli\u00e8res et assistance client<\/li>\n<\/ul>\n","protected":false},"excerpt":{"rendered":"<p>D\u00e9couvrez Fluent Forms Signature, la solution ultime pour des transactions num\u00e9riques fluides et s\u00e9curis\u00e9es. Gr\u00e2ce \u00e0 cet outil innovant, collectez facilement des signatures \u00e9lectroniques, rationalisez vos flux de travail et am\u00e9liorez votre productivit\u00e9. Con\u00e7u pour les entreprises de toutes tailles, Fluent Forms Signature offre une interface conviviale et des fonctionnalit\u00e9s de s\u00e9curit\u00e9 robustes pour prot\u00e9ger vos donn\u00e9es. Profitez de la simplicit\u00e9 d&rsquo;int\u00e9gration avec vos syst\u00e8mes existants et de la flexibilit\u00e9 de personnalisation des formulaires selon vos besoins. Que vous concluiez des affaires ou g\u00e9riez des contrats, Fluent Forms Signature garantit un processus fluide et efficace. Dynamisez votre entreprise avec cet outil essentiel d\u00e8s aujourd&rsquo;hui.<\/p>\n","protected":false},"featured_media":147110,"comment_status":"open","ping_status":"open","template":"","meta":[],"product_brand":[2606],"product_cat":[1191,1181,1186],"product_tag":[1568],"class_list":{"0":"post-142810","1":"product","2":"type-product","3":"status-publish","4":"has-post-thumbnail","6":"product_brand-manage-ninja","7":"product_cat-formes","8":"product_cat-plugins","9":"product_cat-wordpress-plugins","10":"product_tag-manage-ninja","11":"member-discount","12":"discount-restricted","14":"first","15":"instock","16":"sale","17":"downloadable","18":"virtual","19":"sold-individually","20":"purchasable","21":"product-type-simple"},"_links":{"self":[{"href":"https:\/\/gpl-love.com\/fr\/wp-json\/wp\/v2\/product\/142810","targetHints":{"allow":["GET"]}}],"collection":[{"href":"https:\/\/gpl-love.com\/fr\/wp-json\/wp\/v2\/product"}],"about":[{"href":"https:\/\/gpl-love.com\/fr\/wp-json\/wp\/v2\/types\/product"}],"replies":[{"embeddable":true,"href":"https:\/\/gpl-love.com\/fr\/wp-json\/wp\/v2\/comments?post=142810"}],"wp:featuredmedia":[{"embeddable":true,"href":"https:\/\/gpl-love.com\/fr\/wp-json\/wp\/v2\/media\/147110"}],"wp:attachment":[{"href":"https:\/\/gpl-love.com\/fr\/wp-json\/wp\/v2\/media?parent=142810"}],"wp:term":[{"taxonomy":"product_brand","embeddable":true,"href":"https:\/\/gpl-love.com\/fr\/wp-json\/wp\/v2\/product_brand?post=142810"},{"taxonomy":"product_cat","embeddable":true,"href":"https:\/\/gpl-love.com\/fr\/wp-json\/wp\/v2\/product_cat?post=142810"},{"taxonomy":"product_tag","embeddable":true,"href":"https:\/\/gpl-love.com\/fr\/wp-json\/wp\/v2\/product_tag?post=142810"}],"curies":[{"name":"wp","href":"https:\/\/api.w.org\/{rel}","templated":true}]}}