{"id":142807,"date":"2026-02-18T00:00:00","date_gmt":"2026-02-17T23:00:00","guid":{"rendered":"https:\/\/gpl-love.com\/fr\/produit\/fluent-booking-pro-1-8-0\/"},"modified":"2026-03-21T00:04:21","modified_gmt":"2026-03-20T23:04:21","slug":"fluent-booking-pro-1-8-0","status":"publish","type":"product","link":"https:\/\/gpl-love.com\/fr\/produit\/fluent-booking-pro-1-8-0\/","title":{"rendered":"Fluent Booking Pro 2.0.05"},"content":{"rendered":"<h3>Fluent Booking Pro Traits<\/h3>\n<p>Simplifiez la prise de rendez-vous avec Fluent Booking Pro, l&rsquo;outil ultime con\u00e7u pour une gestion fluide de votre agenda. Ce logiciel de r\u00e9servation intuitif est id\u00e9al pour les entreprises de toutes tailles et offre des fonctionnalit\u00e9s qui am\u00e9liorent la productivit\u00e9 et la satisfaction client. Dites adieu aux doubles r\u00e9servations et aux plannings chaotiques\u00a0: Fluent Booking Pro g\u00e8re tout sans effort.<\/p>\n<p>Gr\u00e2ce \u00e0 son interface intuitive, vous pouvez personnaliser les pages de r\u00e9servation, automatiser les confirmations et envoyer des rappels pour ne manquer aucun rendez-vous. Que vous soyez entrepreneur individuel ou que vous g\u00e9riez une grande \u00e9quipe, cette solution de planification s&rsquo;adapte \u00e0 vos besoins.<\/p>\n<p>Fluent Booking Pro s&rsquo;int\u00e8gre parfaitement aux calendriers et applications les plus populaires, ce qui en fait un outil polyvalent \u00e0 votre bo\u00eete \u00e0 outils. Il ne s&rsquo;agit pas seulement de r\u00e9server, mais de cr\u00e9er une exp\u00e9rience professionnelle et organis\u00e9e pour vos clients. Profitez de possibilit\u00e9s de r\u00e9servation en ligne 24h\/24 et 7j\/7 pour permettre \u00e0 vos clients de r\u00e9server \u00e0 leur convenance.<\/p>\n<p>Con\u00e7u pour l&rsquo;efficacit\u00e9, Fluent Booking Pro optimise la productivit\u00e9 de votre entreprise et renforce l&rsquo;engagement client.<\/p>\n<ul>\n<li>Syst\u00e8me de planification avanc\u00e9 pour la gestion des rendez-vous<\/li>\n<li>Interface conviviale pour une navigation fluide<\/li>\n<li>Formulaires de r\u00e9servation personnalisables pour une exp\u00e9rience utilisateur sur mesure<\/li>\n<li>Traitement des paiements int\u00e9gr\u00e9 pour des transactions s\u00e9curis\u00e9es<\/li>\n<li>Rappels et notifications automatis\u00e9s pour r\u00e9duire les absences<\/li>\n<li>Acc\u00e8s multiplateforme pour ordinateurs et appareils mobiles<\/li>\n<li>Outils d&rsquo;analyse et de reporting pour une meilleure visibilit\u00e9 de l&rsquo;entreprise<\/li>\n<li>Support multilingue pour une accessibilit\u00e9 mondiale<\/li>\n<li>Syst\u00e8me de gestion client pour le suivi des informations clients<\/li>\n<li>Synchronisation avec les applications de calendrier les plus courantes pour une gestion optimis\u00e9e<\/li>\n<\/ul>\n","protected":false},"excerpt":{"rendered":"<p>D\u00e9couvrez Fluent Booking Pro, la solution ultime pour une prise de rendez-vous fluide. Con\u00e7u pour l&rsquo;efficacit\u00e9, ce puissant logiciel de r\u00e9servation simplifie vos r\u00e9servations. Profitez d&rsquo;un confort in\u00e9gal\u00e9 gr\u00e2ce aux mises \u00e0 jour en temps r\u00e9el et aux param\u00e8tres personnalisables, garantissant le bon fonctionnement de votre entreprise. Que vous dirigiez un spa, un salon ou un cabinet de conseil, Fluent Booking Pro s&rsquo;adapte \u00e0 vos besoins et am\u00e9liore la satisfaction client. Son interface intuitive et ses analyses performantes vous fournissent des informations pr\u00e9cieuses pour optimiser vos op\u00e9rations. Optimisez votre processus de r\u00e9servation avec Fluent Booking Pro, o\u00f9 innovation rime avec simplicit\u00e9. Lib\u00e9rez d\u00e8s aujourd&rsquo;hui le potentiel de votre entreprise gr\u00e2ce \u00e0 cet outil de planification de pointe.<\/p>\n","protected":false},"featured_media":147107,"comment_status":"open","ping_status":"open","template":"","meta":[],"product_brand":[2606],"product_cat":[1191,1181,1186],"product_tag":[1568],"class_list":{"0":"post-142807","1":"product","2":"type-product","3":"status-publish","4":"has-post-thumbnail","6":"product_brand-manage-ninja","7":"product_cat-formes","8":"product_cat-plugins","9":"product_cat-wordpress-plugins","10":"product_tag-manage-ninja","11":"member-discount","12":"discount-restricted","14":"first","15":"instock","16":"sale","17":"downloadable","18":"virtual","19":"sold-individually","20":"purchasable","21":"product-type-simple"},"_links":{"self":[{"href":"https:\/\/gpl-love.com\/fr\/wp-json\/wp\/v2\/product\/142807","targetHints":{"allow":["GET"]}}],"collection":[{"href":"https:\/\/gpl-love.com\/fr\/wp-json\/wp\/v2\/product"}],"about":[{"href":"https:\/\/gpl-love.com\/fr\/wp-json\/wp\/v2\/types\/product"}],"replies":[{"embeddable":true,"href":"https:\/\/gpl-love.com\/fr\/wp-json\/wp\/v2\/comments?post=142807"}],"wp:featuredmedia":[{"embeddable":true,"href":"https:\/\/gpl-love.com\/fr\/wp-json\/wp\/v2\/media\/147107"}],"wp:attachment":[{"href":"https:\/\/gpl-love.com\/fr\/wp-json\/wp\/v2\/media?parent=142807"}],"wp:term":[{"taxonomy":"product_brand","embeddable":true,"href":"https:\/\/gpl-love.com\/fr\/wp-json\/wp\/v2\/product_brand?post=142807"},{"taxonomy":"product_cat","embeddable":true,"href":"https:\/\/gpl-love.com\/fr\/wp-json\/wp\/v2\/product_cat?post=142807"},{"taxonomy":"product_tag","embeddable":true,"href":"https:\/\/gpl-love.com\/fr\/wp-json\/wp\/v2\/product_tag?post=142807"}],"curies":[{"name":"wp","href":"https:\/\/api.w.org\/{rel}","templated":true}]}}