{"id":142805,"date":"2026-03-20T00:00:00","date_gmt":"2026-03-19T23:00:00","guid":{"rendered":"https:\/\/gpl-love.com\/fr\/produit\/woocommerce-checkout-manager-pro-7-5-1\/"},"modified":"2026-03-21T00:04:19","modified_gmt":"2026-03-20T23:04:19","slug":"woocommerce-checkout-manager-pro-7-5-1","status":"publish","type":"product","link":"https:\/\/gpl-love.com\/fr\/produit\/woocommerce-checkout-manager-pro-7-5-1\/","title":{"rendered":"WooCommerce Checkout Manager Pro 7.6.4"},"content":{"rendered":"<h3>WooCommerce Checkout Manager Pro Traits<\/h3>\n<p>Optimisez votre exp\u00e9rience e-commerce avec WooCommerce Checkout Manager Pro, la solution ultime pour personnaliser votre processus de paiement. Con\u00e7u pour une utilisation intuitive, ce puissant plugin vous permet d&rsquo;ajouter, de modifier et de r\u00e9organiser facilement les champs de paiement. Am\u00e9liorez la satisfaction client en personnalisant l&rsquo;exp\u00e9rience de paiement pour refl\u00e9ter l&rsquo;identit\u00e9 unique de votre marque.<\/p>\n<p>Avec WooCommerce Checkout Manager Pro, rationalisez votre flux de travail et boostez vos taux de conversion en collectant uniquement les informations n\u00e9cessaires. Ce plugin premium prend en charge les champs conditionnels, vous permettant d&rsquo;afficher des champs sp\u00e9cifiques en fonction des saisies de l&rsquo;utilisateur, garantissant ainsi un parcours utilisateur fluide.<\/p>\n<p>Optimisez les performances de votre boutique gr\u00e2ce \u00e0 des fonctionnalit\u00e9s avanc\u00e9es telles que la validation des champs, les types de champs personnalis\u00e9s et la compatibilit\u00e9 avec les passerelles de paiement les plus populaires. Que vous vendiez des produits physiques, des t\u00e9l\u00e9chargements num\u00e9riques ou des services d&rsquo;abonnement, WooCommerce Checkout Manager Pro s&rsquo;adapte \u00e0 vos besoins.<\/p>\n<p>Facile \u00e0 installer et \u00e0 configurer, ce plugin s&rsquo;int\u00e8gre parfaitement \u00e0 votre configuration WooCommerce existante, vous faisant gagner du temps et des efforts.<\/p>\n<ul>\n<li>Champs de paiement personnalisables<\/li>\n<li>Affichage conditionnel des champs<\/li>\n<li>Ordre des champs par glisser-d\u00e9poser<\/li>\n<li>Prise en charge de types de champs suppl\u00e9mentaires<\/li>\n<li>Int\u00e9gration aux passerelles de paiement les plus courantes<\/li>\n<li>Option de rendre les champs obligatoires ou facultatifs<\/li>\n<li>Support multilingue<\/li>\n<li>Compatibilit\u00e9 avec les th\u00e8mes et plugins WooCommerce<\/li>\n<li>Exp\u00e9rience de paiement am\u00e9lior\u00e9e pour les clients<\/li>\n<li>Options d\u00e9taill\u00e9es de validation des champs<\/li>\n<\/ul>\n","protected":false},"excerpt":{"rendered":"<p>D\u00e9couvrez WooCommerce Checkout Manager Pro, la solution ultime pour optimiser le processus de paiement de votre boutique en ligne. Cet outil performant vous permet de personnaliser et de g\u00e9rer facilement vos champs de paiement, am\u00e9liorant ainsi l&rsquo;exp\u00e9rience client et augmentant vos taux de conversion. Gr\u00e2ce \u00e0 des fonctionnalit\u00e9s telles que la gestion des champs par glisser-d\u00e9poser, les champs conditionnels et les analyses avanc\u00e9es, vous ma\u00eetrisez totalement votre page de paiement. WooCommerce Checkout Manager Pro s&rsquo;int\u00e8gre parfaitement \u00e0 votre boutique existante, garantissant une transition fluide et une interface intuitive. Dynamisez votre activit\u00e9 e-commerce en adaptant le processus de paiement aux besoins de vos clients, en r\u00e9duisant les abandons de panier et en augmentant vos ventes.<\/p>\n","protected":false},"featured_media":147105,"comment_status":"open","ping_status":"open","template":"","meta":[],"product_brand":[2690],"product_cat":[1182,1223,1181],"product_tag":[2193],"class_list":{"0":"post-142805","1":"product","2":"type-product","3":"status-publish","4":"has-post-thumbnail","6":"product_brand-quadlayers","7":"product_cat-commerce-electronique-plugins","8":"product_cat-personnalisation-commerce-electronique-plugins","9":"product_cat-plugins","10":"product_tag-quadlayers","11":"member-discount","12":"discount-restricted","14":"first","15":"instock","16":"sale","17":"downloadable","18":"virtual","19":"sold-individually","20":"purchasable","21":"product-type-simple"},"_links":{"self":[{"href":"https:\/\/gpl-love.com\/fr\/wp-json\/wp\/v2\/product\/142805","targetHints":{"allow":["GET"]}}],"collection":[{"href":"https:\/\/gpl-love.com\/fr\/wp-json\/wp\/v2\/product"}],"about":[{"href":"https:\/\/gpl-love.com\/fr\/wp-json\/wp\/v2\/types\/product"}],"replies":[{"embeddable":true,"href":"https:\/\/gpl-love.com\/fr\/wp-json\/wp\/v2\/comments?post=142805"}],"wp:featuredmedia":[{"embeddable":true,"href":"https:\/\/gpl-love.com\/fr\/wp-json\/wp\/v2\/media\/147105"}],"wp:attachment":[{"href":"https:\/\/gpl-love.com\/fr\/wp-json\/wp\/v2\/media?parent=142805"}],"wp:term":[{"taxonomy":"product_brand","embeddable":true,"href":"https:\/\/gpl-love.com\/fr\/wp-json\/wp\/v2\/product_brand?post=142805"},{"taxonomy":"product_cat","embeddable":true,"href":"https:\/\/gpl-love.com\/fr\/wp-json\/wp\/v2\/product_cat?post=142805"},{"taxonomy":"product_tag","embeddable":true,"href":"https:\/\/gpl-love.com\/fr\/wp-json\/wp\/v2\/product_tag?post=142805"}],"curies":[{"name":"wp","href":"https:\/\/api.w.org\/{rel}","templated":true}]}}