{"id":142803,"date":"2026-04-18T00:00:00","date_gmt":"2026-04-17T22:00:00","guid":{"rendered":"https:\/\/gpl-love.com\/fr\/produit\/sureforms-business-1-6-2\/"},"modified":"2026-04-19T00:32:01","modified_gmt":"2026-04-18T22:32:01","slug":"sureforms-business-1-6-2","status":"publish","type":"product","link":"https:\/\/gpl-love.com\/fr\/produit\/sureforms-business-1-6-2\/","title":{"rendered":"SureForms Business 2.8.0"},"content":{"rendered":"<h3>SureForms Business Traits<\/h3>\n<p>D\u00e9couvrez SureForms Business\u00a0: la solution id\u00e9ale pour tous vos besoins en mati\u00e8re de formulaires num\u00e9riques. Si vous souhaitez optimiser votre flux de travail et am\u00e9liorer votre collecte de donn\u00e9es, SureForms Business est l&rsquo;outil id\u00e9al. Con\u00e7ue pour les entreprises, notre plateforme offre une interface conviviale qui simplifie la cr\u00e9ation, la gestion et l&rsquo;analyse des formulaires.<\/p>\n<p>Avec SureForms Business, dites adieu aux t\u00e2ches administratives fastidieuses et acc\u00e9dez \u00e0 des donn\u00e9es efficaces et pr\u00e9cises. Notre outil de cr\u00e9ation intuitif par glisser-d\u00e9poser vous permet de personnaliser facilement vos formulaires, garantissant ainsi leur ad\u00e9quation avec vos besoins m\u00e9tier. Que vous collectiez les avis clients, traitiez des commandes ou organisiez des enqu\u00eates, SureForms Business est l\u00e0 pour vous.<\/p>\n<p>Notre plateforme garantit la s\u00e9curit\u00e9 de vos donn\u00e9es gr\u00e2ce \u00e0 un chiffrement robuste et \u00e0 la conformit\u00e9 aux normes du secteur. De plus, vous pouvez int\u00e9grer SureForms \u00e0 vos outils professionnels pr\u00e9f\u00e9r\u00e9s pour un transfert de donn\u00e9es fluide et efficace.<\/p>\n<p>D\u00e9couvrez la puissance de l&rsquo;automatisation et boostez votre productivit\u00e9 avec SureForms Business. Essayez-la d\u00e8s aujourd&rsquo;hui et observez la transformation de vos processus m\u00e9tier. Ne manquez pas l&rsquo;opportunit\u00e9 d&rsquo;optimiser vos op\u00e9rations gr\u00e2ce \u00e0 notre solution de pointe.<\/p>\n<ul>\n<li>Cr\u00e9ateur de formulaires avanc\u00e9 pour les entreprises<\/li>\n<li>Mod\u00e8les personnalisables pour diff\u00e9rents secteurs<\/li>\n<li>Interface glisser-d\u00e9poser pour une conception simplifi\u00e9e<\/li>\n<li>Int\u00e9gration aux plateformes CRM et de messagerie les plus populaires<\/li>\n<li>Analyses et rapports en temps r\u00e9el<\/li>\n<li>Conception adapt\u00e9e aux appareils mobiles<\/li>\n<li>Collecte et stockage s\u00e9curis\u00e9s des donn\u00e9es<\/li>\n<li>Prise en charge multilingue<\/li>\n<li>Logique conditionnelle pour une exp\u00e9rience utilisateur personnalis\u00e9e<\/li>\n<\/ul>\n","protected":false},"excerpt":{"rendered":"<p>D\u00e9couvrez SureForms Business, la solution ultime pour des processus m\u00e9tiers optimis\u00e9s. Con\u00e7ue pour l&rsquo;efficacit\u00e9, SureForms Business offre une cr\u00e9ation et une gestion intuitives des formulaires pour une productivit\u00e9 accrue. Gr\u00e2ce \u00e0 des interfaces conviviales et des fonctionnalit\u00e9s de s\u00e9curit\u00e9 robustes, SureForms Business garantit la s\u00e9curit\u00e9 de vos donn\u00e9es tout en optimisant les flux de travail. Id\u00e9ale pour les entreprises de toutes tailles, notre plateforme s&rsquo;int\u00e8gre parfaitement \u00e0 vos syst\u00e8mes existants, vous permettant ainsi de gagner du temps et de l&rsquo;argent. D\u00e9couvrez d\u00e8s aujourd&rsquo;hui les avantages de SureForms Business\u00a0: optimisez vos op\u00e9rations, optimisez votre communication et atteignez vos objectifs commerciaux en toute simplicit\u00e9. D\u00e9couvrez pourquoi SureForms Business est le choix privil\u00e9gi\u00e9 des professionnels avis\u00e9s \u00e0 la recherche de solutions de formulaires fiables et efficaces.<\/p>\n","protected":false},"featured_media":147103,"comment_status":"open","ping_status":"open","template":"","meta":[],"product_brand":[2789],"product_cat":[1191,1181,1186],"product_tag":[2790],"class_list":{"0":"post-142803","1":"product","2":"type-product","3":"status-publish","4":"has-post-thumbnail","6":"product_brand-sureforms","7":"product_cat-formes","8":"product_cat-plugins","9":"product_cat-wordpress-plugins","10":"product_tag-sureforms","11":"member-discount","12":"discount-restricted","14":"first","15":"instock","16":"sale","17":"downloadable","18":"virtual","19":"sold-individually","20":"purchasable","21":"product-type-simple"},"_links":{"self":[{"href":"https:\/\/gpl-love.com\/fr\/wp-json\/wp\/v2\/product\/142803","targetHints":{"allow":["GET"]}}],"collection":[{"href":"https:\/\/gpl-love.com\/fr\/wp-json\/wp\/v2\/product"}],"about":[{"href":"https:\/\/gpl-love.com\/fr\/wp-json\/wp\/v2\/types\/product"}],"replies":[{"embeddable":true,"href":"https:\/\/gpl-love.com\/fr\/wp-json\/wp\/v2\/comments?post=142803"}],"wp:featuredmedia":[{"embeddable":true,"href":"https:\/\/gpl-love.com\/fr\/wp-json\/wp\/v2\/media\/147103"}],"wp:attachment":[{"href":"https:\/\/gpl-love.com\/fr\/wp-json\/wp\/v2\/media?parent=142803"}],"wp:term":[{"taxonomy":"product_brand","embeddable":true,"href":"https:\/\/gpl-love.com\/fr\/wp-json\/wp\/v2\/product_brand?post=142803"},{"taxonomy":"product_cat","embeddable":true,"href":"https:\/\/gpl-love.com\/fr\/wp-json\/wp\/v2\/product_cat?post=142803"},{"taxonomy":"product_tag","embeddable":true,"href":"https:\/\/gpl-love.com\/fr\/wp-json\/wp\/v2\/product_tag?post=142803"}],"curies":[{"name":"wp","href":"https:\/\/api.w.org\/{rel}","templated":true}]}}