{"id":142802,"date":"2026-01-04T00:00:00","date_gmt":"2026-01-03T23:00:00","guid":{"rendered":"https:\/\/gpl-love.com\/fr\/produit\/sumo-discounts-6-5-0\/"},"modified":"2026-03-21T00:04:16","modified_gmt":"2026-03-20T23:04:16","slug":"sumo-discounts-6-5-0","status":"publish","type":"product","link":"https:\/\/gpl-love.com\/fr\/produit\/sumo-discounts-6-5-0\/","title":{"rendered":"SUMO Discounts 6.8.0"},"content":{"rendered":"<h3>SUMO Discounts Traits<\/h3>\n<p>D\u00e9couvrez des offres imbattables et faites de grosses \u00e9conomies avec SUMO Discounts, votre destination ultime pour des offres et promotions exclusives. Que vous achetiez des articles de mode, d&rsquo;\u00e9lectronique, d&rsquo;articles pour la maison ou plus encore, SUMO Discounts vous propose des \u00e9conomies incroyables sur les plus grandes marques. Notre plateforme intuitive vous permet de trouver les meilleurs codes de r\u00e9duction et coupons pour optimiser votre budget sans compromettre la qualit\u00e9.<\/p>\n<ul>\n<li>Offre des remises automatiques et des codes promo<\/li>\n<li>Prend en charge les remises en pourcentage, \u00e0 montant fixe et sp\u00e9cifiques \u00e0 un produit<\/li>\n<li>Permet de programmer des remises \u00e0 des dates et heures sp\u00e9cifiques<\/li>\n<li>Compatible avec une large gamme de th\u00e8mes et d&rsquo;extensions WooCommerce<\/li>\n<li>Offre des remises et des restrictions selon le r\u00f4le de l&rsquo;utilisateur<\/li>\n<li>Comprend des remises sur la quantit\u00e9 et le sous-total du panier<\/li>\n<li>Messages de remise et options d&rsquo;affichage personnalisables<\/li>\n<li>S&rsquo;int\u00e8gre parfaitement aux processus de paiement existants<\/li>\n<li>Fournit des rapports et des analyses d\u00e9taill\u00e9s sur l&rsquo;utilisation des remises<\/li>\n<li>Prend en charge les configurations multilingues et multidevises<\/li>\n<\/ul>\n","protected":false},"excerpt":{"rendered":"<p>D\u00e9couvrez SUMO Discounts, la solution id\u00e9ale pour les acheteurs avis\u00e9s qui cherchent \u00e0 maximiser leurs \u00e9conomies\u00a0! Gr\u00e2ce \u00e0 notre plateforme intuitive, acc\u00e9dez facilement \u00e0 des offres exclusives, suivez l&rsquo;historique de vos r\u00e9ductions et profitez d&rsquo;une int\u00e9gration fluide avec vos boutiques en ligne pr\u00e9f\u00e9r\u00e9es. SUMO Discounts vous informe en temps r\u00e9el des meilleures offres, vous assurant ainsi de ne manquer aucune bonne affaire. Que vous achetiez des appareils \u00e9lectroniques, de la mode ou des articles pour la maison, notre interface intuitive vous permet de trouver et d&rsquo;appliquer facilement les meilleures r\u00e9ductions disponibles. Commencez \u00e0 \u00e9conomiser d\u00e8s aujourd&rsquo;hui avec SUMO Discounts et profitez d&rsquo;un shopping pratique et avantageux\u00a0!<\/p>\n","protected":false},"featured_media":147102,"comment_status":"open","ping_status":"open","template":"","meta":[],"product_brand":[2435],"product_cat":[1200,1182,1181],"product_tag":[1231],"class_list":{"0":"post-142802","1":"product","2":"type-product","3":"status-publish","4":"has-post-thumbnail","6":"product_brand-codecanyon","7":"product_cat-commercialisation","8":"product_cat-commerce-electronique-plugins","9":"product_cat-plugins","10":"product_tag-codecanyon","11":"member-discount","12":"discount-restricted","14":"first","15":"instock","16":"sale","17":"downloadable","18":"virtual","19":"sold-individually","20":"purchasable","21":"product-type-simple"},"_links":{"self":[{"href":"https:\/\/gpl-love.com\/fr\/wp-json\/wp\/v2\/product\/142802","targetHints":{"allow":["GET"]}}],"collection":[{"href":"https:\/\/gpl-love.com\/fr\/wp-json\/wp\/v2\/product"}],"about":[{"href":"https:\/\/gpl-love.com\/fr\/wp-json\/wp\/v2\/types\/product"}],"replies":[{"embeddable":true,"href":"https:\/\/gpl-love.com\/fr\/wp-json\/wp\/v2\/comments?post=142802"}],"wp:featuredmedia":[{"embeddable":true,"href":"https:\/\/gpl-love.com\/fr\/wp-json\/wp\/v2\/media\/147102"}],"wp:attachment":[{"href":"https:\/\/gpl-love.com\/fr\/wp-json\/wp\/v2\/media?parent=142802"}],"wp:term":[{"taxonomy":"product_brand","embeddable":true,"href":"https:\/\/gpl-love.com\/fr\/wp-json\/wp\/v2\/product_brand?post=142802"},{"taxonomy":"product_cat","embeddable":true,"href":"https:\/\/gpl-love.com\/fr\/wp-json\/wp\/v2\/product_cat?post=142802"},{"taxonomy":"product_tag","embeddable":true,"href":"https:\/\/gpl-love.com\/fr\/wp-json\/wp\/v2\/product_tag?post=142802"}],"curies":[{"name":"wp","href":"https:\/\/api.w.org\/{rel}","templated":true}]}}