{"id":142797,"date":"2026-02-23T00:00:00","date_gmt":"2026-02-22T23:00:00","guid":{"rendered":"https:\/\/gpl-love.com\/fr\/produit\/newsletter-smtp2go-1-1-1\/"},"modified":"2026-03-21T00:04:14","modified_gmt":"2026-03-20T23:04:14","slug":"newsletter-smtp2go-1-1-1","status":"publish","type":"product","link":"https:\/\/gpl-love.com\/fr\/produit\/newsletter-smtp2go-1-1-1\/","title":{"rendered":"Newsletter SMTP2GO 1.2.4"},"content":{"rendered":"<h3>Newsletter SMTP2GO Traits<\/h3>\n<p>D\u00e9couvrez la solution ultime pour vos besoins d&#8217;email marketing\u00a0: Newsletter SMTP2GO. Dynamisez vos campagnes emailing gr\u00e2ce \u00e0 notre service fiable et efficace, con\u00e7u pour garantir la diffusion de vos messages dans les bo\u00eetes de r\u00e9ception de votre public.<\/p>\n<p>Newsletter SMTP2GO s&rsquo;int\u00e8gre parfaitement aux clients de messagerie les plus populaires, vous offrant une exp\u00e9rience fluide. Notre plateforme robuste garantit des taux de d\u00e9livrabilit\u00e9 \u00e9lev\u00e9s, pour que vos newsletters ne passent jamais inaper\u00e7ues.<\/p>\n<p>Con\u00e7u pour les entreprises de toutes tailles, SMTP2GO simplifie l&rsquo;envoi d&#8217;emails en masse. Gr\u00e2ce \u00e0 des analyses d\u00e9taill\u00e9es, vous pouvez suivre les taux d&rsquo;ouverture, les taux de clics et bien plus encore, vous permettant d&rsquo;affiner vos strat\u00e9gies pour un impact maximal.<\/p>\n<p>La s\u00e9curit\u00e9 est notre priorit\u00e9 absolue. Avec SMTP2GO, vos donn\u00e9es sont prot\u00e9g\u00e9es par des protocoles de chiffrement avanc\u00e9s, garantissant la confidentialit\u00e9 et la s\u00e9curit\u00e9 de vos communications.<\/p>\n<p>Que vous soyez une petite ou une grande entreprise, SMTP2GO propose des solutions \u00e9volutives adapt\u00e9es \u00e0 vos besoins. D\u00e9couvrez la puissance d&rsquo;un email marketing efficace avec Newsletter SMTP2GO et transformez votre communication avec votre public.<\/p>\n<ul>\n<li>Service de distribution d&rsquo;e-mails fiable<\/li>\n<li>Prise en charge de l&rsquo;int\u00e9gration SMTP et API<\/li>\n<li>Analyses et rapports d\u00e9taill\u00e9s des e-mails<\/li>\n<li>Taux de d\u00e9livrabilit\u00e9 \u00e9lev\u00e9s<\/li>\n<li>Installation et configuration faciles<\/li>\n<li>Infrastructure de serveur mondiale<\/li>\n<li>Prise en charge compl\u00e8te de l&rsquo;authentification des e-mails (SPF, DKIM)<\/li>\n<li>Assistance client 24h\/24 et 7j\/7<\/li>\n<li>Forfaits \u00e9volutifs pour les entreprises de toutes tailles<\/li>\n<\/ul>\n","protected":false},"excerpt":{"rendered":"<p>D\u00e9couvrez SMTP2GO, la solution ultime pour une distribution d&rsquo;e-mails fluide. Notre plateforme de pointe garantit que vos newsletters arrivent en bo\u00eete de r\u00e9ception, et non dans les dossiers spam. Avec SMTP2GO, profitez d&rsquo;un envoi d&rsquo;e-mails fiable, d&rsquo;analyses avanc\u00e9es et d&rsquo;une assistance de premier ordre. Id\u00e9al pour les entreprises de toutes tailles, notre service garantit une d\u00e9livrabilit\u00e9 et un engagement accrus. Optimisez vos campagnes d&rsquo;e-mailing en toute simplicit\u00e9 gr\u00e2ce aux outils performants et \u00e0 l&rsquo;interface intuitive de SMTP2GO. Dites adieu aux probl\u00e8mes de livraison et vivez la r\u00e9ussite. D\u00e9couvrez la diff\u00e9rence avec SMTP2GO, la solution de confiance pour une communication par e-mail efficace. Inscrivez-vous d\u00e8s aujourd&rsquo;hui et transformez vos newsletters en puissants outils marketing.<\/p>\n","protected":false},"featured_media":147100,"comment_status":"open","ping_status":"open","template":"","meta":[],"product_brand":[2602],"product_cat":[1207,1181,1186],"product_tag":[2261],"class_list":{"0":"post-142797","1":"product","2":"type-product","3":"status-publish","4":"has-post-thumbnail","6":"product_brand-newsletter","7":"product_cat-commercialisation-wordpress-plugins","8":"product_cat-plugins","9":"product_cat-wordpress-plugins","10":"product_tag-newsletter","11":"member-discount","12":"discount-restricted","14":"first","15":"instock","16":"sale","17":"downloadable","18":"virtual","19":"sold-individually","20":"purchasable","21":"product-type-simple"},"_links":{"self":[{"href":"https:\/\/gpl-love.com\/fr\/wp-json\/wp\/v2\/product\/142797","targetHints":{"allow":["GET"]}}],"collection":[{"href":"https:\/\/gpl-love.com\/fr\/wp-json\/wp\/v2\/product"}],"about":[{"href":"https:\/\/gpl-love.com\/fr\/wp-json\/wp\/v2\/types\/product"}],"replies":[{"embeddable":true,"href":"https:\/\/gpl-love.com\/fr\/wp-json\/wp\/v2\/comments?post=142797"}],"wp:featuredmedia":[{"embeddable":true,"href":"https:\/\/gpl-love.com\/fr\/wp-json\/wp\/v2\/media\/147100"}],"wp:attachment":[{"href":"https:\/\/gpl-love.com\/fr\/wp-json\/wp\/v2\/media?parent=142797"}],"wp:term":[{"taxonomy":"product_brand","embeddable":true,"href":"https:\/\/gpl-love.com\/fr\/wp-json\/wp\/v2\/product_brand?post=142797"},{"taxonomy":"product_cat","embeddable":true,"href":"https:\/\/gpl-love.com\/fr\/wp-json\/wp\/v2\/product_cat?post=142797"},{"taxonomy":"product_tag","embeddable":true,"href":"https:\/\/gpl-love.com\/fr\/wp-json\/wp\/v2\/product_tag?post=142797"}],"curies":[{"name":"wp","href":"https:\/\/api.w.org\/{rel}","templated":true}]}}