{"id":142796,"date":"2025-12-15T00:00:00","date_gmt":"2025-12-14T23:00:00","guid":{"rendered":"https:\/\/gpl-love.com\/fr\/produit\/greenshift-query-et-meta-5-5-1\/"},"modified":"2026-03-21T00:04:14","modified_gmt":"2026-03-20T23:04:14","slug":"greenshift-query-et-meta-5-5-1","status":"publish","type":"product","link":"https:\/\/gpl-love.com\/fr\/produit\/greenshift-query-et-meta-5-5-1\/","title":{"rendered":"Greenshift Query et Meta 5.9"},"content":{"rendered":"<h3>Greenshift Query et Meta Traits<\/h3>\n<p>D\u00e9couvrez la bo\u00eete \u00e0 outils r\u00e9volutionnaire Greenshift Query and Meta, votre solution ultime pour une gestion efficace des donn\u00e9es et des analyses approfondies. Con\u00e7ue pour les professionnels \u00e0 la recherche d&rsquo;une technologie de pointe, cette bo\u00eete \u00e0 outils simplifie vos flux de travail et simplifie l&rsquo;interrogation des donn\u00e9es et la gestion des m\u00e9tadonn\u00e9es.<\/p>\n<p>Gr\u00e2ce au moteur de requ\u00eates Greenshift, b\u00e9n\u00e9ficiez d&rsquo;une r\u00e9cup\u00e9ration de donn\u00e9es ultra-rapide et prenez des d\u00e9cisions \u00e9clair\u00e9es en temps r\u00e9el. Notre interface intuitive simplifie les requ\u00eates complexes, permettant aux utilisateurs de tous niveaux d&rsquo;expertise d&rsquo;acc\u00e9der facilement aux informations dont ils ont besoin.<\/p>\n<p>Le module de gestion des m\u00e9tadonn\u00e9es optimise l&rsquo;organisation de vos donn\u00e9es gr\u00e2ce \u00e0 des outils performants pour la cr\u00e9ation et la maintenance des m\u00e9tadonn\u00e9es. Vos donn\u00e9es sont ainsi non seulement accessibles, mais aussi bien cat\u00e9goris\u00e9es, am\u00e9liorant ainsi votre productivit\u00e9 et votre pr\u00e9cision.<\/p>\n<ul>\n<li>G\u00e9n\u00e9rateur de requ\u00eates avanc\u00e9 pour une recherche dynamique de contenu<\/li>\n<li>Int\u00e9gration transparente avec WordPress<\/li>\n<li>Interface conviviale pour une configuration et une gestion simplifi\u00e9es<\/li>\n<li>Champs m\u00e9ta personnalisables pour une organisation de contenu sur mesure<\/li>\n<li>Prise en charge de plusieurs types de publications et taxonomies<\/li>\n<li>L\u00e9ger et optimis\u00e9 pour les performances<\/li>\n<li>Compatible avec les cr\u00e9ateurs de pages et th\u00e8mes populaires<\/li>\n<li>Mises \u00e0 jour r\u00e9guli\u00e8res et assistance d\u00e9di\u00e9e<\/li>\n<li>Documentation et tutoriels complets<\/li>\n<li>Options de filtrage flexibles pour des r\u00e9sultats de requ\u00eate pr\u00e9cis<\/li>\n<\/ul>\n","protected":false},"excerpt":{"rendered":"<p>D\u00e9couvrez l&rsquo;outil Greenshift Query and Meta, votre solution ultime pour une gestion et une optimisation simplifi\u00e9es des donn\u00e9es. Con\u00e7u pour l&rsquo;efficacit\u00e9, ce produit innovant optimise les performances des requ\u00eates et optimise la pr\u00e9cision des m\u00e9tadonn\u00e9es, garantissant une int\u00e9gration transparente avec vos syst\u00e8mes existants. B\u00e9n\u00e9ficiez d&rsquo;une vitesse et d&rsquo;une pr\u00e9cision in\u00e9gal\u00e9es dans la r\u00e9cup\u00e9ration des donn\u00e9es, pour des op\u00e9rations plus fluides et plus efficaces. Id\u00e9al pour les entreprises souhaitant optimiser leurs strat\u00e9gies num\u00e9riques, l&rsquo;outil Greenshift Query and Meta r\u00e9volutionne le secteur. Lib\u00e9rez le potentiel de vos donn\u00e9es gr\u00e2ce \u00e0 cette solution de pointe et gardez une longueur d&rsquo;avance sur la concurrence.<\/p>\n","protected":false},"featured_media":147099,"comment_status":"open","ping_status":"open","template":"","meta":[],"product_brand":[2787],"product_cat":[1189,1181,1186],"product_tag":[2788],"class_list":{"0":"post-142796","1":"product","2":"type-product","3":"status-publish","4":"has-post-thumbnail","6":"product_brand-greenshift","7":"product_cat-personnalisation","8":"product_cat-plugins","9":"product_cat-wordpress-plugins","10":"product_tag-greenshift","11":"member-discount","12":"discount-restricted","14":"first","15":"instock","16":"sale","17":"downloadable","18":"virtual","19":"sold-individually","20":"purchasable","21":"product-type-simple"},"_links":{"self":[{"href":"https:\/\/gpl-love.com\/fr\/wp-json\/wp\/v2\/product\/142796","targetHints":{"allow":["GET"]}}],"collection":[{"href":"https:\/\/gpl-love.com\/fr\/wp-json\/wp\/v2\/product"}],"about":[{"href":"https:\/\/gpl-love.com\/fr\/wp-json\/wp\/v2\/types\/product"}],"replies":[{"embeddable":true,"href":"https:\/\/gpl-love.com\/fr\/wp-json\/wp\/v2\/comments?post=142796"}],"wp:featuredmedia":[{"embeddable":true,"href":"https:\/\/gpl-love.com\/fr\/wp-json\/wp\/v2\/media\/147099"}],"wp:attachment":[{"href":"https:\/\/gpl-love.com\/fr\/wp-json\/wp\/v2\/media?parent=142796"}],"wp:term":[{"taxonomy":"product_brand","embeddable":true,"href":"https:\/\/gpl-love.com\/fr\/wp-json\/wp\/v2\/product_brand?post=142796"},{"taxonomy":"product_cat","embeddable":true,"href":"https:\/\/gpl-love.com\/fr\/wp-json\/wp\/v2\/product_cat?post=142796"},{"taxonomy":"product_tag","embeddable":true,"href":"https:\/\/gpl-love.com\/fr\/wp-json\/wp\/v2\/product_tag?post=142796"}],"curies":[{"name":"wp","href":"https:\/\/api.w.org\/{rel}","templated":true}]}}