{"id":142795,"date":"2026-04-07T00:00:00","date_gmt":"2026-04-06T22:00:00","guid":{"rendered":"https:\/\/gpl-love.com\/fr\/produit\/woocommerce-flexible-pricing-1-5-27\/"},"modified":"2026-04-08T00:31:19","modified_gmt":"2026-04-07T22:31:19","slug":"woocommerce-flexible-pricing-1-5-27","status":"publish","type":"product","link":"https:\/\/gpl-love.com\/fr\/produit\/woocommerce-flexible-pricing-1-5-27\/","title":{"rendered":"WooCommerce Flexible Pricing 1.5.42"},"content":{"rendered":"<h3>WooCommerce Flexible Pricing Traits<\/h3>\n<p>Exploitez tout le potentiel de votre boutique en ligne avec l&rsquo;extension WooCommerce Flexible Pricing de WP Desk. Con\u00e7ue pour les e-commer\u00e7ants avertis, cette puissante solution offre une tarification flexible pour WooCommerce, vous permettant de mettre en \u0153uvre des strat\u00e9gies de tarification dynamiques adapt\u00e9es \u00e0 vos besoins. Que vous souhaitiez mettre en place des remises sur volume ou des tarifs d\u00e9gressifs, cette extension simplifie le processus gr\u00e2ce \u00e0 ses r\u00e8gles de tarification intuitives.<\/p>\n<p>Optimisez vos ventes en cr\u00e9ant des strat\u00e9gies de r\u00e9duction WooCommerce personnalis\u00e9es pour attirer plus de clients. Les options de tarification avanc\u00e9es de l&rsquo;extension facilitent l&rsquo;ajustement des prix en fonction du r\u00f4le du client, de la quantit\u00e9 command\u00e9e ou de l&rsquo;historique d&rsquo;achat. Gr\u00e2ce au calculateur de prix WooCommerce, vous pouvez proposer des prix transparents \u00e0 vos clients et am\u00e9liorer leur exp\u00e9rience d&rsquo;achat.<\/p>\n<p>Vous souhaitez savoir comment d\u00e9finir une tarification flexible dans WooCommerce\u00a0? L&rsquo;extension WP Desk offre une interface intuitive qui vous permet de configurer facilement les ajustements de prix WooCommerce sans aucune connaissance en codage. Boostez votre e-commerce avec cet outil essentiel, id\u00e9al pour les entreprises qui cherchent \u00e0 rester comp\u00e9titives sur un march\u00e9 dynamique.<\/p>\n<ul>\n<li>Ajustements de prix dynamiques en fonction des quantit\u00e9s du panier ou des combinaisons de produits<\/li>\n<li>Prise en charge des remises en pourcentage, \u00e0 montant fixe et personnalis\u00e9es<\/li>\n<li>Possibilit\u00e9 de d\u00e9finir des r\u00e8gles de tarification pour des r\u00f4les d&rsquo;utilisateur ou des groupes de clients sp\u00e9cifiques<\/li>\n<li>Planification des r\u00e8gles de tarification avec dates de d\u00e9but et de fin pour les promotions<\/li>\n<li>Interface conviviale pour une configuration simplifi\u00e9e des strat\u00e9gies de tarification<\/li>\n<li>Compatible avec les coupons et r\u00e9ductions WooCommerce<\/li>\n<li>Possibilit\u00e9 d&rsquo;appliquer les r\u00e8gles de tarification globalement ou \u00e0 des produits\/cat\u00e9gories sp\u00e9cifiques<\/li>\n<li>Rapports et analyses d\u00e9taill\u00e9s sur les performances des r\u00e8gles de tarification<\/li>\n<li>Int\u00e9gration aux param\u00e8tres de taxes WooCommerce pour une tarification pr\u00e9cise<\/li>\n<li>Mises \u00e0 jour r\u00e9guli\u00e8res et compatibilit\u00e9 avec les derni\u00e8res versions de WooCommerce<\/li>\n<\/ul>\n","protected":false},"excerpt":{"rendered":"<p>D\u00e9couvrez le plugin WooCommerce Flexible Pricing de WPDesk, la solution id\u00e9ale pour des strat\u00e9gies de tarification dynamique adapt\u00e9es \u00e0 vos besoins. Impl\u00e9mentez facilement une tarification flexible pour WooCommerce gr\u00e2ce \u00e0 notre interface intuitive. Que vous ayez besoin d&rsquo;un plugin WooCommerce pour des remises group\u00e9es ou que vous souhaitiez explorer des options de tarification avanc\u00e9es, notre outil est l\u00e0 pour vous. Configurez une tarification progressive et cr\u00e9ez des r\u00e8gles de tarification WooCommerce compl\u00e8tes pour maximiser vos profits. D\u00e9couvrez comment d\u00e9finir des tarifs flexibles dans WooCommerce et appliquer des strat\u00e9gies de r\u00e9duction WooCommerce efficaces. Optimisez votre boutique d\u00e8s aujourd&rsquo;hui avec notre plugin WooCommerce d&rsquo;ajustement et de calcul de prix, con\u00e7u pour am\u00e9liorer votre strat\u00e9gie commerciale en toute simplicit\u00e9.<\/p>\n","protected":false},"featured_media":147098,"comment_status":"open","ping_status":"open","template":"","meta":[],"product_brand":[2550],"product_cat":[1182,1223,1181],"product_tag":[1685],"class_list":{"0":"post-142795","1":"product","2":"type-product","3":"status-publish","4":"has-post-thumbnail","6":"product_brand-wp-desk","7":"product_cat-commerce-electronique-plugins","8":"product_cat-personnalisation-commerce-electronique-plugins","9":"product_cat-plugins","10":"product_tag-wp-desk","11":"member-discount","12":"discount-restricted","14":"first","15":"instock","16":"sale","17":"downloadable","18":"virtual","19":"sold-individually","20":"purchasable","21":"product-type-simple"},"_links":{"self":[{"href":"https:\/\/gpl-love.com\/fr\/wp-json\/wp\/v2\/product\/142795","targetHints":{"allow":["GET"]}}],"collection":[{"href":"https:\/\/gpl-love.com\/fr\/wp-json\/wp\/v2\/product"}],"about":[{"href":"https:\/\/gpl-love.com\/fr\/wp-json\/wp\/v2\/types\/product"}],"replies":[{"embeddable":true,"href":"https:\/\/gpl-love.com\/fr\/wp-json\/wp\/v2\/comments?post=142795"}],"wp:featuredmedia":[{"embeddable":true,"href":"https:\/\/gpl-love.com\/fr\/wp-json\/wp\/v2\/media\/147098"}],"wp:attachment":[{"href":"https:\/\/gpl-love.com\/fr\/wp-json\/wp\/v2\/media?parent=142795"}],"wp:term":[{"taxonomy":"product_brand","embeddable":true,"href":"https:\/\/gpl-love.com\/fr\/wp-json\/wp\/v2\/product_brand?post=142795"},{"taxonomy":"product_cat","embeddable":true,"href":"https:\/\/gpl-love.com\/fr\/wp-json\/wp\/v2\/product_cat?post=142795"},{"taxonomy":"product_tag","embeddable":true,"href":"https:\/\/gpl-love.com\/fr\/wp-json\/wp\/v2\/product_tag?post=142795"}],"curies":[{"name":"wp","href":"https:\/\/api.w.org\/{rel}","templated":true}]}}