{"id":142793,"date":"2025-11-14T00:00:00","date_gmt":"2025-11-13T23:00:00","guid":{"rendered":"https:\/\/gpl-love.com\/fr\/produit\/jetsloth-gravity-forms-enhanced-choices-0-2-1\/"},"modified":"2026-03-21T00:04:11","modified_gmt":"2026-03-20T23:04:11","slug":"jetsloth-gravity-forms-enhanced-choices-0-2-1","status":"publish","type":"product","link":"https:\/\/gpl-love.com\/fr\/produit\/jetsloth-gravity-forms-enhanced-choices-0-2-1\/","title":{"rendered":"Jetsloth Gravity Forms Enhanced Choices 0.2.16"},"content":{"rendered":"<h3>Jetsloth Gravity Forms Enhanced Choices Traits<\/h3>\n<p>D\u00e9couvrez Gravity Forms Enhanced Choices de Jetsloth, la solution ultime pour am\u00e9liorer les fonctionnalit\u00e9s de vos formulaires. Con\u00e7u sp\u00e9cifiquement pour les utilisateurs de Gravity Forms, ce module compl\u00e9mentaire innovant simplifie la configuration de vos formulaires avec simplicit\u00e9 et efficacit\u00e9. Gr\u00e2ce \u00e0 Enhanced Choices, g\u00e9rez facilement de longues listes de s\u00e9lection, ce qui le rend id\u00e9al pour les formulaires comportant de nombreux menus d\u00e9roulants, cases \u00e0 cocher ou boutons radio.<\/p>\n<p>Gravity Forms Enhanced Choices de Jetsloth vous permet de cr\u00e9er une exp\u00e9rience utilisateur fluide gr\u00e2ce \u00e0 des fonctionnalit\u00e9s telles que la s\u00e9lection d&rsquo;images et une interface utilisateur optimis\u00e9e pour une meilleure ergonomie. Que vous cr\u00e9iez des formulaires d&rsquo;inscription, des enqu\u00eates ou des commandes de produits, cet outil optimise vos formulaires en permettant aux utilisateurs de naviguer rapidement et intuitivement parmi les options.<\/p>\n<p>L&rsquo;extension Enhanced Choices s&rsquo;int\u00e8gre parfaitement \u00e0 votre configuration Gravity Forms existante, garantissant une installation et une configuration simplifi\u00e9es. Transformez vos formulaires avec des options visuellement attrayantes et hautement fonctionnelles, et constatez l&rsquo;augmentation de vos taux d&rsquo;engagement et de conversion.<\/p>\n<ul>\n<li>Int\u00e9gration transparente avec Gravity Forms<\/li>\n<li>Interface utilisateur optimis\u00e9e pour une gestion optimis\u00e9e des formulaires<\/li>\n<li>Fonctionnalit\u00e9 glisser-d\u00e9poser pour une r\u00e9organisation simplifi\u00e9e des choix<\/li>\n<li>Prise en charge de la modification group\u00e9e des choix de formulaire<\/li>\n<li>Mise en page personnalisable des choix pour une meilleure pr\u00e9sentation<\/li>\n<li>Compatibilit\u00e9 avec les fonctionnalit\u00e9s de logique conditionnelle<\/li>\n<li>Optimisation des performances avec un impact minimal sur les temps de chargement des formulaires<\/li>\n<li>Design adaptatif pour une utilisation mobile et bureau<\/li>\n<li>Installation et configuration simplifi\u00e9es<\/li>\n<li>Mises \u00e0 jour r\u00e9guli\u00e8res et prise en charge des derni\u00e8res versions de Gravity Forms<\/li>\n<\/ul>\n","protected":false},"excerpt":{"rendered":"<p>D\u00e9couvrez Jetsloth Gravity Forms Enhanced Choices\u00a0: la solution ultime pour optimiser votre exp\u00e9rience de cr\u00e9ation de formulaires. Con\u00e7u pour \u00eatre simple et efficace, ce puissant module compl\u00e9mentaire s&rsquo;int\u00e8gre parfaitement \u00e0 Gravity Forms et offre des options \u00e9tendues pour une personnalisation optimale. Avec Jetsloth, rationalisez votre flux de travail, am\u00e9liorez l&rsquo;interaction utilisateur et boostez vos taux de conversion. Que vous cr\u00e9iez des enqu\u00eates, des inscriptions ou des formulaires de commande, notre outil offre des options dynamiques qui captivent et engagent les utilisateurs. D\u00e9couvrez l&rsquo;avenir de la conception de formulaires avec Jetsloth Gravity Forms Enhanced Choices et transformez votre fa\u00e7on de collecter des donn\u00e9es.<\/p>\n","protected":false},"featured_media":147096,"comment_status":"open","ping_status":"open","template":"","meta":[],"product_brand":[2577],"product_cat":[1191,1181,1186],"product_tag":[1292],"class_list":{"0":"post-142793","1":"product","2":"type-product","3":"status-publish","4":"has-post-thumbnail","6":"product_brand-jetsloth","7":"product_cat-formes","8":"product_cat-plugins","9":"product_cat-wordpress-plugins","10":"product_tag-jetsloth","11":"member-discount","12":"discount-restricted","14":"first","15":"instock","16":"sale","17":"downloadable","18":"virtual","19":"sold-individually","20":"purchasable","21":"product-type-simple"},"_links":{"self":[{"href":"https:\/\/gpl-love.com\/fr\/wp-json\/wp\/v2\/product\/142793","targetHints":{"allow":["GET"]}}],"collection":[{"href":"https:\/\/gpl-love.com\/fr\/wp-json\/wp\/v2\/product"}],"about":[{"href":"https:\/\/gpl-love.com\/fr\/wp-json\/wp\/v2\/types\/product"}],"replies":[{"embeddable":true,"href":"https:\/\/gpl-love.com\/fr\/wp-json\/wp\/v2\/comments?post=142793"}],"wp:featuredmedia":[{"embeddable":true,"href":"https:\/\/gpl-love.com\/fr\/wp-json\/wp\/v2\/media\/147096"}],"wp:attachment":[{"href":"https:\/\/gpl-love.com\/fr\/wp-json\/wp\/v2\/media?parent=142793"}],"wp:term":[{"taxonomy":"product_brand","embeddable":true,"href":"https:\/\/gpl-love.com\/fr\/wp-json\/wp\/v2\/product_brand?post=142793"},{"taxonomy":"product_cat","embeddable":true,"href":"https:\/\/gpl-love.com\/fr\/wp-json\/wp\/v2\/product_cat?post=142793"},{"taxonomy":"product_tag","embeddable":true,"href":"https:\/\/gpl-love.com\/fr\/wp-json\/wp\/v2\/product_tag?post=142793"}],"curies":[{"name":"wp","href":"https:\/\/api.w.org\/{rel}","templated":true}]}}