{"id":142792,"date":"2025-12-12T00:00:00","date_gmt":"2025-12-11T23:00:00","guid":{"rendered":"https:\/\/gpl-love.com\/fr\/produit\/newsletter-ultimate-member-1-2-2\/"},"modified":"2026-03-21T00:04:10","modified_gmt":"2026-03-20T23:04:10","slug":"newsletter-ultimate-member-1-2-2","status":"publish","type":"product","link":"https:\/\/gpl-love.com\/fr\/produit\/newsletter-ultimate-member-1-2-2\/","title":{"rendered":"Newsletter Ultimate Member 1.2.4"},"content":{"rendered":"<h3>Newsletter Ultimate Member Traits<\/h3>\n<p>D\u00e9couvrez l&rsquo;extension Newsletter Ultimate Member, la solution id\u00e9ale pour votre site WordPress\u00a0! Con\u00e7ue pour s&rsquo;int\u00e9grer parfaitement \u00e0 votre plateforme existante, cette extension vous permet de g\u00e9rer et de d\u00e9velopper votre liste d&rsquo;e-mails en toute simplicit\u00e9.<\/p>\n<p>Avec Newsletter Ultimate Member, cr\u00e9ez des newsletters percutantes et enti\u00e8rement personnalisables qui captiveront votre audience et la fid\u00e9liseront. Que vous cibliez de nouveaux abonn\u00e9s ou que vous engagiez vos membres existants, cet outil offre une interface intuitive qui simplifie l&rsquo;e-mailing.<\/p>\n<p>Parmi ses principales fonctionnalit\u00e9s, on trouve la segmentation avanc\u00e9e, qui garantit que vos messages atteignent la bonne audience au bon moment. De plus, gr\u00e2ce aux analyses int\u00e9gr\u00e9es, vous pouvez suivre l&rsquo;efficacit\u00e9 de vos campagnes et les optimiser pour de meilleurs r\u00e9sultats.<\/p>\n<ul>\n<li>Int\u00e9gration transparente avec les plateformes d&rsquo;e-mail marketing les plus populaires<\/li>\n<li>Mod\u00e8les de newsletter personnalisables<\/li>\n<li>Options avanc\u00e9es de segmentation des membres<\/li>\n<li>Planification automatis\u00e9e des e-mails<\/li>\n<li>Analyses et rapports en temps r\u00e9el<\/li>\n<li>\u00c9diteur glisser-d\u00e9poser convivial<\/li>\n<li>Outils de personnalisation pour un contenu cibl\u00e9<\/li>\n<li>Conception adapt\u00e9e aux mobiles<\/li>\n<li>Traitement des donn\u00e9es conforme au RGPD<\/li>\n<li>Support multilingue<\/li>\n<\/ul>\n","protected":false},"excerpt":{"rendered":"<p>D\u00e9couvrez le plugin Newsletter Ultimate Member, votre solution tout-en-un pour un marketing par e-mail fluide. Con\u00e7u pour s&rsquo;int\u00e9grer facilement \u00e0 votre site WordPress, cet outil puissant am\u00e9liore l&rsquo;engagement et la r\u00e9tention des utilisateurs. Gr\u00e2ce \u00e0 des mod\u00e8les personnalisables, des campagnes automatis\u00e9es et des analyses avanc\u00e9es, optimisez chaque interaction. Id\u00e9al pour les entreprises souhaitant \u00e9tendre leur port\u00e9e et entretenir des relations durables, Newsletter Ultimate Member garantit la r\u00e9ussite de votre message. Transformez votre strat\u00e9gie e-mail d\u00e8s aujourd&rsquo;hui et profitez des avantages d&rsquo;une communication cibl\u00e9e et d&rsquo;une fid\u00e9lisation client accrue. D\u00e9couvrez l&rsquo;efficacit\u00e9 ultime de l&rsquo;e-mailing et renforcez la pr\u00e9sence de votre marque en toute simplicit\u00e9.<\/p>\n","protected":false},"featured_media":147095,"comment_status":"open","ping_status":"open","template":"","meta":[],"product_brand":[2602],"product_cat":[1207,1181,1186],"product_tag":[2261],"class_list":{"0":"post-142792","1":"product","2":"type-product","3":"status-publish","4":"has-post-thumbnail","6":"product_brand-newsletter","7":"product_cat-commercialisation-wordpress-plugins","8":"product_cat-plugins","9":"product_cat-wordpress-plugins","10":"product_tag-newsletter","11":"member-discount","12":"discount-restricted","14":"first","15":"instock","16":"sale","17":"downloadable","18":"virtual","19":"sold-individually","20":"purchasable","21":"product-type-simple"},"_links":{"self":[{"href":"https:\/\/gpl-love.com\/fr\/wp-json\/wp\/v2\/product\/142792","targetHints":{"allow":["GET"]}}],"collection":[{"href":"https:\/\/gpl-love.com\/fr\/wp-json\/wp\/v2\/product"}],"about":[{"href":"https:\/\/gpl-love.com\/fr\/wp-json\/wp\/v2\/types\/product"}],"replies":[{"embeddable":true,"href":"https:\/\/gpl-love.com\/fr\/wp-json\/wp\/v2\/comments?post=142792"}],"wp:featuredmedia":[{"embeddable":true,"href":"https:\/\/gpl-love.com\/fr\/wp-json\/wp\/v2\/media\/147095"}],"wp:attachment":[{"href":"https:\/\/gpl-love.com\/fr\/wp-json\/wp\/v2\/media?parent=142792"}],"wp:term":[{"taxonomy":"product_brand","embeddable":true,"href":"https:\/\/gpl-love.com\/fr\/wp-json\/wp\/v2\/product_brand?post=142792"},{"taxonomy":"product_cat","embeddable":true,"href":"https:\/\/gpl-love.com\/fr\/wp-json\/wp\/v2\/product_cat?post=142792"},{"taxonomy":"product_tag","embeddable":true,"href":"https:\/\/gpl-love.com\/fr\/wp-json\/wp\/v2\/product_tag?post=142792"}],"curies":[{"name":"wp","href":"https:\/\/api.w.org\/{rel}","templated":true}]}}