{"id":142244,"date":"2025-07-13T00:00:00","date_gmt":"2025-07-12T22:00:00","guid":{"rendered":"https:\/\/gpl-love.com\/fr\/produit\/learndash-lms-woocommerce\/"},"modified":"2026-03-21T00:03:32","modified_gmt":"2026-03-20T23:03:32","slug":"learndash-lms-woocommerce","status":"publish","type":"product","link":"https:\/\/gpl-love.com\/fr\/produit\/learndash-lms-woocommerce\/","title":{"rendered":"LearnDash LMS WooCommerce 2.0.2"},"content":{"rendered":"<h3>LearnDash LMS WooCommerce Traits<\/h3>\n<p>La solution e-learning ultime\u00a0: l&rsquo;int\u00e9gration LearnDash LMS WooCommerce. Transformez votre boutique en ligne en une plateforme d&rsquo;apprentissage dynamique gr\u00e2ce \u00e0 cette puissante combinaison. Avec LearnDash, cr\u00e9ez des cours captivants, g\u00e9rez des quiz et suivez la progression de vos apprenants en toute fluidit\u00e9. Associ\u00e9e \u00e0 WooCommerce, vous pouvez vendre vos cours en toute simplicit\u00e9 et offrir une exp\u00e9rience d&rsquo;achat fluide \u00e0 vos clients.<\/p>\n<p>Cette int\u00e9gration permet aux enseignants et aux entrepreneurs de cr\u00e9er, vendre et d\u00e9velopper leurs cours en ligne en toute simplicit\u00e9. L&rsquo;outil de cr\u00e9ation de cours intuitif de LearnDash vous permet de concevoir du contenu captivant, tandis que WooCommerce g\u00e8re les transactions de mani\u00e8re s\u00e9curis\u00e9e et efficace. Personnalisez votre boutique, proposez des r\u00e9ductions et g\u00e9rez vos abonnements au sein d&rsquo;un syst\u00e8me unifi\u00e9.<\/p>\n<p>Dopez vos ventes de cours en tirant parti des outils marketing complets de WooCommerce et des fonctionnalit\u00e9s LMS performantes de LearnDash. Que vous lanciez une nouvelle initiative e-learning ou que vous am\u00e9lioriez une plateforme existante, cette int\u00e9gration vous offre la flexibilit\u00e9 et la puissance dont vous avez besoin. Am\u00e9liorez votre exp\u00e9rience d&rsquo;apprentissage en ligne d\u00e8s aujourd&rsquo;hui avec LearnDash LMS WooCommerce et lib\u00e9rez le potentiel de votre activit\u00e9 \u00e9ducative.<\/p>\n<ul>\n<li>Int\u00e9gration fluide entre LearnDash et WooCommerce<\/li>\n<li>Vente de formations gr\u00e2ce \u00e0 la plateforme e-commerce robuste de WooCommerce<\/li>\n<li>Prise en charge de plusieurs passerelles de paiement via WooCommerce<\/li>\n<li>Inscription automatique aux formations d\u00e8s la finalisation de l&rsquo;achat<\/li>\n<li>Options tarifaires flexibles, incluant abonnements et offres group\u00e9es<\/li>\n<li>Acc\u00e8s \u00e0 la vaste biblioth\u00e8que d&rsquo;extensions et de plugins de WooCommerce<\/li>\n<li>Pages de formation personnalisables gr\u00e2ce aux outils de conception WooCommerce<\/li>\n<li>Rapports d\u00e9taill\u00e9s des ventes et du chiffre d&rsquo;affaires dans WooCommerce<\/li>\n<li>Prise en charge des coupons et r\u00e9ductions pour promouvoir les formations<\/li>\n<li>Gestion optimis\u00e9e des utilisateurs gr\u00e2ce aux profils clients WooCommerce<\/li>\n<\/ul>\n","protected":false},"excerpt":{"rendered":"<p>D\u00e9couvrez la solution e-learning ultime\u00a0: LearnDash LMS avec int\u00e9gration WooCommerce. Transformez vos formations en ligne gr\u00e2ce \u00e0 ce puissant syst\u00e8me de gestion de l&rsquo;apprentissage, con\u00e7u pour am\u00e9liorer l&rsquo;exp\u00e9rience utilisateur et stimuler l&rsquo;engagement. Int\u00e9grez-le parfaitement \u00e0 WooCommerce pour g\u00e9rer facilement les paiements, les abonnements et les adh\u00e9sions. Avec LearnDash, cr\u00e9ez des cours, des quiz et des certificats dynamiques, tout en suivant la progression de vos apprenants. Cette plateforme robuste offre flexibilit\u00e9 et \u00e9volutivit\u00e9 aux enseignants comme aux entreprises, garantissant ainsi des offres de formation en ligne innovantes et rentables. D\u00e9couvrez les avantages de l&rsquo;association de LearnDash LMS avec WooCommerce et optimisez votre plateforme e-learning d\u00e8s aujourd&rsquo;hui.<\/p>\n","protected":false},"featured_media":147054,"comment_status":"open","ping_status":"open","template":"","meta":[],"product_brand":[2579],"product_cat":[1182,1223,1181],"product_tag":[1295],"class_list":{"0":"post-142244","1":"product","2":"type-product","3":"status-publish","4":"has-post-thumbnail","6":"product_brand-learndash","7":"product_cat-commerce-electronique-plugins","8":"product_cat-personnalisation-commerce-electronique-plugins","9":"product_cat-plugins","10":"product_tag-learndash","11":"member-discount","12":"discount-restricted","14":"first","15":"instock","16":"sale","17":"downloadable","18":"virtual","19":"sold-individually","20":"purchasable","21":"product-type-simple"},"_links":{"self":[{"href":"https:\/\/gpl-love.com\/fr\/wp-json\/wp\/v2\/product\/142244","targetHints":{"allow":["GET"]}}],"collection":[{"href":"https:\/\/gpl-love.com\/fr\/wp-json\/wp\/v2\/product"}],"about":[{"href":"https:\/\/gpl-love.com\/fr\/wp-json\/wp\/v2\/types\/product"}],"replies":[{"embeddable":true,"href":"https:\/\/gpl-love.com\/fr\/wp-json\/wp\/v2\/comments?post=142244"}],"wp:featuredmedia":[{"embeddable":true,"href":"https:\/\/gpl-love.com\/fr\/wp-json\/wp\/v2\/media\/147054"}],"wp:attachment":[{"href":"https:\/\/gpl-love.com\/fr\/wp-json\/wp\/v2\/media?parent=142244"}],"wp:term":[{"taxonomy":"product_brand","embeddable":true,"href":"https:\/\/gpl-love.com\/fr\/wp-json\/wp\/v2\/product_brand?post=142244"},{"taxonomy":"product_cat","embeddable":true,"href":"https:\/\/gpl-love.com\/fr\/wp-json\/wp\/v2\/product_cat?post=142244"},{"taxonomy":"product_tag","embeddable":true,"href":"https:\/\/gpl-love.com\/fr\/wp-json\/wp\/v2\/product_tag?post=142244"}],"curies":[{"name":"wp","href":"https:\/\/api.w.org\/{rel}","templated":true}]}}