{"id":141034,"date":"2026-02-06T00:00:00","date_gmt":"2026-02-05T23:00:00","guid":{"rendered":"https:\/\/gpl-love.com\/fr\/produit\/everest-forms-advanced-form-analytics-1-0-1\/"},"modified":"2026-03-21T00:04:08","modified_gmt":"2026-03-20T23:04:08","slug":"everest-forms-advanced-form-analytics-1-0-1","status":"publish","type":"product","link":"https:\/\/gpl-love.com\/fr\/produit\/everest-forms-advanced-form-analytics-1-0-1\/","title":{"rendered":"Everest Forms Advanced Form Analytics 1.0.2"},"content":{"rendered":"<h3>Everest Forms Advanced Form Analytics Traits<\/h3>\n<p>Exploitez toute la puissance de vos donn\u00e9es avec Everest Forms Advanced Forms Analytics\u00a0! Con\u00e7u sp\u00e9cifiquement pour Everest Forms, cet outil de pointe offre des analyses in\u00e9gal\u00e9es sur les performances de vos formulaires. Gr\u00e2ce \u00e0 l&rsquo;analyse avanc\u00e9e des formulaires pour Everest Forms, vous pouvez facilement suivre les interactions des utilisateurs et obtenir des analyses d\u00e9taill\u00e9es pour optimiser vos conversions.<\/p>\n<p>Everest Forms Analytics propose des analyses personnalis\u00e9es adapt\u00e9es \u00e0 vos besoins sp\u00e9cifiques. Que vous recherchiez un suivi avanc\u00e9 des formulaires pour Everest Forms ou des analyses d\u00e9taill\u00e9es des utilisateurs, cet outil est fait pour vous. Surveillez facilement les performances des formulaires et prenez des d\u00e9cisions bas\u00e9es sur les donn\u00e9es gr\u00e2ce au suivi des performances d&rsquo;Everest Forms.<\/p>\n<p>Explorez vos donn\u00e9es en profondeur gr\u00e2ce au suivi des donn\u00e9es d&rsquo;Everest Forms et comprenez le comportement des utilisateurs comme jamais auparavant. B\u00e9n\u00e9ficiez d&rsquo;analyses utilisateur compl\u00e8tes d&rsquo;Everest Forms pour affiner vos strat\u00e9gies et am\u00e9liorer l&rsquo;exp\u00e9rience utilisateur. Avec Everest Forms Advanced Forms Analytics, vous disposez de tous les outils n\u00e9cessaires \u00e0 votre r\u00e9ussite.<\/p>\n<p>D\u00e9couvrez l&rsquo;avenir de l&rsquo;analyse des formulaires avec Everest Forms. Optimisez, analysez et d\u00e9veloppez votre activit\u00e9 en toute confiance. Essayez Everest Forms Advanced Forms Analytics d\u00e8s aujourd&rsquo;hui et transformez votre fa\u00e7on d&rsquo;interagir avec votre audience\u00a0!<\/p>\n<ul>\n<li>Suivi des soumissions de formulaires en temps r\u00e9el<\/li>\n<li>Rapports d\u00e9taill\u00e9s sur les interactions utilisateur<\/li>\n<li>Analyse du taux de conversion<\/li>\n<li>Interface conviviale<\/li>\n<li>Tableaux de bord personnalisables<\/li>\n<li>Int\u00e9gration aux CRM les plus populaires<\/li>\n<li>Options avanc\u00e9es de filtrage et de segmentation<\/li>\n<li>Repr\u00e9sentation visuelle des donn\u00e9es (tableaux et graphiques)<\/li>\n<li>Rapports d&rsquo;analyse exportables<\/li>\n<li>Traitement des donn\u00e9es conforme au RGPD<\/li>\n<\/ul>\n","protected":false},"excerpt":{"rendered":"<p>Optimisez le suivi de vos formulaires gr\u00e2ce aux analyses avanc\u00e9es d&rsquo;Everest Forms\u00a0! Obtenez des informations pr\u00e9cises sur les interactions des utilisateurs gr\u00e2ce aux analyses avanc\u00e9es d&rsquo;Everest Forms. Nos analyses personnalis\u00e9es fournissent des analyses d\u00e9taill\u00e9es des formulaires Everest Forms, offrant un suivi des donn\u00e9es et des analyses de performance in\u00e9gal\u00e9s. Gr\u00e2ce aux analyses d&rsquo;Everest Forms, vous pouvez surveiller le comportement des utilisateurs et optimiser vos formulaires comme jamais auparavant. B\u00e9n\u00e9ficiez d&rsquo;un suivi avanc\u00e9 des formulaires gr\u00e2ce au suivi pr\u00e9cis des donn\u00e9es et aux analyses utilisateurs d&rsquo;Everest Forms, garantissant ainsi des performances optimales. Exploitez tout le potentiel de vos formulaires d\u00e8s aujourd&rsquo;hui gr\u00e2ce au suivi des performances et aux analyses utilisateurs d&rsquo;Everest Forms\u00a0!<\/p>\n","protected":false},"featured_media":147093,"comment_status":"open","ping_status":"open","template":"","meta":[],"product_brand":[2681],"product_cat":[1189,1181,1186],"product_tag":[2210],"class_list":{"0":"post-141034","1":"product","2":"type-product","3":"status-publish","4":"has-post-thumbnail","6":"product_brand-wpeverest","7":"product_cat-personnalisation","8":"product_cat-plugins","9":"product_cat-wordpress-plugins","10":"product_tag-wpeverest","11":"member-discount","12":"discount-restricted","14":"first","15":"instock","16":"sale","17":"downloadable","18":"virtual","19":"sold-individually","20":"purchasable","21":"product-type-simple"},"_links":{"self":[{"href":"https:\/\/gpl-love.com\/fr\/wp-json\/wp\/v2\/product\/141034","targetHints":{"allow":["GET"]}}],"collection":[{"href":"https:\/\/gpl-love.com\/fr\/wp-json\/wp\/v2\/product"}],"about":[{"href":"https:\/\/gpl-love.com\/fr\/wp-json\/wp\/v2\/types\/product"}],"replies":[{"embeddable":true,"href":"https:\/\/gpl-love.com\/fr\/wp-json\/wp\/v2\/comments?post=141034"}],"wp:featuredmedia":[{"embeddable":true,"href":"https:\/\/gpl-love.com\/fr\/wp-json\/wp\/v2\/media\/147093"}],"wp:attachment":[{"href":"https:\/\/gpl-love.com\/fr\/wp-json\/wp\/v2\/media?parent=141034"}],"wp:term":[{"taxonomy":"product_brand","embeddable":true,"href":"https:\/\/gpl-love.com\/fr\/wp-json\/wp\/v2\/product_brand?post=141034"},{"taxonomy":"product_cat","embeddable":true,"href":"https:\/\/gpl-love.com\/fr\/wp-json\/wp\/v2\/product_cat?post=141034"},{"taxonomy":"product_tag","embeddable":true,"href":"https:\/\/gpl-love.com\/fr\/wp-json\/wp\/v2\/product_tag?post=141034"}],"curies":[{"name":"wp","href":"https:\/\/api.w.org\/{rel}","templated":true}]}}