{"id":141032,"date":"2025-09-24T00:00:00","date_gmt":"2025-09-23T22:00:00","guid":{"rendered":"https:\/\/gpl-love.com\/fr\/produit\/everest-forms-survey-polls-et-quiz-1-2-7\/"},"modified":"2026-04-02T12:31:24","modified_gmt":"2026-04-02T10:31:24","slug":"everest-forms-survey-polls-et-quiz-1-2-7","status":"publish","type":"product","link":"https:\/\/gpl-love.com\/fr\/produit\/everest-forms-survey-polls-et-quiz-1-2-7\/","title":{"rendered":"Everest Forms Survey Polls et Quiz 1.2.13"},"content":{"rendered":"<h3>Everest Forms Survey Polls et Quiz Traits<\/h3>\n<p>Bien s\u00fbr ! Voici une description de produit attrayante et optimis\u00e9e pour le r\u00e9f\u00e9rencement, utilisant les mots-cl\u00e9s Everest Forms, Sondages, Sondages et Quiz\u00a0:<\/p>\n<p>&#8212;<\/p>\n<p>Exploitez tout le potentiel de votre site WordPress avec Everest Forms\u00a0! Notre puissant plugin offre une int\u00e9gration fluide pour cr\u00e9er des sondages, des enqu\u00eates et des quiz captivants qui recueillent des informations pr\u00e9cieuses aupr\u00e8s de votre audience. Que vous r\u00e9alisiez une \u00e9tude de march\u00e9, recueilliez les avis de vos clients ou vous amusiez simplement avec du contenu interactif, Everest Forms est la solution id\u00e9ale.<\/p>\n<p>Cr\u00e9ez facilement des sondages personnalis\u00e9s gr\u00e2ce \u00e0 notre outil de cr\u00e9ation intuitif par glisser-d\u00e9poser. Cr\u00e9ez des sondages qui engagent les utilisateurs et stimulent leur participation. D\u00e9veloppez des quiz pour tester les connaissances ou divertir vos visiteurs. Everest Forms vous offre la flexibilit\u00e9 et les outils n\u00e9cessaires pour cr\u00e9er des formulaires interactifs sans aucune connaissance en codage.<\/p>\n<p>Gr\u00e2ce \u00e0 des fonctionnalit\u00e9s avanc\u00e9es comme la logique conditionnelle, les formulaires en plusieurs \u00e9tapes et des mod\u00e8les personnalisables, Everest Forms garantit que vos sondages, sondages et quiz sont non seulement fonctionnels, mais aussi visuellement attrayants. Analysez les r\u00e9ponses en temps r\u00e9el et exportez les donn\u00e9es pour une analyse approfondie.<\/p>\n<p>Rejoignez des milliers de personnes<\/p>\n<ul>\n<li>G\u00e9n\u00e9rateur de formulaires convivial par glisser-d\u00e9poser<\/li>\n<li>Plusieurs mod\u00e8les de formulaires disponibles<\/li>\n<li>Options personnalisables d&rsquo;enqu\u00eates, de sondages et de quiz<\/li>\n<li>Suivi et analyse des r\u00e9ponses en temps r\u00e9el<\/li>\n<li>Logique conditionnelle pour une exp\u00e9rience utilisateur personnalis\u00e9e<\/li>\n<li>Conception adapt\u00e9e aux appareils mobiles<\/li>\n<li>Int\u00e9gration aux outils d&rsquo;e-mail marketing les plus populaires<\/li>\n<li>Exportation des donn\u00e9es au format CSV pour une analyse simplifi\u00e9e<\/li>\n<li>Prise en charge des formulaires en plusieurs \u00e9tapes<\/li>\n<li>Collecte de donn\u00e9es s\u00e9curis\u00e9e gr\u00e2ce au CAPTCHA et \u00e0 la protection anti-spam<\/li>\n<\/ul>\n","protected":false},"excerpt":{"rendered":"<p>D\u00e9couvrez Everest Forms, la solution id\u00e9ale pour cr\u00e9er des enqu\u00eates, des sondages et des quiz captivants. Gr\u00e2ce \u00e0 son interface intuitive et \u00e0 ses fonctionnalit\u00e9s performantes, Everest Forms facilite la collecte de donn\u00e9es et d&rsquo;informations pr\u00e9cieuses. Que vous r\u00e9alisiez des \u00e9tudes de march\u00e9, recueilliez les avis de vos clients ou cr\u00e9iez des quiz ludiques, notre outil vous garantit une exp\u00e9rience fluide. Choisissez parmi une vari\u00e9t\u00e9 de mod\u00e8les personnalisables et d&rsquo;options avanc\u00e9es pour adapter chaque formulaire \u00e0 vos besoins. Optimisez votre processus de collecte de donn\u00e9es avec Everest Forms, votre outil de r\u00e9f\u00e9rence pour les enqu\u00eates, les sondages et les quiz.<\/p>\n","protected":false},"featured_media":147092,"comment_status":"open","ping_status":"open","template":"","meta":[],"product_brand":[2681],"product_cat":[1189,1181,1186],"product_tag":[2210],"class_list":{"0":"post-141032","1":"product","2":"type-product","3":"status-publish","4":"has-post-thumbnail","6":"product_brand-wpeverest","7":"product_cat-personnalisation","8":"product_cat-plugins","9":"product_cat-wordpress-plugins","10":"product_tag-wpeverest","11":"member-discount","12":"discount-restricted","14":"first","15":"instock","16":"sale","17":"downloadable","18":"virtual","19":"sold-individually","20":"purchasable","21":"product-type-simple"},"_links":{"self":[{"href":"https:\/\/gpl-love.com\/fr\/wp-json\/wp\/v2\/product\/141032","targetHints":{"allow":["GET"]}}],"collection":[{"href":"https:\/\/gpl-love.com\/fr\/wp-json\/wp\/v2\/product"}],"about":[{"href":"https:\/\/gpl-love.com\/fr\/wp-json\/wp\/v2\/types\/product"}],"replies":[{"embeddable":true,"href":"https:\/\/gpl-love.com\/fr\/wp-json\/wp\/v2\/comments?post=141032"}],"wp:featuredmedia":[{"embeddable":true,"href":"https:\/\/gpl-love.com\/fr\/wp-json\/wp\/v2\/media\/147092"}],"wp:attachment":[{"href":"https:\/\/gpl-love.com\/fr\/wp-json\/wp\/v2\/media?parent=141032"}],"wp:term":[{"taxonomy":"product_brand","embeddable":true,"href":"https:\/\/gpl-love.com\/fr\/wp-json\/wp\/v2\/product_brand?post=141032"},{"taxonomy":"product_cat","embeddable":true,"href":"https:\/\/gpl-love.com\/fr\/wp-json\/wp\/v2\/product_cat?post=141032"},{"taxonomy":"product_tag","embeddable":true,"href":"https:\/\/gpl-love.com\/fr\/wp-json\/wp\/v2\/product_tag?post=141032"}],"curies":[{"name":"wp","href":"https:\/\/api.w.org\/{rel}","templated":true}]}}