{"id":141030,"date":"2025-04-18T00:00:00","date_gmt":"2025-04-17T22:00:00","guid":{"rendered":"https:\/\/gpl-love.com\/fr\/produit\/everest-forms-conversational-forms-1-0-5\/"},"modified":"2026-04-02T12:31:23","modified_gmt":"2026-04-02T10:31:23","slug":"everest-forms-conversational-forms-1-0-5","status":"publish","type":"product","link":"https:\/\/gpl-love.com\/fr\/produit\/everest-forms-conversational-forms-1-0-5\/","title":{"rendered":"Everest Forms Conversational Forms 1.0.7"},"content":{"rendered":"<h3>Everest Forms Conversational Forms Traits<\/h3>\n<p>Pr\u00eat \u00e0 r\u00e9volutionner votre exp\u00e9rience de cr\u00e9ation de formulaires\u00a0? D\u00e9couvrez la puissance des formulaires conversationnels Everest Forms\u00a0! Gr\u00e2ce au plugin Everest Forms, transformez vos formulaires traditionnels en conversations interactives et engageantes. Cette fonctionnalit\u00e9 innovante rend le remplissage de formulaires plus intuitif et convivial.<\/p>\n<p>Vous vous demandez comment utiliser les formulaires conversationnels Everest Forms\u00a0? Notre tutoriel complet et notre guide d&rsquo;installation vous guideront pas \u00e0 pas. Que vous soyez d\u00e9butant ou expert, notre guide Everest Forms vous sera d&rsquo;une grande utilit\u00e9.<\/p>\n<p>Exploitez le potentiel de votre site web gr\u00e2ce aux avantages des formulaires conversationnels Everest Forms. De l&rsquo;augmentation de l&rsquo;engagement utilisateur \u00e0 l&rsquo;am\u00e9lioration des taux de remplissage des formulaires, les avantages sont infinis. D\u00e9couvrez des exemples concrets d&rsquo;utilisation des formulaires conversationnels Everest Forms et constatez la diff\u00e9rence par vous-m\u00eame.<\/p>\n<p>Ne vous contentez pas de nous croire sur parole\u00a0: lisez notre avis sur les formulaires conversationnels Everest Forms et d\u00e9couvrez pourquoi les utilisateurs l&rsquo;appr\u00e9cient. Pr\u00eat \u00e0 vous lancer\u00a0?<\/p>\n<ul>\n<li>Exp\u00e9rience utilisateur fluide et interactive<\/li>\n<li>Validation des formulaires en temps r\u00e9el<\/li>\n<li>Options de conception personnalisables<\/li>\n<li>Logique conditionnelle pour des r\u00e9ponses dynamiques<\/li>\n<li>Mise en page mobile et responsive<\/li>\n<li>G\u00e9n\u00e9rateur de formulaires par glisser-d\u00e9poser<\/li>\n<li>Int\u00e9gration aux outils d&rsquo;e-mail marketing les plus populaires<\/li>\n<li>Fonctionnalit\u00e9 de formulaire en plusieurs \u00e9tapes<\/li>\n<li>Fonctionnalit\u00e9s conformes au RGPD<\/li>\n<li>Analyses et rapports d\u00e9taill\u00e9s des formulaires<\/li>\n<\/ul>\n","protected":false},"excerpt":{"rendered":"<p>D\u00e9couvrez Everest Forms Conversational Forms, une extension innovante con\u00e7ue pour am\u00e9liorer l&rsquo;interaction utilisateur sur votre site web. Gr\u00e2ce \u00e0 cette fonctionnalit\u00e9, cr\u00e9ez des formulaires attrayants et conviviaux qui simulent une conversation naturelle. D\u00e9couvrez comment utiliser Everest Forms Conversational Forms gr\u00e2ce \u00e0 notre guide d&rsquo;installation complet et notre tutoriel. D\u00e9couvrez les avantages d&rsquo;Everest Forms Conversational Forms, explorez des exemples et lisez notre analyse d\u00e9taill\u00e9e. Am\u00e9liorez votre exp\u00e9rience de cr\u00e9ation de formulaires avec Everest Forms Conversational Forms d\u00e8s aujourd&rsquo;hui\u00a0!<\/p>\n","protected":false},"featured_media":147091,"comment_status":"open","ping_status":"open","template":"","meta":[],"product_brand":[2681],"product_cat":[1189,1181,1186],"product_tag":[2210],"class_list":{"0":"post-141030","1":"product","2":"type-product","3":"status-publish","4":"has-post-thumbnail","6":"product_brand-wpeverest","7":"product_cat-personnalisation","8":"product_cat-plugins","9":"product_cat-wordpress-plugins","10":"product_tag-wpeverest","11":"member-discount","12":"discount-restricted","14":"first","15":"instock","16":"sale","17":"downloadable","18":"virtual","19":"sold-individually","20":"purchasable","21":"product-type-simple"},"_links":{"self":[{"href":"https:\/\/gpl-love.com\/fr\/wp-json\/wp\/v2\/product\/141030","targetHints":{"allow":["GET"]}}],"collection":[{"href":"https:\/\/gpl-love.com\/fr\/wp-json\/wp\/v2\/product"}],"about":[{"href":"https:\/\/gpl-love.com\/fr\/wp-json\/wp\/v2\/types\/product"}],"replies":[{"embeddable":true,"href":"https:\/\/gpl-love.com\/fr\/wp-json\/wp\/v2\/comments?post=141030"}],"wp:featuredmedia":[{"embeddable":true,"href":"https:\/\/gpl-love.com\/fr\/wp-json\/wp\/v2\/media\/147091"}],"wp:attachment":[{"href":"https:\/\/gpl-love.com\/fr\/wp-json\/wp\/v2\/media?parent=141030"}],"wp:term":[{"taxonomy":"product_brand","embeddable":true,"href":"https:\/\/gpl-love.com\/fr\/wp-json\/wp\/v2\/product_brand?post=141030"},{"taxonomy":"product_cat","embeddable":true,"href":"https:\/\/gpl-love.com\/fr\/wp-json\/wp\/v2\/product_cat?post=141030"},{"taxonomy":"product_tag","embeddable":true,"href":"https:\/\/gpl-love.com\/fr\/wp-json\/wp\/v2\/product_tag?post=141030"}],"curies":[{"name":"wp","href":"https:\/\/api.w.org\/{rel}","templated":true}]}}