{"id":141028,"date":"2025-06-12T00:00:00","date_gmt":"2025-06-11T22:00:00","guid":{"rendered":"https:\/\/gpl-love.com\/fr\/produit\/everest-forms-pdf-form-submission-1-3-5\/"},"modified":"2026-04-02T12:31:22","modified_gmt":"2026-04-02T10:31:22","slug":"everest-forms-pdf-form-submission-1-3-5","status":"publish","type":"product","link":"https:\/\/gpl-love.com\/fr\/produit\/everest-forms-pdf-form-submission-1-3-5\/","title":{"rendered":"Everest Forms PDF Form Submission 1.4.2"},"content":{"rendered":"<h3>Everest Forms PDF Form Submission Traits<\/h3>\n<p>Simplifiez votre flux de travail avec la soumission de formulaires PDF d&rsquo;Everest Forms<\/p>\n<p>Transformez vos soumissions de formulaires en PDF facilement partageables gr\u00e2ce \u00e0 la fonctionnalit\u00e9 de soumission de formulaires PDF d&rsquo;Everest Forms. Cet outil essentiel du plugin Everest Forms vous permet de g\u00e9rer efficacement les t\u00e2ches de soumission de formulaires au format PDF, garantissant ainsi une soumission et un stockage fluides.<\/p>\n<p>Avec Everest Forms PDF, convertissez instantan\u00e9ment vos soumissions de formulaires au format PDF, simplifiant ainsi la gestion des donn\u00e9es. La g\u00e9n\u00e9ration du PDF \u00e0 partir de la soumission est automatis\u00e9e, vous faisant gagner du temps et des efforts. Que vous ayez besoin d&rsquo;une extension de soumission de formulaires PDF pour votre entreprise, votre \u00e9ducation ou votre usage personnel, Everest Forms est l\u00e0 pour vous.<\/p>\n<p>Explorez les nombreuses fonctionnalit\u00e9s d&rsquo;Everest Forms qui r\u00e9pondent \u00e0 vos besoins sp\u00e9cifiques. La fonction d&rsquo;exportation PDF d&rsquo;Everest Forms facilite l&rsquo;exportation des formulaires au format PDF, facilitant ainsi le partage et l&rsquo;archivage des donn\u00e9es. Pour des conseils d\u00e9taill\u00e9s, la documentation et le tutoriel Everest Forms fournissent des instructions \u00e9tape par \u00e9tape pour optimiser votre<\/p>\n<ul>\n<li>Soumission de formulaires PDF simplifi\u00e9e<\/li>\n<li>Interface conviviale<\/li>\n<li>Champs de formulaire personnalisables<\/li>\n<li>G\u00e9n\u00e9ration automatis\u00e9e de PDF<\/li>\n<li>Traitement s\u00e9curis\u00e9 des donn\u00e9es<\/li>\n<li>Compatibilit\u00e9 avec divers appareils<\/li>\n<li>Int\u00e9gration avec les notifications par e-mail<\/li>\n<li>Support multilingue<\/li>\n<li>Installation et configuration faciles<\/li>\n<li>Mises \u00e0 jour et assistance r\u00e9guli\u00e8res<\/li>\n<\/ul>\n","protected":false},"excerpt":{"rendered":"<p>D\u00e9couvrez le plugin Everest Forms PDF Form Submission, la solution id\u00e9ale pour g\u00e9n\u00e9rer facilement des PDF \u00e0 partir de vos soumissions. Convertissez facilement vos soumissions au format PDF gr\u00e2ce \u00e0 notre puissante int\u00e9gration Everest Forms. Profitez des fonctionnalit\u00e9s performantes d&rsquo;Everest Forms, notamment l&rsquo;exportation facile des formulaires au format PDF et leur soumission efficace. Plongez dans la documentation et les tutoriels complets d&rsquo;Everest Forms pour optimiser votre exp\u00e9rience. Avec l&rsquo;exportation PDF d&rsquo;Everest Forms, t\u00e9l\u00e9charger des formulaires PDF n&rsquo;a jamais \u00e9t\u00e9 aussi simple. Simplifiez votre flux de travail et am\u00e9liorez votre productivit\u00e9 avec Everest Forms, votre plugin de soumission de formulaires PDF de r\u00e9f\u00e9rence.<\/p>\n","protected":false},"featured_media":147090,"comment_status":"open","ping_status":"open","template":"","meta":[],"product_brand":[2681],"product_cat":[1189,1181,1186],"product_tag":[2210],"class_list":{"0":"post-141028","1":"product","2":"type-product","3":"status-publish","4":"has-post-thumbnail","6":"product_brand-wpeverest","7":"product_cat-personnalisation","8":"product_cat-plugins","9":"product_cat-wordpress-plugins","10":"product_tag-wpeverest","11":"member-discount","12":"discount-restricted","14":"first","15":"instock","16":"sale","17":"downloadable","18":"virtual","19":"sold-individually","20":"purchasable","21":"product-type-simple"},"_links":{"self":[{"href":"https:\/\/gpl-love.com\/fr\/wp-json\/wp\/v2\/product\/141028","targetHints":{"allow":["GET"]}}],"collection":[{"href":"https:\/\/gpl-love.com\/fr\/wp-json\/wp\/v2\/product"}],"about":[{"href":"https:\/\/gpl-love.com\/fr\/wp-json\/wp\/v2\/types\/product"}],"replies":[{"embeddable":true,"href":"https:\/\/gpl-love.com\/fr\/wp-json\/wp\/v2\/comments?post=141028"}],"wp:featuredmedia":[{"embeddable":true,"href":"https:\/\/gpl-love.com\/fr\/wp-json\/wp\/v2\/media\/147090"}],"wp:attachment":[{"href":"https:\/\/gpl-love.com\/fr\/wp-json\/wp\/v2\/media?parent=141028"}],"wp:term":[{"taxonomy":"product_brand","embeddable":true,"href":"https:\/\/gpl-love.com\/fr\/wp-json\/wp\/v2\/product_brand?post=141028"},{"taxonomy":"product_cat","embeddable":true,"href":"https:\/\/gpl-love.com\/fr\/wp-json\/wp\/v2\/product_cat?post=141028"},{"taxonomy":"product_tag","embeddable":true,"href":"https:\/\/gpl-love.com\/fr\/wp-json\/wp\/v2\/product_tag?post=141028"}],"curies":[{"name":"wp","href":"https:\/\/api.w.org\/{rel}","templated":true}]}}