{"id":141026,"date":"2025-08-11T00:00:00","date_gmt":"2025-08-10T22:00:00","guid":{"rendered":"https:\/\/gpl-love.com\/fr\/produit\/everest-forms-multi-step-forms-1-5-0\/"},"modified":"2026-04-02T12:31:21","modified_gmt":"2026-04-02T10:31:21","slug":"everest-forms-multi-step-forms-1-5-0","status":"publish","type":"product","link":"https:\/\/gpl-love.com\/fr\/produit\/everest-forms-multi-step-forms-1-5-0\/","title":{"rendered":"Everest Forms Multi-Step Forms 1.6.5"},"content":{"rendered":"<h3>Everest Forms Multi-Step Forms Traits<\/h3>\n<p>Exploitez tout le potentiel de vos formulaires gr\u00e2ce \u00e0 notre tutoriel complet sur les formulaires multi-\u00e9tapes Everest Forms. Apprenez \u00e0 cr\u00e9er des formulaires multi-\u00e9tapes avec Everest Forms et d\u00e9couvrez les nombreux avantages d&rsquo;Everest Forms Multi-Step pour votre site web. Ce guide d&rsquo;installation d\u00e9taill\u00e9 vous guidera pas \u00e0 pas, de la configuration initiale \u00e0 la personnalisation avanc\u00e9e.<\/p>\n<p>Notre outil de cr\u00e9ation de formulaires multi-\u00e9tapes Everest Forms, convivial et facile \u00e0 utiliser, dispose d&rsquo;une interface intuitive par glisser-d\u00e9poser, facilitant la conception de formulaires \u00e0 la fois fonctionnels et attrayants. Gr\u00e2ce \u00e0 notre guide d&rsquo;utilisation, vous ma\u00eetriserez rapidement les comp\u00e9tences essentielles.<\/p>\n<p>Optimisez vos formulaires gr\u00e2ce aux options d&rsquo;int\u00e9gration fluides d&rsquo;Everest Forms Multi-Step et suivez les bonnes pratiques pour garantir des performances optimales. Inspirez-vous des exemples de formulaires multi-\u00e9tapes Everest Forms et appliquez des conseils de conception pour cr\u00e9er des formulaires percutants et performants.<\/p>\n<p>Que vous soyez d\u00e9butant ou utilisateur exp\u00e9riment\u00e9, Everest Forms Multi-Step est l\u00e0 pour vous aider.<\/p>\n<ul>\n<li>G\u00e9n\u00e9rateur de formulaires convivial en plusieurs \u00e9tapes<\/li>\n<li>Interface glisser-d\u00e9poser<\/li>\n<li>Champs de formulaire personnalisables<\/li>\n<li>Prise en charge de la logique conditionnelle<\/li>\n<li>Conception adapt\u00e9e aux appareils mobiles<\/li>\n<li>Int\u00e9gration aux services d&rsquo;e-mail marketing les plus populaires<\/li>\n<li>Prise en charge multilingue<\/li>\n<li>Mod\u00e8les de formulaires pr\u00e9d\u00e9finis<\/li>\n<li>Aper\u00e7u en temps r\u00e9el<\/li>\n<li>Protection anti-spam et int\u00e9gration CAPTCHA<\/li>\n<\/ul>\n","protected":false},"excerpt":{"rendered":"<p>D\u00e9couvrez la solution ultime pour cr\u00e9er des formulaires en toute simplicit\u00e9 avec Everest Forms Multi-Step Forms\u00a0! Ce g\u00e9n\u00e9rateur de formulaires intuitif vous permet de cr\u00e9er facilement des formulaires en plusieurs \u00e9tapes. Suivez notre tutoriel complet et notre guide d&rsquo;installation pour int\u00e9grer et personnaliser vos formulaires sans effort. B\u00e9n\u00e9ficiez de la fonctionnalit\u00e9 glisser-d\u00e9poser et des meilleures pratiques pour une conception optimale. Notre guide d&rsquo;utilisation vous explique \u00e9tape par \u00e9tape, tandis que nos exemples de formulaires sont une source d&rsquo;inspiration. Exploitez tout le potentiel de vos formulaires avec Everest Forms Multi-Step Forms et b\u00e9n\u00e9ficiez d&rsquo;une collecte de donn\u00e9es simplifi\u00e9e gr\u00e2ce \u00e0 des conseils de conception professionnels. Commencez d\u00e8s aujourd&rsquo;hui\u00a0!<\/p>\n","protected":false},"featured_media":147089,"comment_status":"open","ping_status":"open","template":"","meta":[],"product_brand":[2681],"product_cat":[1189,1181,1186],"product_tag":[2210],"class_list":{"0":"post-141026","1":"product","2":"type-product","3":"status-publish","4":"has-post-thumbnail","6":"product_brand-wpeverest","7":"product_cat-personnalisation","8":"product_cat-plugins","9":"product_cat-wordpress-plugins","10":"product_tag-wpeverest","11":"member-discount","12":"discount-restricted","14":"first","15":"instock","16":"sale","17":"downloadable","18":"virtual","19":"sold-individually","20":"purchasable","21":"product-type-simple"},"_links":{"self":[{"href":"https:\/\/gpl-love.com\/fr\/wp-json\/wp\/v2\/product\/141026","targetHints":{"allow":["GET"]}}],"collection":[{"href":"https:\/\/gpl-love.com\/fr\/wp-json\/wp\/v2\/product"}],"about":[{"href":"https:\/\/gpl-love.com\/fr\/wp-json\/wp\/v2\/types\/product"}],"replies":[{"embeddable":true,"href":"https:\/\/gpl-love.com\/fr\/wp-json\/wp\/v2\/comments?post=141026"}],"wp:featuredmedia":[{"embeddable":true,"href":"https:\/\/gpl-love.com\/fr\/wp-json\/wp\/v2\/media\/147089"}],"wp:attachment":[{"href":"https:\/\/gpl-love.com\/fr\/wp-json\/wp\/v2\/media?parent=141026"}],"wp:term":[{"taxonomy":"product_brand","embeddable":true,"href":"https:\/\/gpl-love.com\/fr\/wp-json\/wp\/v2\/product_brand?post=141026"},{"taxonomy":"product_cat","embeddable":true,"href":"https:\/\/gpl-love.com\/fr\/wp-json\/wp\/v2\/product_cat?post=141026"},{"taxonomy":"product_tag","embeddable":true,"href":"https:\/\/gpl-love.com\/fr\/wp-json\/wp\/v2\/product_tag?post=141026"}],"curies":[{"name":"wp","href":"https:\/\/api.w.org\/{rel}","templated":true}]}}