{"id":141024,"date":"2025-01-30T00:00:00","date_gmt":"2025-01-29T23:00:00","guid":{"rendered":"https:\/\/gpl-love.com\/fr\/produit\/everest-forms-post-submissions-1-0-7\/"},"modified":"2026-04-02T12:31:20","modified_gmt":"2026-04-02T10:31:20","slug":"everest-forms-post-submissions-1-0-7","status":"publish","type":"product","link":"https:\/\/gpl-love.com\/fr\/produit\/everest-forms-post-submissions-1-0-7\/","title":{"rendered":"Everest Forms Post Submissions 1.0.10"},"content":{"rendered":"<h3>Everest Forms Post Submissions Traits<\/h3>\n<p>### Everest Forms Post Submissions\u00a0: G\u00e9rez vos formulaires en toute simplicit\u00e9<\/p>\n<p>Exploitez tout le potentiel de vos formulaires avec l&rsquo;extension Everest Forms Post Submissions. Que vous soyez d\u00e9butant ou expert, notre tutoriel complet Everest Forms Post Submissions vous guidera \u00e0 chaque \u00e9tape du processus. Apprenez \u00e0 utiliser efficacement Everest Forms Post Submissions gr\u00e2ce \u00e0 notre guide d\u00e9taill\u00e9 et \u00e0 nos instructions de configuration.<\/p>\n<p>Vous recherchez une solution fiable pour g\u00e9rer vos formulaires\u00a0? Notre extension offre des fonctionnalit\u00e9s robustes et adapt\u00e9es \u00e0 vos besoins. De l&rsquo;int\u00e9gration facile \u00e0 la personnalisation avanc\u00e9e, Everest Forms Post Submissions simplifie la rationalisation de votre flux de travail. D\u00e9couvrez notre avis sur Everest Forms Post Submissions et d\u00e9couvrez pourquoi les utilisateurs l&rsquo;appr\u00e9cient\u00a0!<\/p>\n<p>### Fonctionnalit\u00e9s cl\u00e9s\u00a0:<br \/>\nInt\u00e9gration fluide\u00a0: Connectez-vous facilement aux autres extensions Everest Forms.<br \/>\nPersonnalisation avanc\u00e9e\u00a0: Personnalisez vos formulaires selon vos besoins.<br \/>\nInterface conviviale\u00a0: Simplifiez votre configuration gr\u00e2ce \u00e0 notre interface intuitive.<br \/>\nGuide complet\u00a0: Acc\u00e9dez aux instructions \u00e9tape par \u00e9tape dans Everest<\/p>\n<ul>\n<li>Int\u00e9gration facile avec WordPress<\/li>\n<li>Interface conviviale<\/li>\n<li>Champs de formulaire personnalisables<\/li>\n<li>Prise en charge de plusieurs types de saisie (texte, e-mail, listes d\u00e9roulantes, etc.)<\/li>\n<li>Protection anti-spam int\u00e9gr\u00e9e<\/li>\n<li>Logique conditionnelle pour les formulaires dynamiques<\/li>\n<li>Notifications par e-mail lors de la soumission du formulaire<\/li>\n<li>Exportation des soumissions au format CSV<\/li>\n<li>Conception adapt\u00e9e aux mobiles<\/li>\n<li>Tableau de bord d\u00e9taill\u00e9 de gestion des soumissions<\/li>\n<\/ul>\n","protected":false},"excerpt":{"rendered":"<p>D\u00e9couvrez la solution ultime pour g\u00e9rer vos soumissions de formulaires avec le plugin Everest Forms Post Submissions. Cet outil complet simplifie votre flux de travail et s&rsquo;int\u00e8gre parfaitement \u00e0 votre site web. Notre guide et tutoriel d\u00e9taill\u00e9s sur Everest Forms Post Submissions vous expliquent comment utiliser efficacement Everest Forms Post Submissions, de la configuration \u00e0 la personnalisation. Explorez ses puissantes fonctionnalit\u00e9s et lisez notre avis sur Everest Forms Post Submissions pour comprendre pourquoi c&rsquo;est le choix id\u00e9al pour vos besoins. Am\u00e9liorez les fonctionnalit\u00e9s de votre site d\u00e8s aujourd&rsquo;hui gr\u00e2ce \u00e0 l&rsquo;int\u00e9gration Everest Forms Post Submissions, con\u00e7ue pour une utilisation simple et efficace.<\/p>\n","protected":false},"featured_media":147088,"comment_status":"open","ping_status":"open","template":"","meta":[],"product_brand":[2681],"product_cat":[1189,1181,1186],"product_tag":[2210],"class_list":{"0":"post-141024","1":"product","2":"type-product","3":"status-publish","4":"has-post-thumbnail","6":"product_brand-wpeverest","7":"product_cat-personnalisation","8":"product_cat-plugins","9":"product_cat-wordpress-plugins","10":"product_tag-wpeverest","11":"member-discount","12":"discount-restricted","14":"first","15":"instock","16":"sale","17":"downloadable","18":"virtual","19":"sold-individually","20":"purchasable","21":"product-type-simple"},"_links":{"self":[{"href":"https:\/\/gpl-love.com\/fr\/wp-json\/wp\/v2\/product\/141024","targetHints":{"allow":["GET"]}}],"collection":[{"href":"https:\/\/gpl-love.com\/fr\/wp-json\/wp\/v2\/product"}],"about":[{"href":"https:\/\/gpl-love.com\/fr\/wp-json\/wp\/v2\/types\/product"}],"replies":[{"embeddable":true,"href":"https:\/\/gpl-love.com\/fr\/wp-json\/wp\/v2\/comments?post=141024"}],"wp:featuredmedia":[{"embeddable":true,"href":"https:\/\/gpl-love.com\/fr\/wp-json\/wp\/v2\/media\/147088"}],"wp:attachment":[{"href":"https:\/\/gpl-love.com\/fr\/wp-json\/wp\/v2\/media?parent=141024"}],"wp:term":[{"taxonomy":"product_brand","embeddable":true,"href":"https:\/\/gpl-love.com\/fr\/wp-json\/wp\/v2\/product_brand?post=141024"},{"taxonomy":"product_cat","embeddable":true,"href":"https:\/\/gpl-love.com\/fr\/wp-json\/wp\/v2\/product_cat?post=141024"},{"taxonomy":"product_tag","embeddable":true,"href":"https:\/\/gpl-love.com\/fr\/wp-json\/wp\/v2\/product_tag?post=141024"}],"curies":[{"name":"wp","href":"https:\/\/api.w.org\/{rel}","templated":true}]}}