{"id":141022,"date":"2024-09-21T00:00:00","date_gmt":"2024-09-20T22:00:00","guid":{"rendered":"https:\/\/gpl-love.com\/fr\/produit\/everest-forms-style-customizer-1-1-7\/"},"modified":"2026-03-21T00:04:02","modified_gmt":"2026-03-20T23:04:02","slug":"everest-forms-style-customizer-1-1-7","status":"publish","type":"product","link":"https:\/\/gpl-love.com\/fr\/produit\/everest-forms-style-customizer-1-1-7\/","title":{"rendered":"Everest Forms Style Customizer 1.1.7"},"content":{"rendered":"<h3>Everest Forms Style Customizer Traits<\/h3>\n<p>Exploitez tout le potentiel de votre site WordPress avec l&rsquo;outil de personnalisation de style Everest Forms. Cet outil puissant vous permet de personnaliser facilement vos formulaires, en veillant \u00e0 ce qu&rsquo;ils correspondent parfaitement \u00e0 l&rsquo;esth\u00e9tique de votre marque. Que vous soyez d\u00e9butant ou d\u00e9veloppeur exp\u00e9riment\u00e9, notre interface conviviale simplifie la personnalisation.<\/p>\n<p>Avec l&rsquo;outil de personnalisation de style Everest Forms, vous pouvez ajuster les couleurs, les polices et la mise en page, offrant une exp\u00e9rience utilisateur fluide et stimulante pour vos visiteurs. Fini les probl\u00e8mes de code complexe\u00a0; notre conception intuitive vous permet de cr\u00e9er des formulaires \u00e9poustouflants en quelques minutes.<\/p>\n<p>Optimisez les fonctionnalit\u00e9s et l&rsquo;attrait visuel de votre site gr\u00e2ce \u00e0 des fonctionnalit\u00e9s telles que l&rsquo;aper\u00e7u en direct, le responsive design et de nombreuses options de style. De plus, notre plugin est enti\u00e8rement compatible avec les th\u00e8mes et plugins WordPress populaires, garantissant une int\u00e9gration fluide.<\/p>\n<p>Ne vous contentez pas de formulaires g\u00e9n\u00e9riques. Optimisez votre site avec l&rsquo;outil de personnalisation de style Everest Forms et profitez d&rsquo;une apparence professionnelle et coh\u00e9rente qui stimule les conversions. Essayez-le d\u00e8s aujourd&rsquo;hui et constatez la diff\u00e9rence\u00a0!<\/p>\n<p>Principales fonctionnalit\u00e9s\u00a0:<br \/>\nInterface facile \u00e0 utiliser<br \/>\nVaste<\/p>\n<ul>\n<li>Interface conviviale pour une personnalisation facile des formulaires<\/li>\n<li>Aper\u00e7u en temps r\u00e9el des modifications apport\u00e9es aux formulaires<\/li>\n<li>Nombreuses options de couleurs et de polices<\/li>\n<li>Mises en page et styles de formulaires personnalisables<\/li>\n<li>Int\u00e9gration du g\u00e9n\u00e9rateur de formulaires par glisser-d\u00e9poser<\/li>\n<li>Design adaptatif pour appareils mobiles et tablettes<\/li>\n<li>Prise en charge des CSS personnalis\u00e9es pour un style avanc\u00e9<\/li>\n<li>Mod\u00e8les pr\u00e9d\u00e9finis pour une configuration rapide<\/li>\n<li>Compatibilit\u00e9 avec les th\u00e8mes WordPress populaires<\/li>\n<li>Mises \u00e0 jour r\u00e9guli\u00e8res et assistance d\u00e9di\u00e9e<\/li>\n<\/ul>\n","protected":false},"excerpt":{"rendered":"<p>D\u00e9couvrez Everest Forms Style Customizer, la solution ultime pour cr\u00e9er des formulaires en toute simplicit\u00e9\u00a0! Cet outil performant vous permet de cr\u00e9er facilement des formulaires professionnels et \u00e9poustouflants. Personnalisez chaque aspect, des polices et couleurs aux bordures et arri\u00e8re-plans. Id\u00e9al pour les propri\u00e9taires et d\u00e9veloppeurs de sites web qui souhaitent am\u00e9liorer l&rsquo;exp\u00e9rience utilisateur et l&rsquo;engagement. Avec Everest Forms Style Customizer, vos formulaires se d\u00e9marqueront, attireront plus de r\u00e9ponses et stimuleront les conversions. Commencez \u00e0 transformer vos formulaires d\u00e8s aujourd&rsquo;hui\u00a0!<\/p>\n","protected":false},"featured_media":147087,"comment_status":"open","ping_status":"open","template":"","meta":[],"product_brand":[2681],"product_cat":[1189,1181,1186],"product_tag":[2210],"class_list":{"0":"post-141022","1":"product","2":"type-product","3":"status-publish","4":"has-post-thumbnail","6":"product_brand-wpeverest","7":"product_cat-personnalisation","8":"product_cat-plugins","9":"product_cat-wordpress-plugins","10":"product_tag-wpeverest","11":"member-discount","12":"discount-restricted","14":"first","15":"instock","16":"sale","17":"downloadable","18":"virtual","19":"sold-individually","20":"purchasable","21":"product-type-simple"},"_links":{"self":[{"href":"https:\/\/gpl-love.com\/fr\/wp-json\/wp\/v2\/product\/141022","targetHints":{"allow":["GET"]}}],"collection":[{"href":"https:\/\/gpl-love.com\/fr\/wp-json\/wp\/v2\/product"}],"about":[{"href":"https:\/\/gpl-love.com\/fr\/wp-json\/wp\/v2\/types\/product"}],"replies":[{"embeddable":true,"href":"https:\/\/gpl-love.com\/fr\/wp-json\/wp\/v2\/comments?post=141022"}],"wp:featuredmedia":[{"embeddable":true,"href":"https:\/\/gpl-love.com\/fr\/wp-json\/wp\/v2\/media\/147087"}],"wp:attachment":[{"href":"https:\/\/gpl-love.com\/fr\/wp-json\/wp\/v2\/media?parent=141022"}],"wp:term":[{"taxonomy":"product_brand","embeddable":true,"href":"https:\/\/gpl-love.com\/fr\/wp-json\/wp\/v2\/product_brand?post=141022"},{"taxonomy":"product_cat","embeddable":true,"href":"https:\/\/gpl-love.com\/fr\/wp-json\/wp\/v2\/product_cat?post=141022"},{"taxonomy":"product_tag","embeddable":true,"href":"https:\/\/gpl-love.com\/fr\/wp-json\/wp\/v2\/product_tag?post=141022"}],"curies":[{"name":"wp","href":"https:\/\/api.w.org\/{rel}","templated":true}]}}