{"id":141020,"date":"2025-07-21T00:00:00","date_gmt":"2025-07-20T22:00:00","guid":{"rendered":"https:\/\/gpl-love.com\/fr\/produit\/everest-forms-save-et-continue-1-1-1\/"},"modified":"2026-04-02T12:31:19","modified_gmt":"2026-04-02T10:31:19","slug":"everest-forms-save-et-continue-1-1-1","status":"publish","type":"product","link":"https:\/\/gpl-love.com\/fr\/produit\/everest-forms-save-et-continue-1-1-1\/","title":{"rendered":"Everest Forms Save et Continue 1.1.3"},"content":{"rendered":"<h3>Everest Forms Save et Continue Traits<\/h3>\n<p>D\u00e9couvrez la fonctionnalit\u00e9 \u00ab\u00a0Enregistrer et continuer\u00a0\u00bb d&rsquo;Everest Forms\u00a0: la solution id\u00e9ale pour simplifier la soumission de formulaires\u00a0! Avec \u00ab\u00a0Enregistrer la progression\u00a0\u00bb, les utilisateurs peuvent facilement sauvegarder et continuer \u00e0 travailler sur leurs formulaires \u00e0 leur convenance. Plus besoin de craindre de perdre des donn\u00e9es ou de tout recommencer de z\u00e9ro.<\/p>\n<p>Vous vous demandez comment sauvegarder la progression d&rsquo;un formulaire dans Everest Forms\u00a0? Notre tutoriel complet \u00ab\u00a0Enregistrer la progression\u00a0\u00bb vous guide pas \u00e0 pas, permettant m\u00eame aux d\u00e9butants de ma\u00eetriser la proc\u00e9dure en un rien de temps. La fonctionnalit\u00e9 \u00ab\u00a0Enregistrer et continuer\u00a0\u00bb d&rsquo;Everest Forms permet de soumettre des formulaires incomplets, ce qui permet aux utilisateurs d&rsquo;enregistrer des formulaires incomplets et de reprendre l\u00e0 o\u00f9 ils se sont arr\u00eat\u00e9s.<\/p>\n<p>Avec \u00ab\u00a0Enregistrer et modifier ult\u00e9rieurement\u00a0\u00bb d&rsquo;Everest Forms, les utilisateurs peuvent revoir leurs saisies enregistr\u00e9es et apporter les modifications n\u00e9cessaires avant la soumission finale. Cette fonctionnalit\u00e9 est id\u00e9ale pour les formulaires longs ou complexes o\u00f9 la collecte d&rsquo;informations pr\u00e9cises est cruciale.<\/p>\n<p>Pour les entreprises et les organisations, \u00ab\u00a0Enregistrer la progression utilisateur\u00a0\u00bb d&rsquo;Everest Forms garantit des taux de compl\u00e9tion plus \u00e9lev\u00e9s en permettant aux utilisateurs d&rsquo;enregistrer et de reprendre leurs saisies. Dites adieu aux formulaires abandonn\u00e9s et bonjour aux formulaires plus anciens.<\/p>\n<ul>\n<li>Permet aux utilisateurs d&rsquo;enregistrer la progression du formulaire et de continuer ult\u00e9rieurement.<\/li>\n<li>Compatible avec tous les formulaires Everest.<\/li>\n<li>Interface conviviale.<\/li>\n<li>Fonction de sauvegarde automatique.<\/li>\n<li>Messages de sauvegarde et de reprise personnalisables.<\/li>\n<li>Prise en charge de plusieurs sessions de formulaire.<\/li>\n<li>Stockage s\u00e9curis\u00e9 des donn\u00e9es.<\/li>\n<li>Int\u00e9gration facile aux formulaires existants.<\/li>\n<li>Conception optimis\u00e9e pour les appareils mobiles.<\/li>\n<li>Aucune programmation requise.<\/li>\n<\/ul>\n","protected":false},"excerpt":{"rendered":"<p>D\u00e9couvrez la fonctionnalit\u00e9 \u00ab\u00a0Enregistrer et continuer\u00a0\u00bb d&rsquo;Everest Forms, une v\u00e9ritable r\u00e9volution pour les utilisateurs\u00a0! Avec Everest Forms, enregistrez facilement la progression de vos formulaires et modifiez-les ult\u00e9rieurement, \u00e9vitant ainsi les soumissions incompl\u00e8tes. D\u00e9couvrez comment enregistrer la progression de vos formulaires dans Everest Forms gr\u00e2ce \u00e0 notre tutoriel complet. Cet outil performant permet des soumissions partielles, permettant aux utilisateurs d&rsquo;enregistrer et de poursuivre leurs saisies en toute simplicit\u00e9. Que vous souhaitiez enregistrer et poursuivre ou conserver des saisies pour une utilisation ult\u00e9rieure, Everest Forms est l\u00e0 pour vous. Am\u00e9liorez votre exp\u00e9rience utilisateur et ne perdez plus jamais de donn\u00e9es importantes avec \u00ab\u00a0Enregistrer et continuer\u00a0\u00bb d&rsquo;Everest Forms\u00a0!<\/p>\n","protected":false},"featured_media":147086,"comment_status":"open","ping_status":"open","template":"","meta":[],"product_brand":[2681],"product_cat":[1189,1181,1186],"product_tag":[2210],"class_list":{"0":"post-141020","1":"product","2":"type-product","3":"status-publish","4":"has-post-thumbnail","6":"product_brand-wpeverest","7":"product_cat-personnalisation","8":"product_cat-plugins","9":"product_cat-wordpress-plugins","10":"product_tag-wpeverest","11":"member-discount","12":"discount-restricted","14":"first","15":"instock","16":"sale","17":"downloadable","18":"virtual","19":"sold-individually","20":"purchasable","21":"product-type-simple"},"_links":{"self":[{"href":"https:\/\/gpl-love.com\/fr\/wp-json\/wp\/v2\/product\/141020","targetHints":{"allow":["GET"]}}],"collection":[{"href":"https:\/\/gpl-love.com\/fr\/wp-json\/wp\/v2\/product"}],"about":[{"href":"https:\/\/gpl-love.com\/fr\/wp-json\/wp\/v2\/types\/product"}],"replies":[{"embeddable":true,"href":"https:\/\/gpl-love.com\/fr\/wp-json\/wp\/v2\/comments?post=141020"}],"wp:featuredmedia":[{"embeddable":true,"href":"https:\/\/gpl-love.com\/fr\/wp-json\/wp\/v2\/media\/147086"}],"wp:attachment":[{"href":"https:\/\/gpl-love.com\/fr\/wp-json\/wp\/v2\/media?parent=141020"}],"wp:term":[{"taxonomy":"product_brand","embeddable":true,"href":"https:\/\/gpl-love.com\/fr\/wp-json\/wp\/v2\/product_brand?post=141020"},{"taxonomy":"product_cat","embeddable":true,"href":"https:\/\/gpl-love.com\/fr\/wp-json\/wp\/v2\/product_cat?post=141020"},{"taxonomy":"product_tag","embeddable":true,"href":"https:\/\/gpl-love.com\/fr\/wp-json\/wp\/v2\/product_tag?post=141020"}],"curies":[{"name":"wp","href":"https:\/\/api.w.org\/{rel}","templated":true}]}}