{"id":141018,"date":"2024-09-21T00:00:00","date_gmt":"2024-09-20T22:00:00","guid":{"rendered":"https:\/\/gpl-love.com\/fr\/produit\/everest-forms-sms-notifications-1-0-3\/"},"modified":"2026-03-21T00:04:01","modified_gmt":"2026-03-20T23:04:01","slug":"everest-forms-sms-notifications-1-0-3","status":"publish","type":"product","link":"https:\/\/gpl-love.com\/fr\/produit\/everest-forms-sms-notifications-1-0-3\/","title":{"rendered":"Everest Forms SMS Notifications 1.0.3"},"content":{"rendered":"<h3>Everest Forms SMS Notifications Traits<\/h3>\n<p>Am\u00e9liorez votre exp\u00e9rience WordPress avec les notifications SMS d&rsquo;Everest Forms\u00a0! Int\u00e9grez facilement les alertes SMS \u00e0 Everest Forms pour rester inform\u00e9 instantan\u00e9ment d\u00e8s qu&rsquo;un nouveau formulaire est soumis. Gr\u00e2ce \u00e0 la fonctionnalit\u00e9 SMS du plugin Everest Forms, recevez des notifications SMS en temps r\u00e9el pour vos formulaires, vous assurant ainsi de ne manquer aucune entr\u00e9e importante.<\/p>\n<p>Notre int\u00e9gration SMS avec Everest Forms est con\u00e7ue pour \u00eatre conviviale et tr\u00e8s efficace. Connectez simplement votre passerelle SMS pr\u00e9f\u00e9r\u00e9e \u00e0 Everest Forms et recevez des mises \u00e0 jour en temps r\u00e9el directement sur votre appareil mobile. Cette fonctionnalit\u00e9 puissante transforme la gestion des soumissions de formulaires, facilitant ainsi la r\u00e9ponse rapide et l&rsquo;organisation.<\/p>\n<p>Que vous g\u00e9riez un site web tr\u00e8s fr\u00e9quent\u00e9 ou une petite entreprise, nos notifications SMS pour formulaires WordPress sont la solution id\u00e9ale pour vous tenir inform\u00e9. D\u00e9couvrez la praticit\u00e9 et la fiabilit\u00e9 des notifications SMS pour formulaires, adapt\u00e9es \u00e0 vos besoins. Essayez les notifications SMS d&rsquo;Everest Forms d\u00e8s aujourd&rsquo;hui et passez au niveau sup\u00e9rieur en mati\u00e8re de gestion de formulaires\u00a0!<\/p>\n<ul>\n<li>Alertes SMS en temps r\u00e9el pour les soumissions de formulaires<\/li>\n<li>Int\u00e9gration facile avec les passerelles SMS les plus populaires<\/li>\n<li>Mod\u00e8les de SMS personnalisables<\/li>\n<li>Prise en charge de plusieurs destinataires<\/li>\n<li>Logique conditionnelle pour des notifications cibl\u00e9es<\/li>\n<li>Confirmation automatique des r\u00e9ponses aux utilisateurs<\/li>\n<li>Journal d\u00e9taill\u00e9 de tous les messages envoy\u00e9s<\/li>\n<li>Installation et configuration conviviales<\/li>\n<li>Compatible avec tous les champs d&rsquo;Everest Forms<\/li>\n<li>Conformit\u00e9 au RGPD pour la confidentialit\u00e9 des donn\u00e9es<\/li>\n<\/ul>\n","protected":false},"excerpt":{"rendered":"<p>D\u00e9couvrez les notifications SMS Everest Forms\u00a0! Optimisez vos formulaires WordPress gr\u00e2ce \u00e0 l&rsquo;int\u00e9gration SMS transparente du plugin Everest Forms. Gr\u00e2ce \u00e0 nos alertes SMS pour Everest Forms, ne manquez plus jamais une soumission. Recevez des notifications SMS instantan\u00e9es pour vos formulaires, garantissant des r\u00e9ponses rapides et un engagement accru. Notre passerelle SMS pour Everest Forms garantit une livraison fiable, vous permettant de rester inform\u00e9 et connect\u00e9. D\u00e9couvrez la praticit\u00e9 des notifications SMS pour formulaires et optimisez votre strat\u00e9gie de communication d\u00e8s aujourd&rsquo;hui. Id\u00e9ale pour les entreprises qui souhaitent garder une longueur d&rsquo;avance, Everest Forms SMS Notifications est la solution id\u00e9ale pour des notifications SMS efficaces et performantes pour vos formulaires WordPress.<\/p>\n","protected":false},"featured_media":147085,"comment_status":"open","ping_status":"open","template":"","meta":[],"product_brand":[2681],"product_cat":[1189,1181,1186],"product_tag":[2210],"class_list":{"0":"post-141018","1":"product","2":"type-product","3":"status-publish","4":"has-post-thumbnail","6":"product_brand-wpeverest","7":"product_cat-personnalisation","8":"product_cat-plugins","9":"product_cat-wordpress-plugins","10":"product_tag-wpeverest","11":"member-discount","12":"discount-restricted","14":"first","15":"instock","16":"sale","17":"downloadable","18":"virtual","19":"sold-individually","20":"purchasable","21":"product-type-simple"},"_links":{"self":[{"href":"https:\/\/gpl-love.com\/fr\/wp-json\/wp\/v2\/product\/141018","targetHints":{"allow":["GET"]}}],"collection":[{"href":"https:\/\/gpl-love.com\/fr\/wp-json\/wp\/v2\/product"}],"about":[{"href":"https:\/\/gpl-love.com\/fr\/wp-json\/wp\/v2\/types\/product"}],"replies":[{"embeddable":true,"href":"https:\/\/gpl-love.com\/fr\/wp-json\/wp\/v2\/comments?post=141018"}],"wp:featuredmedia":[{"embeddable":true,"href":"https:\/\/gpl-love.com\/fr\/wp-json\/wp\/v2\/media\/147085"}],"wp:attachment":[{"href":"https:\/\/gpl-love.com\/fr\/wp-json\/wp\/v2\/media?parent=141018"}],"wp:term":[{"taxonomy":"product_brand","embeddable":true,"href":"https:\/\/gpl-love.com\/fr\/wp-json\/wp\/v2\/product_brand?post=141018"},{"taxonomy":"product_cat","embeddable":true,"href":"https:\/\/gpl-love.com\/fr\/wp-json\/wp\/v2\/product_cat?post=141018"},{"taxonomy":"product_tag","embeddable":true,"href":"https:\/\/gpl-love.com\/fr\/wp-json\/wp\/v2\/product_tag?post=141018"}],"curies":[{"name":"wp","href":"https:\/\/api.w.org\/{rel}","templated":true}]}}