{"id":141016,"date":"2024-09-21T00:00:00","date_gmt":"2024-09-20T22:00:00","guid":{"rendered":"https:\/\/gpl-love.com\/fr\/produit\/everest-forms-user-registration-1-1-4\/"},"modified":"2026-04-02T12:31:18","modified_gmt":"2026-04-02T10:31:18","slug":"everest-forms-user-registration-1-1-4","status":"publish","type":"product","link":"https:\/\/gpl-love.com\/fr\/produit\/everest-forms-user-registration-1-1-4\/","title":{"rendered":"Everest Forms User Registration 1.0.10"},"content":{"rendered":"<h3>Everest Forms User Registration Traits<\/h3>\n<p>D\u00e9couvrez Everest Forms User Registration\u00a0: la solution ultime pour une exp\u00e9rience utilisateur fluide sur votre site WordPress. Ce puissant plugin s&rsquo;int\u00e8gre parfaitement \u00e0 Everest Forms et vous permet de cr\u00e9er facilement des formulaires d&rsquo;inscription personnalis\u00e9s. Id\u00e9al pour les sites d&rsquo;adh\u00e9sion, les communaut\u00e9s en ligne ou toute plateforme n\u00e9cessitant des comptes utilisateurs, Everest Forms User Registration offre une flexibilit\u00e9 et des fonctionnalit\u00e9s in\u00e9gal\u00e9es.<\/p>\n<p>Cr\u00e9ez facilement des formulaires d&rsquo;inscription gr\u00e2ce \u00e0 un outil de cr\u00e9ation par glisser-d\u00e9poser, qui vous permet d&rsquo;ajouter des champs personnalis\u00e9s et de personnaliser le formulaire selon vos besoins. Gr\u00e2ce \u00e0 l&rsquo;attribution int\u00e9gr\u00e9e des r\u00f4les utilisateurs et aux notifications par e-mail, la gestion des nouveaux utilisateurs n&rsquo;a jamais \u00e9t\u00e9 aussi simple. Le plugin prend \u00e9galement en charge des fonctionnalit\u00e9s avanc\u00e9es comme la logique conditionnelle et l&rsquo;int\u00e9gration CAPTCHA, garantissant un processus d&rsquo;inscription s\u00e9curis\u00e9 et convivial.<\/p>\n<p>Everest Forms User Registration est enti\u00e8rement compatible avec les th\u00e8mes et plugins WordPress les plus populaires, garantissant une int\u00e9gration fluide \u00e0 votre site existant. De plus, il est optimis\u00e9 pour la vitesse et les performances, garantissant une exp\u00e9rience fluide \u00e0 vos utilisateurs.<\/p>\n<p>Transformez votre site web d\u00e8s aujourd&rsquo;hui avec Everest Forms User Registration\u00a0: la solution compl\u00e8te pour une gestion intuitive et efficace des utilisateurs. Simplifiez votre processus d&rsquo;inscription.<\/p>\n<ul>\n<li>Int\u00e9gration facile avec Everest Forms<\/li>\n<li>Formulaires d&rsquo;inscription personnalisables<\/li>\n<li>G\u00e9n\u00e9rateur de formulaires par glisser-d\u00e9poser<\/li>\n<li>Notifications par e-mail pour les nouvelles inscriptions<\/li>\n<li>Attribution des r\u00f4les utilisateur d\u00e8s l&rsquo;inscription<\/li>\n<li>Prise en charge des captchas pour la pr\u00e9vention du spam<\/li>\n<li>Interface conviviale<\/li>\n<li>Conception adapt\u00e9e aux appareils mobiles<\/li>\n<li>Support multilingue<\/li>\n<li>Processus d&rsquo;inscription conforme au RGPD<\/li>\n<\/ul>\n","protected":false},"excerpt":{"rendered":"<p>D\u00e9couvrez Everest Forms User Registration\u00a0: la solution id\u00e9ale pour des formulaires d&rsquo;inscription fluides et conviviaux sur votre site web. Avec Everest Forms, cr\u00e9ez et g\u00e9rez facilement des formulaires d&rsquo;inscription, am\u00e9liorant ainsi les fonctionnalit\u00e9s et l&rsquo;exp\u00e9rience utilisateur de votre site. Notre outil de cr\u00e9ation intuitif par glisser-d\u00e9poser simplifie la cr\u00e9ation de formulaires, tandis que des fonctionnalit\u00e9s avanc\u00e9es comme les champs personnalis\u00e9s, les notifications par e-mail et les formulaires en plusieurs \u00e9tapes garantissent un processus d&rsquo;inscription efficace et professionnel. Optimisez votre site web avec Everest Forms User Registration et voyez l&rsquo;engagement de vos utilisateurs exploser. D\u00e9couvrez d\u00e8s aujourd&rsquo;hui l&rsquo;alliance parfaite entre simplicit\u00e9 et puissance\u00a0!<\/p>\n","protected":false},"featured_media":147084,"comment_status":"open","ping_status":"open","template":"","meta":[],"product_brand":[2681],"product_cat":[1189,1181,1186],"product_tag":[2210],"class_list":{"0":"post-141016","1":"product","2":"type-product","3":"status-publish","4":"has-post-thumbnail","6":"product_brand-wpeverest","7":"product_cat-personnalisation","8":"product_cat-plugins","9":"product_cat-wordpress-plugins","10":"product_tag-wpeverest","11":"member-discount","12":"discount-restricted","14":"first","15":"instock","16":"sale","17":"downloadable","18":"virtual","19":"sold-individually","20":"purchasable","21":"product-type-simple"},"_links":{"self":[{"href":"https:\/\/gpl-love.com\/fr\/wp-json\/wp\/v2\/product\/141016","targetHints":{"allow":["GET"]}}],"collection":[{"href":"https:\/\/gpl-love.com\/fr\/wp-json\/wp\/v2\/product"}],"about":[{"href":"https:\/\/gpl-love.com\/fr\/wp-json\/wp\/v2\/types\/product"}],"replies":[{"embeddable":true,"href":"https:\/\/gpl-love.com\/fr\/wp-json\/wp\/v2\/comments?post=141016"}],"wp:featuredmedia":[{"embeddable":true,"href":"https:\/\/gpl-love.com\/fr\/wp-json\/wp\/v2\/media\/147084"}],"wp:attachment":[{"href":"https:\/\/gpl-love.com\/fr\/wp-json\/wp\/v2\/media?parent=141016"}],"wp:term":[{"taxonomy":"product_brand","embeddable":true,"href":"https:\/\/gpl-love.com\/fr\/wp-json\/wp\/v2\/product_brand?post=141016"},{"taxonomy":"product_cat","embeddable":true,"href":"https:\/\/gpl-love.com\/fr\/wp-json\/wp\/v2\/product_cat?post=141016"},{"taxonomy":"product_tag","embeddable":true,"href":"https:\/\/gpl-love.com\/fr\/wp-json\/wp\/v2\/product_tag?post=141016"}],"curies":[{"name":"wp","href":"https:\/\/api.w.org\/{rel}","templated":true}]}}