{"id":141014,"date":"2025-08-11T00:00:00","date_gmt":"2025-08-10T22:00:00","guid":{"rendered":"https:\/\/gpl-love.com\/fr\/produit\/everest-forms-frontend-listing-1-0-4\/"},"modified":"2026-03-21T00:03:58","modified_gmt":"2026-03-20T23:03:58","slug":"everest-forms-frontend-listing-1-0-4","status":"publish","type":"product","link":"https:\/\/gpl-love.com\/fr\/produit\/everest-forms-frontend-listing-1-0-4\/","title":{"rendered":"Everest Forms Frontend Listing 1.0.9"},"content":{"rendered":"<h3>Everest Forms Frontend Listing Traits<\/h3>\n<p>Transformez votre site web avec Everest Forms Frontend Listing, la solution ultime pour g\u00e9rer et afficher vos formulaires en toute simplicit\u00e9. Ce puissant plugin vous permet de cr\u00e9er, personnaliser et pr\u00e9senter des formulaires directement sur le front-end de votre site web, en toute simplicit\u00e9. Finis les tracas li\u00e9s au back-end\u00a0! Everest Forms Frontend Listing simplifie le processus, ce qui le rend id\u00e9al pour les utilisateurs WordPress de tous niveaux.<\/p>\n<p>Avec Everest Forms Frontend Listing, affichez facilement les entr\u00e9es de formulaire sur n&rsquo;importe quelle page ou publication. Son interface intuitive garantit une exp\u00e9rience fluide, tandis que des fonctionnalit\u00e9s avanc\u00e9es comme des mod\u00e8les personnalisables et un design r\u00e9actif garantissent un affichage impeccable de vos formulaires sur tous les appareils. De plus, notre plugin est enti\u00e8rement compatible avec les th\u00e8mes et plugins WordPress les plus populaires, garantissant une int\u00e9gration transparente \u00e0 votre configuration existante.<\/p>\n<p>Optimisez les fonctionnalit\u00e9s de votre site web et optimisez l&rsquo;engagement des utilisateurs avec Everest Forms Frontend Listing. Que vous g\u00e9riez des formulaires de contact, des sondages ou des inscriptions \u00e0 des \u00e9v\u00e9nements, ce plugin est l&rsquo;outil id\u00e9al. Ne manquez pas l&rsquo;occasion de simplifier la gestion de vos formulaires et d&rsquo;offrir une exp\u00e9rience utilisateur optimale. Essayez Everest Forms Frontend Listing<\/p>\n<ul>\n<li>Interface conviviale<\/li>\n<li>G\u00e9n\u00e9rateur de formulaires par glisser-d\u00e9poser<\/li>\n<li>Mod\u00e8les de formulaires personnalisables<\/li>\n<li>Aper\u00e7u des formulaires en temps r\u00e9el<\/li>\n<li>Logique conditionnelle pour les formulaires dynamiques<\/li>\n<li>Cr\u00e9ation de formulaires en plusieurs \u00e9tapes<\/li>\n<li>Protection anti-spam avec reCAPTCHA<\/li>\n<li>Conception adapt\u00e9e aux mobiles<\/li>\n<li>Int\u00e9gration aux services de messagerie les plus populaires<\/li>\n<li>Analyses d\u00e9taill\u00e9es des soumissions de formulaires<\/li>\n<\/ul>\n","protected":false},"excerpt":{"rendered":"<p>D\u00e9couvrez Everest Forms Frontend Listing\u00a0: la solution ultime pour une gestion fluide des formulaires\u00a0! Avec Everest Forms Frontend Listing, cr\u00e9ez, g\u00e9rez et affichez facilement des formulaires directement depuis l&rsquo;interface de votre site web. Que vous soyez d\u00e9butant ou expert, notre interface conviviale et nos fonctionnalit\u00e9s performantes simplifient la cr\u00e9ation de formulaires. Profitez de fonctionnalit\u00e9s avanc\u00e9es avec des mod\u00e8les personnalisables, des options de champs avanc\u00e9es et la collecte de donn\u00e9es en temps r\u00e9el. Optimisez votre flux de travail et boostez l&rsquo;engagement de vos utilisateurs avec Everest Forms Frontend Listing. Am\u00e9liorez votre exp\u00e9rience web d\u00e8s aujourd&rsquo;hui\u00a0!<\/p>\n","protected":false},"featured_media":147083,"comment_status":"open","ping_status":"open","template":"","meta":[],"product_brand":[2681],"product_cat":[1189,1181,1186],"product_tag":[2210],"class_list":{"0":"post-141014","1":"product","2":"type-product","3":"status-publish","4":"has-post-thumbnail","6":"product_brand-wpeverest","7":"product_cat-personnalisation","8":"product_cat-plugins","9":"product_cat-wordpress-plugins","10":"product_tag-wpeverest","11":"member-discount","12":"discount-restricted","14":"first","15":"instock","16":"sale","17":"downloadable","18":"virtual","19":"sold-individually","20":"purchasable","21":"product-type-simple"},"_links":{"self":[{"href":"https:\/\/gpl-love.com\/fr\/wp-json\/wp\/v2\/product\/141014","targetHints":{"allow":["GET"]}}],"collection":[{"href":"https:\/\/gpl-love.com\/fr\/wp-json\/wp\/v2\/product"}],"about":[{"href":"https:\/\/gpl-love.com\/fr\/wp-json\/wp\/v2\/types\/product"}],"replies":[{"embeddable":true,"href":"https:\/\/gpl-love.com\/fr\/wp-json\/wp\/v2\/comments?post=141014"}],"wp:featuredmedia":[{"embeddable":true,"href":"https:\/\/gpl-love.com\/fr\/wp-json\/wp\/v2\/media\/147083"}],"wp:attachment":[{"href":"https:\/\/gpl-love.com\/fr\/wp-json\/wp\/v2\/media?parent=141014"}],"wp:term":[{"taxonomy":"product_brand","embeddable":true,"href":"https:\/\/gpl-love.com\/fr\/wp-json\/wp\/v2\/product_brand?post=141014"},{"taxonomy":"product_cat","embeddable":true,"href":"https:\/\/gpl-love.com\/fr\/wp-json\/wp\/v2\/product_cat?post=141014"},{"taxonomy":"product_tag","embeddable":true,"href":"https:\/\/gpl-love.com\/fr\/wp-json\/wp\/v2\/product_tag?post=141014"}],"curies":[{"name":"wp","href":"https:\/\/api.w.org\/{rel}","templated":true}]}}