{"id":141012,"date":"2025-04-27T00:00:00","date_gmt":"2025-04-26T22:00:00","guid":{"rendered":"https:\/\/gpl-love.com\/fr\/produit\/everest-forms-form-restriction-1-0-5\/"},"modified":"2026-04-02T12:31:18","modified_gmt":"2026-04-02T10:31:18","slug":"everest-forms-form-restriction-1-0-5","status":"publish","type":"product","link":"https:\/\/gpl-love.com\/fr\/produit\/everest-forms-form-restriction-1-0-5\/","title":{"rendered":"Everest Forms Form Restriction 1.0.7"},"content":{"rendered":"<h3>Everest Forms Form Restriction Traits<\/h3>\n<p>Exploitez tout le potentiel de votre site WordPress avec Everest Forms Form Restriction\u00a0! Ce puissant plugin vous permet de contr\u00f4ler facilement l&rsquo;acc\u00e8s aux formulaires, garantissant que seuls certains utilisateurs peuvent consulter ou soumettre des formulaires. Id\u00e9al pour les sites d&rsquo;adh\u00e9sion, le contenu exclusif ou les processus internes, Everest Forms Form Restriction offre une flexibilit\u00e9 et une s\u00e9curit\u00e9 in\u00e9gal\u00e9es.<\/p>\n<p>Gr\u00e2ce \u00e0 des param\u00e8tres faciles \u00e0 utiliser, vous pouvez restreindre les formulaires en fonction des r\u00f4les des utilisateurs, de leur statut de connexion, etc. Int\u00e9grez-le parfaitement \u00e0 votre configuration Everest Forms existante et d\u00e9couvrez une nouvelle dimension de gestion des utilisateurs. Que vous souhaitiez cr\u00e9er des formulaires d&rsquo;acc\u00e8s VIP, g\u00e9rer des enqu\u00eates aupr\u00e8s des employ\u00e9s ou proposer des offres exclusives aux membres inscrits, ce plugin est la solution id\u00e9ale.<\/p>\n<p>Everest Forms Form Restriction est con\u00e7u pour des performances et une exp\u00e9rience utilisateur sup\u00e9rieures. Son code l\u00e9ger garantit la rapidit\u00e9 de votre site, tandis que ses fonctionnalit\u00e9s robustes vous offrent le contr\u00f4le dont vous avez besoin. Optimisez les fonctionnalit\u00e9s de votre site web d\u00e8s aujourd&rsquo;hui avec Everest Forms Form Restriction et profitez d&rsquo;une exp\u00e9rience de formulaire fluide, s\u00e9curis\u00e9e et exclusive.<\/p>\n<ul>\n<li>Limiter l&rsquo;acc\u00e8s aux formulaires en fonction des r\u00f4les utilisateur<\/li>\n<li>Limiter les soumissions de formulaires par utilisateur<\/li>\n<li>D\u00e9finir des dates limites de soumission<\/li>\n<li>Activer la protection par mot de passe pour les formulaires<\/li>\n<li>Personnaliser les messages de restriction<\/li>\n<li>Limiter l&rsquo;acc\u00e8s aux formulaires par adresse IP<\/li>\n<li>Planifier la disponibilit\u00e9 des formulaires<\/li>\n<li>Combiner plusieurs r\u00e8gles de restriction<\/li>\n<li>Journaux d&rsquo;acc\u00e8s et rapports d\u00e9taill\u00e9s<\/li>\n<li>Int\u00e9gration transparente avec les autres fonctionnalit\u00e9s d&rsquo;Everest Forms<\/li>\n<\/ul>\n","protected":false},"excerpt":{"rendered":"<p>D\u00e9couvrez Everest Forms Form Restriction\u00a0: la solution ultime pour g\u00e9rer et limiter les soumissions de formulaires sur votre site web. Avec Everest Forms Form Restriction, contr\u00f4lez facilement l&rsquo;acc\u00e8s en d\u00e9finissant des limites de soumission en fonction des r\u00f4les des utilisateurs, des dates ou de r\u00e8gles personnalis\u00e9es. Cette fonctionnalit\u00e9 performante garantit l&rsquo;utilisation optimale de vos formulaires, am\u00e9liorant ainsi l&rsquo;exp\u00e9rience utilisateur et les fonctionnalit\u00e9s de votre site web. Id\u00e9al pour les inscriptions \u00e0 des \u00e9v\u00e9nements, les sondages ou les contenus exclusifs, Everest Forms Form Restriction est l&rsquo;outil id\u00e9al pour une gestion pr\u00e9cise des formulaires. D\u00e9couvrez d\u00e8s aujourd&rsquo;hui l&rsquo;int\u00e9gration fluide et les performances robustes d&rsquo;Everest Forms Form Restriction et optimisez la gestion de vos formulaires\u00a0!<\/p>\n","protected":false},"featured_media":147082,"comment_status":"open","ping_status":"open","template":"","meta":[],"product_brand":[2681],"product_cat":[1189,1181,1186],"product_tag":[2210],"class_list":{"0":"post-141012","1":"product","2":"type-product","3":"status-publish","4":"has-post-thumbnail","6":"product_brand-wpeverest","7":"product_cat-personnalisation","8":"product_cat-plugins","9":"product_cat-wordpress-plugins","10":"product_tag-wpeverest","11":"member-discount","12":"discount-restricted","14":"first","15":"instock","16":"sale","17":"downloadable","18":"virtual","19":"sold-individually","20":"purchasable","21":"product-type-simple"},"_links":{"self":[{"href":"https:\/\/gpl-love.com\/fr\/wp-json\/wp\/v2\/product\/141012","targetHints":{"allow":["GET"]}}],"collection":[{"href":"https:\/\/gpl-love.com\/fr\/wp-json\/wp\/v2\/product"}],"about":[{"href":"https:\/\/gpl-love.com\/fr\/wp-json\/wp\/v2\/types\/product"}],"replies":[{"embeddable":true,"href":"https:\/\/gpl-love.com\/fr\/wp-json\/wp\/v2\/comments?post=141012"}],"wp:featuredmedia":[{"embeddable":true,"href":"https:\/\/gpl-love.com\/fr\/wp-json\/wp\/v2\/media\/147082"}],"wp:attachment":[{"href":"https:\/\/gpl-love.com\/fr\/wp-json\/wp\/v2\/media?parent=141012"}],"wp:term":[{"taxonomy":"product_brand","embeddable":true,"href":"https:\/\/gpl-love.com\/fr\/wp-json\/wp\/v2\/product_brand?post=141012"},{"taxonomy":"product_cat","embeddable":true,"href":"https:\/\/gpl-love.com\/fr\/wp-json\/wp\/v2\/product_cat?post=141012"},{"taxonomy":"product_tag","embeddable":true,"href":"https:\/\/gpl-love.com\/fr\/wp-json\/wp\/v2\/product_tag?post=141012"}],"curies":[{"name":"wp","href":"https:\/\/api.w.org\/{rel}","templated":true}]}}