{"id":141010,"date":"2024-09-21T00:00:00","date_gmt":"2024-09-20T22:00:00","guid":{"rendered":"https:\/\/gpl-love.com\/fr\/produit\/everest-forms-constant-contact-1-0-1\/"},"modified":"2026-03-21T00:03:57","modified_gmt":"2026-03-20T23:03:57","slug":"everest-forms-constant-contact-1-0-1","status":"publish","type":"product","link":"https:\/\/gpl-love.com\/fr\/produit\/everest-forms-constant-contact-1-0-1\/","title":{"rendered":"Everest Forms Constant Contact 1.0.1"},"content":{"rendered":"<h3>Everest Forms Constant Contact Traits<\/h3>\n<p>D\u00e9couvrez l&rsquo;int\u00e9gration Everest Forms Constant Contact\u00a0: la solution id\u00e9ale pour un marketing par e-mail fluide\u00a0! Con\u00e7ue pour \u00eatre efficace et intuitive, cette int\u00e9gration vous permet de connecter facilement Everest Forms \u00e0 Constant Contact, l&rsquo;une des principales plateformes d&rsquo;e-mailing.<\/p>\n<p>Gr\u00e2ce \u00e0 l&rsquo;int\u00e9gration Everest Forms Constant Contact, vous pouvez facilement attirer des prospects et d\u00e9velopper vos listes d&rsquo;e-mails en synchronisant automatiquement les soumissions de formulaires avec votre compte Constant Contact. Fini la saisie manuelle et le risque de perdre des informations clients pr\u00e9cieuses\u00a0: tout est simplifi\u00e9 et automatis\u00e9.<\/p>\n<p>Cette puissante int\u00e9gration offre des champs de formulaire personnalisables pour r\u00e9pondre \u00e0 vos besoins marketing, vous garantissant ainsi de collecter les donn\u00e9es pertinentes \u00e0 chaque fois. Que vous dirigiez une petite ou une grande entreprise, l&rsquo;int\u00e9gration Everest Forms Constant Contact s&rsquo;adapte \u00e0 vos besoins, offrant des performances et une fiabilit\u00e9 optimales.<\/p>\n<p>Les principales fonctionnalit\u00e9s incluent la synchronisation des donn\u00e9es en temps r\u00e9el, des mod\u00e8les de formulaires personnalisables et des analyses avanc\u00e9es pour suivre la r\u00e9ussite de vos campagnes. De plus, gr\u00e2ce \u00e0 notre outil de cr\u00e9ation de formulaires intuitif par glisser-d\u00e9poser, cr\u00e9er et int\u00e9grer des formulaires n&rsquo;a jamais \u00e9t\u00e9 aussi simple.<\/p>\n<p>Transformez votre strat\u00e9gie de marketing par e-mail d\u00e8s aujourd&rsquo;hui avec l&rsquo;int\u00e9gration Everest Forms Constant Contact \u2013 le<\/p>\n<ul>\n<li>Int\u00e9gration transparente avec Constant Contact<\/li>\n<li>Cr\u00e9ation de formulaires intuitive par glisser-d\u00e9poser<\/li>\n<li>Plusieurs mod\u00e8les de formulaires disponibles<\/li>\n<li>Fonctionnalit\u00e9s conformes au RGPD<\/li>\n<li>Notifications par e-mail personnalisables<\/li>\n<li>Protection anti-spam avec reCAPTCHA<\/li>\n<li>Formulaire multi-\u00e9tapes<\/li>\n<li>Conception adapt\u00e9e aux appareils mobiles<\/li>\n<li>Options de champs avanc\u00e9es<\/li>\n<li>Exportation des entr\u00e9es du formulaire au format CSV<\/li>\n<\/ul>\n","protected":false},"excerpt":{"rendered":"<p>D\u00e9couvrez Everest Forms, la solution id\u00e9ale pour une int\u00e9gration fluide avec Constant Contact\u00a0! Dynamisez vos campagnes d&#8217;email marketing en toute simplicit\u00e9 gr\u00e2ce \u00e0 la puissance d&rsquo;Everest Forms et de Constant Contact. Capturez des prospects gr\u00e2ce \u00e0 nos formulaires conviviaux et personnalisables et synchronisez-les automatiquement avec vos listes Constant Contact. Id\u00e9al pour les entreprises de toutes tailles, Everest Forms garantit un flux de travail fluide et efficace, vous faisant gagner du temps et maximisant votre potentiel marketing. Commencez d\u00e8s aujourd&rsquo;hui et voyez votre engagement exploser\u00a0!<\/p>\n","protected":false},"featured_media":147081,"comment_status":"open","ping_status":"open","template":"","meta":[],"product_brand":[2681],"product_cat":[1207,1181,1186],"product_tag":[2210],"class_list":{"0":"post-141010","1":"product","2":"type-product","3":"status-publish","4":"has-post-thumbnail","6":"product_brand-wpeverest","7":"product_cat-commercialisation-wordpress-plugins","8":"product_cat-plugins","9":"product_cat-wordpress-plugins","10":"product_tag-wpeverest","11":"member-discount","12":"discount-restricted","14":"first","15":"instock","16":"sale","17":"downloadable","18":"virtual","19":"sold-individually","20":"purchasable","21":"product-type-simple"},"_links":{"self":[{"href":"https:\/\/gpl-love.com\/fr\/wp-json\/wp\/v2\/product\/141010","targetHints":{"allow":["GET"]}}],"collection":[{"href":"https:\/\/gpl-love.com\/fr\/wp-json\/wp\/v2\/product"}],"about":[{"href":"https:\/\/gpl-love.com\/fr\/wp-json\/wp\/v2\/types\/product"}],"replies":[{"embeddable":true,"href":"https:\/\/gpl-love.com\/fr\/wp-json\/wp\/v2\/comments?post=141010"}],"wp:featuredmedia":[{"embeddable":true,"href":"https:\/\/gpl-love.com\/fr\/wp-json\/wp\/v2\/media\/147081"}],"wp:attachment":[{"href":"https:\/\/gpl-love.com\/fr\/wp-json\/wp\/v2\/media?parent=141010"}],"wp:term":[{"taxonomy":"product_brand","embeddable":true,"href":"https:\/\/gpl-love.com\/fr\/wp-json\/wp\/v2\/product_brand?post=141010"},{"taxonomy":"product_cat","embeddable":true,"href":"https:\/\/gpl-love.com\/fr\/wp-json\/wp\/v2\/product_cat?post=141010"},{"taxonomy":"product_tag","embeddable":true,"href":"https:\/\/gpl-love.com\/fr\/wp-json\/wp\/v2\/product_tag?post=141010"}],"curies":[{"name":"wp","href":"https:\/\/api.w.org\/{rel}","templated":true}]}}