{"id":141008,"date":"2024-09-21T00:00:00","date_gmt":"2024-09-20T22:00:00","guid":{"rendered":"https:\/\/gpl-love.com\/fr\/produit\/everest-forms-campaign-monitor-1-0-2\/"},"modified":"2026-03-21T00:03:56","modified_gmt":"2026-03-20T23:03:56","slug":"everest-forms-campaign-monitor-1-0-2","status":"publish","type":"product","link":"https:\/\/gpl-love.com\/fr\/produit\/everest-forms-campaign-monitor-1-0-2\/","title":{"rendered":"Everest Forms Campaign Monitor 1.0.2"},"content":{"rendered":"<h3>Everest Forms Campaign Monitor Traits<\/h3>\n<p>Absolument\u00a0! Voici une description de produit attrayante et optimis\u00e9e pour le r\u00e9f\u00e9rencement, utilisant les mots-cl\u00e9s Everest Forms et Campaign Monitor, en 200\u00a0mots maximum\u00a0:<\/p>\n<p>&#8212;<\/p>\n<p>D\u00e9couvrez un marketing par e-mail fluide avec Everest Forms et Campaign Monitor\u00a0! Everest Forms, une puissante extension WordPress, simplifie la cr\u00e9ation de vos formulaires gr\u00e2ce \u00e0 son interface intuitive par glisser-d\u00e9poser. Que vous cr\u00e9iez des formulaires de contact, des sondages ou des inscriptions \u00e0 des \u00e9v\u00e9nements, Everest Forms vous offre une large gamme de mod\u00e8les personnalisables.<\/p>\n<p>Mais la magie ne s&rsquo;arr\u00eate pas l\u00e0. Int\u00e9grez Everest Forms \u00e0 Campaign Monitor pour dynamiser vos campagnes e-mail. Avec Campaign Monitor, synchronisez facilement les soumissions de formulaires avec vos listes de diffusion, garantissant ainsi que votre audience est toujours inform\u00e9e. Cr\u00e9ez des newsletters percutantes, des campagnes de drip marketing automatis\u00e9es et des messages personnalis\u00e9s pour engager votre audience comme jamais auparavant.<\/p>\n<p>L&rsquo;int\u00e9gration est simple et ne n\u00e9cessite aucune comp\u00e9tence en codage, ce qui la rend accessible aux utilisateurs de tous niveaux. Attirez des prospects avec Everest Forms et fid\u00e9lisez-les gr\u00e2ce aux puissants outils d&#8217;email marketing de Campaign Monitor. Optimisez votre strat\u00e9gie marketing.<\/p>\n<ul>\n<li>Int\u00e9gration transparente avec Campaign Monitor<\/li>\n<li>Cr\u00e9ateur de formulaires convivial par glisser-d\u00e9poser<\/li>\n<li>Mod\u00e8les de formulaires personnalisables<\/li>\n<li>Notifications par e-mail en temps r\u00e9el<\/li>\n<li>Logique conditionnelle pour les formulaires dynamiques<\/li>\n<li>Conception adapt\u00e9e aux appareils mobiles<\/li>\n<li>Fonctionnalit\u00e9s conformes au RGPD<\/li>\n<li>Protection anti-spam et prise en charge des CAPTCHA<\/li>\n<li>Gestion d\u00e9taill\u00e9e des saisies de formulaires<\/li>\n<li>Options de style avanc\u00e9es<\/li>\n<\/ul>\n","protected":false},"excerpt":{"rendered":"<p>D\u00e9couvrez Everest Forms, la solution ultime pour cr\u00e9er des formulaires en toute simplicit\u00e9, int\u00e9gr\u00e9e \u00e0 Campaign Monitor. Concevez et g\u00e9rez facilement vos formulaires gr\u00e2ce \u00e0 notre outil intuitif de cr\u00e9ation par glisser-d\u00e9poser. Capturez efficacement vos prospects et synchronisez-les directement avec vos listes Campaign Monitor. Everest Forms garantit une exp\u00e9rience utilisateur fluide, ce qui en fait l&rsquo;outil incontournable des marketeurs et des propri\u00e9taires de sites web. Optimisez votre strat\u00e9gie d&#8217;emailing d\u00e8s aujourd&rsquo;hui gr\u00e2ce \u00e0 l&rsquo;int\u00e9gration d&rsquo;Everest Forms et de Campaign Monitor. Cr\u00e9ez des formulaires performants et g\u00e9n\u00e9rateurs de conversions\u00a0!<\/p>\n","protected":false},"featured_media":147080,"comment_status":"open","ping_status":"open","template":"","meta":[],"product_brand":[2681],"product_cat":[1207,1181,1186],"product_tag":[2210],"class_list":{"0":"post-141008","1":"product","2":"type-product","3":"status-publish","4":"has-post-thumbnail","6":"product_brand-wpeverest","7":"product_cat-commercialisation-wordpress-plugins","8":"product_cat-plugins","9":"product_cat-wordpress-plugins","10":"product_tag-wpeverest","11":"member-discount","12":"discount-restricted","14":"first","15":"instock","16":"sale","17":"downloadable","18":"virtual","19":"sold-individually","20":"purchasable","21":"product-type-simple"},"_links":{"self":[{"href":"https:\/\/gpl-love.com\/fr\/wp-json\/wp\/v2\/product\/141008","targetHints":{"allow":["GET"]}}],"collection":[{"href":"https:\/\/gpl-love.com\/fr\/wp-json\/wp\/v2\/product"}],"about":[{"href":"https:\/\/gpl-love.com\/fr\/wp-json\/wp\/v2\/types\/product"}],"replies":[{"embeddable":true,"href":"https:\/\/gpl-love.com\/fr\/wp-json\/wp\/v2\/comments?post=141008"}],"wp:featuredmedia":[{"embeddable":true,"href":"https:\/\/gpl-love.com\/fr\/wp-json\/wp\/v2\/media\/147080"}],"wp:attachment":[{"href":"https:\/\/gpl-love.com\/fr\/wp-json\/wp\/v2\/media?parent=141008"}],"wp:term":[{"taxonomy":"product_brand","embeddable":true,"href":"https:\/\/gpl-love.com\/fr\/wp-json\/wp\/v2\/product_brand?post=141008"},{"taxonomy":"product_cat","embeddable":true,"href":"https:\/\/gpl-love.com\/fr\/wp-json\/wp\/v2\/product_cat?post=141008"},{"taxonomy":"product_tag","embeddable":true,"href":"https:\/\/gpl-love.com\/fr\/wp-json\/wp\/v2\/product_tag?post=141008"}],"curies":[{"name":"wp","href":"https:\/\/api.w.org\/{rel}","templated":true}]}}