{"id":141004,"date":"2026-02-26T00:00:00","date_gmt":"2026-02-25T23:00:00","guid":{"rendered":"https:\/\/gpl-love.com\/fr\/produit\/everest-forms-paypal-standard-1-2-0\/"},"modified":"2026-04-02T12:31:16","modified_gmt":"2026-04-02T10:31:16","slug":"everest-forms-paypal-standard-1-2-0","status":"publish","type":"product","link":"https:\/\/gpl-love.com\/fr\/produit\/everest-forms-paypal-standard-1-2-0\/","title":{"rendered":"Everest Forms PayPal Standard 1.2.4"},"content":{"rendered":"<h3>Everest Forms PayPal Standard Traits<\/h3>\n<p>B\u00e9n\u00e9ficiez d&rsquo;un traitement des paiements fluide sur votre site WordPress gr\u00e2ce \u00e0 l&rsquo;extension Everest Forms PayPal Standard. Con\u00e7u pour une int\u00e9gration ais\u00e9e, cet outil puissant facilite les paiements r\u00e9currents. Suivez notre guide d&rsquo;installation complet d&rsquo;Everest Forms PayPal Standard pour une installation et une configuration fluides.<\/p>\n<p>Notre extension int\u00e8gre les fonctionnalit\u00e9s haut de gamme d&rsquo;Everest Forms PayPal Standard, telles que des options de passerelle de paiement avanc\u00e9es et une prise en charge API robuste, garantissant une exp\u00e9rience de transaction fiable. Plongez dans notre documentation compl\u00e8te et notre guide d&rsquo;utilisation d&rsquo;Everest Forms PayPal Standard pour explorer toutes les fonctionnalit\u00e9s et optimiser les performances de votre site.<\/p>\n<p>Gr\u00e2ce \u00e0 la compatibilit\u00e9 d&rsquo;Everest Forms PayPal Standard, vous avez l&rsquo;assurance qu&rsquo;il fonctionnera parfaitement avec votre configuration WordPress existante. En cas de probl\u00e8me, notre \u00e9quipe d&rsquo;assistance d\u00e9di\u00e9e \u00e0 Everest Forms PayPal Standard et nos ressources de d\u00e9pannage sont l\u00e0 pour vous aider.<\/p>\n<p>Profitez de tutoriels d\u00e9taill\u00e9s sur Everest Forms PayPal Standard et de conseils de configuration pratiques pour optimiser les performances de votre extension.<\/p>\n<ul>\n<li>Int\u00e9gration transparente avec la passerelle de paiement PayPal standard<\/li>\n<li>Installation et configuration faciles<\/li>\n<li>Traitement s\u00e9curis\u00e9 des paiements<\/li>\n<li>Prise en charge de plusieurs devises<\/li>\n<li>Interface mobile<\/li>\n<li>Champs de formulaire personnalisables<\/li>\n<li>Notifications de paiement en temps r\u00e9el<\/li>\n<li>Journaux de transactions d\u00e9taill\u00e9s<\/li>\n<li>Compatible avec WordPress<\/li>\n<li>Mises \u00e0 jour r\u00e9guli\u00e8res et assistance client<\/li>\n<\/ul>\n","protected":false},"excerpt":{"rendered":"<p>D\u00e9couvrez le plugin Everest Forms PayPal Standard pour WordPress, la solution id\u00e9ale pour des paiements r\u00e9currents fluides. Notre guide d&rsquo;installation complet simplifie l&rsquo;installation et la configuration d&rsquo;Everest Forms PayPal Standard. B\u00e9n\u00e9ficiez de fonctionnalit\u00e9s robustes et d&rsquo;une int\u00e9gration simple gr\u00e2ce \u00e0 notre tutoriel et guide d&rsquo;utilisation d\u00e9taill\u00e9s. Assurez la compatibilit\u00e9 avec votre site et simplifiez vos transactions avec la passerelle de paiement Everest Forms PayPal Standard. D\u00e9couvrez une documentation compl\u00e8te, les param\u00e8tres API et l&rsquo;assistance en cas de probl\u00e8me pour une exp\u00e9rience optimale. Optimisez vos solutions de paiement d\u00e8s aujourd&rsquo;hui avec Everest Forms PayPal Standard et profitez d&rsquo;une assistance et d&rsquo;une fiabilit\u00e9 in\u00e9gal\u00e9es.<\/p>\n","protected":false},"featured_media":147078,"comment_status":"open","ping_status":"open","template":"","meta":[],"product_brand":[2681],"product_cat":[1253,1181,1186],"product_tag":[2210],"class_list":{"0":"post-141004","1":"product","2":"type-product","3":"status-publish","4":"has-post-thumbnail","6":"product_brand-wpeverest","7":"product_cat-paiement","8":"product_cat-plugins","9":"product_cat-wordpress-plugins","10":"product_tag-wpeverest","11":"member-discount","12":"discount-restricted","14":"first","15":"instock","16":"sale","17":"downloadable","18":"virtual","19":"sold-individually","20":"purchasable","21":"product-type-simple"},"_links":{"self":[{"href":"https:\/\/gpl-love.com\/fr\/wp-json\/wp\/v2\/product\/141004","targetHints":{"allow":["GET"]}}],"collection":[{"href":"https:\/\/gpl-love.com\/fr\/wp-json\/wp\/v2\/product"}],"about":[{"href":"https:\/\/gpl-love.com\/fr\/wp-json\/wp\/v2\/types\/product"}],"replies":[{"embeddable":true,"href":"https:\/\/gpl-love.com\/fr\/wp-json\/wp\/v2\/comments?post=141004"}],"wp:featuredmedia":[{"embeddable":true,"href":"https:\/\/gpl-love.com\/fr\/wp-json\/wp\/v2\/media\/147078"}],"wp:attachment":[{"href":"https:\/\/gpl-love.com\/fr\/wp-json\/wp\/v2\/media?parent=141004"}],"wp:term":[{"taxonomy":"product_brand","embeddable":true,"href":"https:\/\/gpl-love.com\/fr\/wp-json\/wp\/v2\/product_brand?post=141004"},{"taxonomy":"product_cat","embeddable":true,"href":"https:\/\/gpl-love.com\/fr\/wp-json\/wp\/v2\/product_cat?post=141004"},{"taxonomy":"product_tag","embeddable":true,"href":"https:\/\/gpl-love.com\/fr\/wp-json\/wp\/v2\/product_tag?post=141004"}],"curies":[{"name":"wp","href":"https:\/\/api.w.org\/{rel}","templated":true}]}}