{"id":141002,"date":"2025-04-27T00:00:00","date_gmt":"2025-04-26T22:00:00","guid":{"rendered":"https:\/\/gpl-love.com\/fr\/produit\/everest-forms-email-templates-1-0-6\/"},"modified":"2026-04-02T12:31:15","modified_gmt":"2026-04-02T10:31:15","slug":"everest-forms-email-templates-1-0-6","status":"publish","type":"product","link":"https:\/\/gpl-love.com\/fr\/produit\/everest-forms-email-templates-1-0-6\/","title":{"rendered":"Everest Forms Email Templates 1.0.8"},"content":{"rendered":"<h3>Everest Forms Email Templates Traits<\/h3>\n<p>Exploitez tout le potentiel de vos formulaires en ligne avec les mod\u00e8les d&rsquo;e-mail Everest Forms\u00a0! D\u00e9couvrez comment utiliser les mod\u00e8les d&rsquo;e-mail Everest Forms pour am\u00e9liorer votre communication et optimiser votre flux de travail. Que vous soyez d\u00e9butant ou utilisateur exp\u00e9riment\u00e9, notre guide complet sur les mod\u00e8les d&rsquo;e-mail Everest Forms vous explique \u00e9tape par \u00e9tape comment les configurer facilement.<\/p>\n<p>Laissez libre cours \u00e0 votre cr\u00e9ativit\u00e9 en personnalisant les mod\u00e8les d&rsquo;e-mail Everest Forms pour qu&rsquo;ils correspondent \u00e0 l&rsquo;identit\u00e9 de votre marque. Notre tutoriel sur les mod\u00e8les d&rsquo;e-mail Everest Forms fournit des informations d\u00e9taill\u00e9es et les meilleures pratiques pour les mod\u00e8les d&rsquo;e-mail Everest Forms, garantissant ainsi des e-mails non seulement fonctionnels, mais aussi esth\u00e9tiques. Besoin d&rsquo;inspiration\u00a0? D\u00e9couvrez notre s\u00e9lection d&rsquo;exemples de mod\u00e8les d&rsquo;e-mail Everest Forms, pr\u00e9sentant une vari\u00e9t\u00e9 de styles et de formats.<\/p>\n<p>Optimisez votre efficacit\u00e9 gr\u00e2ce \u00e0 nos conseils sur les mod\u00e8les d&rsquo;e-mail Everest Forms, con\u00e7us pour vous aider \u00e0 naviguer et \u00e0 utiliser efficacement les fonctionnalit\u00e9s. Des probl\u00e8mes\u00a0? Notre section de d\u00e9pannage propose des solutions pratiques aux probl\u00e8mes courants, facilitant ainsi la r\u00e9solution des probl\u00e8mes li\u00e9s aux mod\u00e8les d&rsquo;e-mail Everest Forms.<\/p>\n<ul>\n<li>Mod\u00e8les d&rsquo;e-mails personnalisables<\/li>\n<li>Interface glisser-d\u00e9poser intuitive<\/li>\n<li>Mod\u00e8les pr\u00e9con\u00e7us disponibles<\/li>\n<li>Conception optimis\u00e9e pour les appareils mobiles<\/li>\n<li>Int\u00e9gration aux services de messagerie les plus populaires<\/li>\n<li>Options de personnalisation des informations sur les destinataires<\/li>\n<li>D\u00e9clencheurs d&rsquo;e-mails automatis\u00e9s<\/li>\n<li>Prise en charge de plusieurs langues<\/li>\n<li>Formats d&rsquo;e-mails HTML et texte brut<\/li>\n<li>Analyses et rapports d\u00e9taill\u00e9s sur les e-mails<\/li>\n<\/ul>\n","protected":false},"excerpt":{"rendered":"<p>D\u00e9couvrez la simplicit\u00e9 d&rsquo;utilisation des mod\u00e8les d&rsquo;e-mails Everest Forms gr\u00e2ce \u00e0 notre guide complet. Apprenez \u00e0 utiliser efficacement les mod\u00e8les d&rsquo;e-mails Everest Forms gr\u00e2ce \u00e0 notre tutoriel \u00e9tape par \u00e9tape. Personnalisez vos mod\u00e8les facilement et suivez les bonnes pratiques pour des r\u00e9sultats optimaux. Notre guide comprend des conseils pratiques, des exemples et des conseils de d\u00e9pannage pour une configuration et une personnalisation fluides. Am\u00e9liorez vos communications par e-mail d\u00e8s aujourd&rsquo;hui gr\u00e2ce aux mod\u00e8les d&rsquo;e-mails Everest Forms\u00a0!<\/p>\n","protected":false},"featured_media":147077,"comment_status":"open","ping_status":"open","template":"","meta":[],"product_brand":[2681],"product_cat":[1189,1181,1186],"product_tag":[2210],"class_list":{"0":"post-141002","1":"product","2":"type-product","3":"status-publish","4":"has-post-thumbnail","6":"product_brand-wpeverest","7":"product_cat-personnalisation","8":"product_cat-plugins","9":"product_cat-wordpress-plugins","10":"product_tag-wpeverest","11":"member-discount","12":"discount-restricted","14":"first","15":"instock","16":"sale","17":"downloadable","18":"virtual","19":"sold-individually","20":"purchasable","21":"product-type-simple"},"_links":{"self":[{"href":"https:\/\/gpl-love.com\/fr\/wp-json\/wp\/v2\/product\/141002","targetHints":{"allow":["GET"]}}],"collection":[{"href":"https:\/\/gpl-love.com\/fr\/wp-json\/wp\/v2\/product"}],"about":[{"href":"https:\/\/gpl-love.com\/fr\/wp-json\/wp\/v2\/types\/product"}],"replies":[{"embeddable":true,"href":"https:\/\/gpl-love.com\/fr\/wp-json\/wp\/v2\/comments?post=141002"}],"wp:featuredmedia":[{"embeddable":true,"href":"https:\/\/gpl-love.com\/fr\/wp-json\/wp\/v2\/media\/147077"}],"wp:attachment":[{"href":"https:\/\/gpl-love.com\/fr\/wp-json\/wp\/v2\/media?parent=141002"}],"wp:term":[{"taxonomy":"product_brand","embeddable":true,"href":"https:\/\/gpl-love.com\/fr\/wp-json\/wp\/v2\/product_brand?post=141002"},{"taxonomy":"product_cat","embeddable":true,"href":"https:\/\/gpl-love.com\/fr\/wp-json\/wp\/v2\/product_cat?post=141002"},{"taxonomy":"product_tag","embeddable":true,"href":"https:\/\/gpl-love.com\/fr\/wp-json\/wp\/v2\/product_tag?post=141002"}],"curies":[{"name":"wp","href":"https:\/\/api.w.org\/{rel}","templated":true}]}}