{"id":141000,"date":"2024-09-21T00:00:00","date_gmt":"2024-09-20T22:00:00","guid":{"rendered":"https:\/\/gpl-love.com\/fr\/produit\/everest-forms-active-campaign-1-0-4\/"},"modified":"2026-03-21T00:03:53","modified_gmt":"2026-03-20T23:03:53","slug":"everest-forms-active-campaign-1-0-4","status":"publish","type":"product","link":"https:\/\/gpl-love.com\/fr\/produit\/everest-forms-active-campaign-1-0-4\/","title":{"rendered":"Everest Forms Active Campaign 1.0.4"},"content":{"rendered":"<h3>Everest Forms Active Campaign Traits<\/h3>\n<p>Lib\u00e9rez tout le potentiel de votre site web gr\u00e2ce \u00e0 l&rsquo;int\u00e9gration d&rsquo;Everest Forms \u00e0 Active Campaign\u00a0! Id\u00e9ale pour les entreprises souhaitant optimiser leurs efforts marketing, cette connexion fluide entre Everest Forms et Active Campaign simplifie plus que jamais la capture de prospects et leur fid\u00e9lisation gr\u00e2ce \u00e0 des campagnes d&rsquo;e-mailing automatis\u00e9es.<\/p>\n<p>Everest Forms, reconnu pour sa fonctionnalit\u00e9 glisser-d\u00e9poser intuitive, vous permet de cr\u00e9er des formulaires personnalis\u00e9s en quelques minutes. Que vous ayez besoin de formulaires de contact, d&rsquo;enqu\u00eates ou d&rsquo;inscriptions, Everest Forms est l\u00e0 pour vous. D\u00e9sormais, gr\u00e2ce \u00e0 l&rsquo;int\u00e9gration \u00e0 Active Campaign, chaque soumission de formulaire d\u00e9clenche automatiquement des s\u00e9quences d&rsquo;e-mails cibl\u00e9es, vous permettant ainsi d&rsquo;engager et de convertir vos prospects en toute simplicit\u00e9.<\/p>\n<p>D\u00e9couvrez la puissance de l&rsquo;automatisation marketing avanc\u00e9e associ\u00e9e \u00e0 la cr\u00e9ation intuitive de formulaires. Fini la saisie manuelle de donn\u00e9es et les opportunit\u00e9s manqu\u00e9es\u00a0: profitez de flux de travail fluides et efficaces con\u00e7us pour d\u00e9velopper votre activit\u00e9. Id\u00e9ale pour les petites entreprises, les boutiques en ligne et les marketeurs qui souhaitent gagner du temps et booster leurs conversions, cette int\u00e9gration r\u00e9volutionne votre activit\u00e9.<\/p>\n<p>Ne passez pas \u00e0 c\u00f4t\u00e9 de cet outil puissant. Essayez l&rsquo;int\u00e9gration d&rsquo;Everest Forms \u00e0 Active Campaign d\u00e8s aujourd&rsquo;hui et voyez votre entreprise s&rsquo;envoler.<\/p>\n<ul>\n<li>Int\u00e9gration transparente avec Active Campaign<\/li>\n<li>Cr\u00e9ateur de formulaires par glisser-d\u00e9poser<\/li>\n<li>Mod\u00e8les de formulaires personnalisables<\/li>\n<li>Protection anti-spam avec Google reCAPTCHA<\/li>\n<li>Logique conditionnelle pour formulaires personnalis\u00e9s<\/li>\n<li>Prise en charge des formulaires en plusieurs \u00e9tapes<\/li>\n<li>Notifications par e-mail pour les soumissions de formulaires<\/li>\n<li>Conformit\u00e9 au RGPD<\/li>\n<li>Design adaptatif pour mobile<\/li>\n<li>Gestion simplifi\u00e9e des donn\u00e9es de formulaire et options d&rsquo;exportation<\/li>\n<\/ul>\n","protected":false},"excerpt":{"rendered":"<p>D\u00e9couvrez Everest Forms Active Campaign\u00a0: la solution ultime pour une int\u00e9gration fluide des formulaires et l&rsquo;automatisation de l&rsquo;e-mail marketing. Cr\u00e9ez facilement des formulaires personnalis\u00e9s et connectez-les directement \u00e0 votre compte Active Campaign. Optimisez l&rsquo;engagement utilisateur gr\u00e2ce \u00e0 une conception intuitive, des fonctionnalit\u00e9s avanc\u00e9es et des analyses en temps r\u00e9el. Id\u00e9al pour les entreprises de toutes tailles, Everest Forms Active Campaign simplifie la collecte de donn\u00e9es et la gestion des e-mails, vous faisant gagner du temps et augmentant vos taux de conversion. Transformez votre strat\u00e9gie marketing d\u00e8s aujourd&rsquo;hui gr\u00e2ce \u00e0 cet outil puissant et convivial.<\/p>\n","protected":false},"featured_media":147076,"comment_status":"open","ping_status":"open","template":"","meta":[],"product_brand":[2681],"product_cat":[1207,1181,1186],"product_tag":[2210],"class_list":{"0":"post-141000","1":"product","2":"type-product","3":"status-publish","4":"has-post-thumbnail","6":"product_brand-wpeverest","7":"product_cat-commercialisation-wordpress-plugins","8":"product_cat-plugins","9":"product_cat-wordpress-plugins","10":"product_tag-wpeverest","11":"member-discount","12":"discount-restricted","14":"first","15":"instock","16":"sale","17":"downloadable","18":"virtual","19":"sold-individually","20":"purchasable","21":"product-type-simple"},"_links":{"self":[{"href":"https:\/\/gpl-love.com\/fr\/wp-json\/wp\/v2\/product\/141000","targetHints":{"allow":["GET"]}}],"collection":[{"href":"https:\/\/gpl-love.com\/fr\/wp-json\/wp\/v2\/product"}],"about":[{"href":"https:\/\/gpl-love.com\/fr\/wp-json\/wp\/v2\/types\/product"}],"replies":[{"embeddable":true,"href":"https:\/\/gpl-love.com\/fr\/wp-json\/wp\/v2\/comments?post=141000"}],"wp:featuredmedia":[{"embeddable":true,"href":"https:\/\/gpl-love.com\/fr\/wp-json\/wp\/v2\/media\/147076"}],"wp:attachment":[{"href":"https:\/\/gpl-love.com\/fr\/wp-json\/wp\/v2\/media?parent=141000"}],"wp:term":[{"taxonomy":"product_brand","embeddable":true,"href":"https:\/\/gpl-love.com\/fr\/wp-json\/wp\/v2\/product_brand?post=141000"},{"taxonomy":"product_cat","embeddable":true,"href":"https:\/\/gpl-love.com\/fr\/wp-json\/wp\/v2\/product_cat?post=141000"},{"taxonomy":"product_tag","embeddable":true,"href":"https:\/\/gpl-love.com\/fr\/wp-json\/wp\/v2\/product_tag?post=141000"}],"curies":[{"name":"wp","href":"https:\/\/api.w.org\/{rel}","templated":true}]}}