{"id":140998,"date":"2024-09-21T00:00:00","date_gmt":"2024-09-20T22:00:00","guid":{"rendered":"https:\/\/gpl-love.com\/fr\/produit\/everest-forms-ai-contact-form-1-0-1\/"},"modified":"2026-03-21T00:03:52","modified_gmt":"2026-03-20T23:03:52","slug":"everest-forms-ai-contact-form-1-0-1","status":"publish","type":"product","link":"https:\/\/gpl-love.com\/fr\/produit\/everest-forms-ai-contact-form-1-0-1\/","title":{"rendered":"Everest Forms AI Contact Form 1.0.1"},"content":{"rendered":"<h3>Everest Forms AI Contact Form Traits<\/h3>\n<p>D\u00e9couvrez le formulaire de contact IA Everest Forms\u00a0: le plugin ultime pour formulaires de contact IA, con\u00e7u pour r\u00e9volutionner l&rsquo;interaction avec votre site web. Gr\u00e2ce aux fonctionnalit\u00e9s du plugin Everest Forms, cr\u00e9ez facilement des formulaires avec l&rsquo;IA. Notre formulaire de contact IA s&rsquo;appuie sur une technologie avanc\u00e9e pour une cr\u00e9ation et une gestion fluides et intuitives.<\/p>\n<p>B\u00e9n\u00e9ficiez d&rsquo;une personnalisation in\u00e9gal\u00e9e avec Everest Forms gr\u00e2ce \u00e0 notre g\u00e9n\u00e9rateur de formulaires IA, qui comprend un large \u00e9ventail de mod\u00e8les Everest Forms. Ces mod\u00e8les sont con\u00e7us pour r\u00e9pondre \u00e0 diff\u00e9rents besoins, vous garantissant ainsi un point de d\u00e9part id\u00e9al. La fonctionnalit\u00e9 glisser-d\u00e9poser d&rsquo;Everest Forms le rend incroyablement convivial, vous permettant de cr\u00e9er des formulaires sans aucune connaissance en codage.<\/p>\n<p>Int\u00e9grez facilement des formulaires de contact intelligents gr\u00e2ce aux fonctionnalit\u00e9s d&rsquo;int\u00e9gration d&rsquo;Everest Forms, garantissant ainsi une compatibilit\u00e9 optimale avec d&rsquo;autres plateformes. Notre fonction d&rsquo;automatisation des formulaires IA g\u00e8re les t\u00e2ches r\u00e9p\u00e9titives, optimisant ainsi votre flux de travail. L&rsquo;int\u00e9gration WordPress d&rsquo;Everest Forms garantit l&rsquo;optimisation de vos formulaires pour les CMS les plus populaires.<\/p>\n<p>Profitez d&rsquo;une tranquillit\u00e9 d&rsquo;esprit<\/p>\n<ul>\n<li>G\u00e9n\u00e9rateur de formulaires optimis\u00e9 par l&rsquo;IA<\/li>\n<li>Interface glisser-d\u00e9poser<\/li>\n<li>Champs de formulaire personnalisables<\/li>\n<li>Protection anti-spam int\u00e9gr\u00e9e<\/li>\n<li>Validation des donn\u00e9es en temps r\u00e9el<\/li>\n<li>Formulaires multi-\u00e9tapes pris en charge<\/li>\n<li>Conception optimis\u00e9e pour les appareils mobiles<\/li>\n<li>Int\u00e9gration aux plateformes de marketing par e-mail<\/li>\n<li>Logique conditionnelle pour les formulaires dynamiques<\/li>\n<li>Analyses et rapports d\u00e9taill\u00e9s<\/li>\n<\/ul>\n","protected":false},"excerpt":{"rendered":"<p>D\u00e9couvrez Everest Forms AI Contact Form, un plugin de formulaire de contact optimis\u00e9 par l&rsquo;IA, con\u00e7u pour r\u00e9volutionner votre exp\u00e9rience de cr\u00e9ation de formulaires. Avec Everest Forms, cr\u00e9ez facilement des formulaires avec l&rsquo;IA gr\u00e2ce \u00e0 ses formulaires de contact intelligents et \u00e0 ses fonctionnalit\u00e9s d&rsquo;automatisation. Profitez d&rsquo;une int\u00e9gration et d&rsquo;une personnalisation fluides d&rsquo;Everest Forms gr\u00e2ce \u00e0 une fonctionnalit\u00e9 glisser-d\u00e9poser intuitive. Le plugin Everest Forms propose des mod\u00e8les pr\u00e9d\u00e9finis et une prise en charge WordPress robuste, garantissant une configuration fluide. D\u00e9couvrez la puissance du g\u00e9n\u00e9rateur de formulaires IA et optimisez l&rsquo;interaction sur votre site gr\u00e2ce \u00e0 des formulaires intelligents et r\u00e9actifs. Profitez d\u00e8s aujourd&rsquo;hui d&rsquo;une simplicit\u00e9 et d&rsquo;une efficacit\u00e9 in\u00e9gal\u00e9es avec Everest Forms AI Contact Form\u00a0!<\/p>\n","protected":false},"featured_media":147075,"comment_status":"open","ping_status":"open","template":"","meta":[],"product_brand":[2681],"product_cat":[1189,1181,1186],"product_tag":[2210],"class_list":{"0":"post-140998","1":"product","2":"type-product","3":"status-publish","4":"has-post-thumbnail","6":"product_brand-wpeverest","7":"product_cat-personnalisation","8":"product_cat-plugins","9":"product_cat-wordpress-plugins","10":"product_tag-wpeverest","11":"member-discount","12":"discount-restricted","14":"first","15":"instock","16":"sale","17":"downloadable","18":"virtual","19":"sold-individually","20":"purchasable","21":"product-type-simple"},"_links":{"self":[{"href":"https:\/\/gpl-love.com\/fr\/wp-json\/wp\/v2\/product\/140998","targetHints":{"allow":["GET"]}}],"collection":[{"href":"https:\/\/gpl-love.com\/fr\/wp-json\/wp\/v2\/product"}],"about":[{"href":"https:\/\/gpl-love.com\/fr\/wp-json\/wp\/v2\/types\/product"}],"replies":[{"embeddable":true,"href":"https:\/\/gpl-love.com\/fr\/wp-json\/wp\/v2\/comments?post=140998"}],"wp:featuredmedia":[{"embeddable":true,"href":"https:\/\/gpl-love.com\/fr\/wp-json\/wp\/v2\/media\/147075"}],"wp:attachment":[{"href":"https:\/\/gpl-love.com\/fr\/wp-json\/wp\/v2\/media?parent=140998"}],"wp:term":[{"taxonomy":"product_brand","embeddable":true,"href":"https:\/\/gpl-love.com\/fr\/wp-json\/wp\/v2\/product_brand?post=140998"},{"taxonomy":"product_cat","embeddable":true,"href":"https:\/\/gpl-love.com\/fr\/wp-json\/wp\/v2\/product_cat?post=140998"},{"taxonomy":"product_tag","embeddable":true,"href":"https:\/\/gpl-love.com\/fr\/wp-json\/wp\/v2\/product_tag?post=140998"}],"curies":[{"name":"wp","href":"https:\/\/api.w.org\/{rel}","templated":true}]}}