{"id":140996,"date":"2025-04-27T00:00:00","date_gmt":"2025-04-26T22:00:00","guid":{"rendered":"https:\/\/gpl-love.com\/fr\/produit\/everest-forms-custom-captcha-1-1-1\/"},"modified":"2026-04-02T12:31:15","modified_gmt":"2026-04-02T10:31:15","slug":"everest-forms-custom-captcha-1-1-1","status":"publish","type":"product","link":"https:\/\/gpl-love.com\/fr\/produit\/everest-forms-custom-captcha-1-1-1\/","title":{"rendered":"Everest Forms Custom Captcha 1.1.3"},"content":{"rendered":"<h3>Everest Forms Custom Captcha Traits<\/h3>\n<p>D\u00e9couvrez le plugin Everest Forms Custom Captcha\u00a0: la solution ultime pour une s\u00e9curit\u00e9 renforc\u00e9e et une protection anti-spam renforc\u00e9e. S&rsquo;int\u00e9grant parfaitement \u00e0 Everest Forms, ce plugin offre une fonctionnalit\u00e9 captcha personnalis\u00e9e robuste, adapt\u00e9e \u00e0 vos besoins. Dites adieu aux spams et profitez d&rsquo;un site WordPress plus s\u00e9curis\u00e9.<\/p>\n<p>Gr\u00e2ce \u00e0 l&rsquo;int\u00e9gration d&rsquo;Everest Forms Custom Captcha, ajoutez facilement des captcha personnalis\u00e9s pour Everest Forms, garantissant ainsi que seules les saisies authentiques soient accept\u00e9es. Notre syst\u00e8me avanc\u00e9 de protection anti-spam Everest Forms est con\u00e7u pour tenir les robots \u00e0 distance, vous offrant ainsi une tranquillit\u00e9 d&rsquo;esprit optimale.<\/p>\n<p>G\u00e9rez facilement les param\u00e8tres de votre captcha Everest Forms gr\u00e2ce \u00e0 une interface intuitive, alliant simplicit\u00e9 et efficacit\u00e9. Pour ceux qui privil\u00e9gient la s\u00e9curit\u00e9 reconnue de Google, notre plugin prend en charge Google reCAPTCHA Everest Forms, alliant praticit\u00e9 et protection de pointe.<\/p>\n<p>Optimisez les capacit\u00e9s de votre captcha WordPress Everest Forms gr\u00e2ce \u00e0 cet outil de s\u00e9curit\u00e9 indispensable. La configuration du plugin Everest Forms Custom Captcha est simple et accessible \u00e0 tous les utilisateurs. Donnez la priorit\u00e9 \u00e0 la s\u00e9curit\u00e9 de votre site avec les fonctionnalit\u00e9s anti-spam d&rsquo;Everest Forms et prot\u00e9gez vos formulaires contre les logiciels malveillants.<\/p>\n<ul>\n<li>Options de captcha personnalisables<\/li>\n<li>Int\u00e9gration facile avec Everest Forms<\/li>\n<li>Pr\u00e9vention du spam et des soumissions automatis\u00e9es<\/li>\n<li>Interface conviviale<\/li>\n<li>Prise en charge de plusieurs types de captcha (par exemple, reCAPTCHA, hCaptcha)<\/li>\n<li>Conception optimis\u00e9e pour les appareils mobiles<\/li>\n<li>Niveaux de difficult\u00e9 ajustables<\/li>\n<li>Support multilingue<\/li>\n<li>Mises \u00e0 jour et assistance r\u00e9guli\u00e8res<\/li>\n<li>Chargement rapide et rapide<\/li>\n<\/ul>\n","protected":false},"excerpt":{"rendered":"<p>D\u00e9couvrez le plugin Everest Forms Custom Captcha, la solution ultime pour une protection antispam robuste pour Everest Forms. Int\u00e9grez facilement un captcha personnalis\u00e9 pour Everest Forms et renforcez la s\u00e9curit\u00e9 gr\u00e2ce \u00e0 l&rsquo;int\u00e9gration d&rsquo;Everest Forms Captcha. Configurez facilement vos param\u00e8tres de captcha Everest Forms, y compris Google reCAPTCHA, pour s\u00e9curiser votre site WordPress. Notre configuration du plugin Everest Forms CAPTCHA garantit des mesures antispam efficaces pour votre tranquillit\u00e9 d&rsquo;esprit. Am\u00e9liorez la s\u00e9curit\u00e9 de votre Everest Forms d\u00e8s aujourd&rsquo;hui gr\u00e2ce \u00e0 notre plugin Everest Forms Captcha complet et convivial.<\/p>\n","protected":false},"featured_media":147074,"comment_status":"open","ping_status":"open","template":"","meta":[],"product_brand":[2681],"product_cat":[1189,1181,1186],"product_tag":[2210],"class_list":{"0":"post-140996","1":"product","2":"type-product","3":"status-publish","4":"has-post-thumbnail","6":"product_brand-wpeverest","7":"product_cat-personnalisation","8":"product_cat-plugins","9":"product_cat-wordpress-plugins","10":"product_tag-wpeverest","11":"member-discount","12":"discount-restricted","14":"first","15":"instock","16":"sale","17":"downloadable","18":"virtual","19":"sold-individually","20":"purchasable","21":"product-type-simple"},"_links":{"self":[{"href":"https:\/\/gpl-love.com\/fr\/wp-json\/wp\/v2\/product\/140996","targetHints":{"allow":["GET"]}}],"collection":[{"href":"https:\/\/gpl-love.com\/fr\/wp-json\/wp\/v2\/product"}],"about":[{"href":"https:\/\/gpl-love.com\/fr\/wp-json\/wp\/v2\/types\/product"}],"replies":[{"embeddable":true,"href":"https:\/\/gpl-love.com\/fr\/wp-json\/wp\/v2\/comments?post=140996"}],"wp:featuredmedia":[{"embeddable":true,"href":"https:\/\/gpl-love.com\/fr\/wp-json\/wp\/v2\/media\/147074"}],"wp:attachment":[{"href":"https:\/\/gpl-love.com\/fr\/wp-json\/wp\/v2\/media?parent=140996"}],"wp:term":[{"taxonomy":"product_brand","embeddable":true,"href":"https:\/\/gpl-love.com\/fr\/wp-json\/wp\/v2\/product_brand?post=140996"},{"taxonomy":"product_cat","embeddable":true,"href":"https:\/\/gpl-love.com\/fr\/wp-json\/wp\/v2\/product_cat?post=140996"},{"taxonomy":"product_tag","embeddable":true,"href":"https:\/\/gpl-love.com\/fr\/wp-json\/wp\/v2\/product_tag?post=140996"}],"curies":[{"name":"wp","href":"https:\/\/api.w.org\/{rel}","templated":true}]}}