{"id":140992,"date":"2024-09-21T00:00:00","date_gmt":"2024-09-20T22:00:00","guid":{"rendered":"https:\/\/gpl-love.com\/fr\/produit\/everest-forms-cloud-storage-1-0-3\/"},"modified":"2026-04-02T12:31:13","modified_gmt":"2026-04-02T10:31:13","slug":"everest-forms-cloud-storage-1-0-3","status":"publish","type":"product","link":"https:\/\/gpl-love.com\/fr\/produit\/everest-forms-cloud-storage-1-0-3\/","title":{"rendered":"Everest Forms Cloud Storage 1.0.4"},"content":{"rendered":"<h3>Everest Forms Cloud Storage Traits<\/h3>\n<p>Exploitez tout le potentiel de votre gestion de donn\u00e9es gr\u00e2ce \u00e0 l&rsquo;int\u00e9gration d&rsquo;Everest Forms Cloud Storage. Nos solutions de pointe Everest Forms Cloud Storage simplifient votre flux de travail en synchronisant et en sauvegardant vos informations critiques en toute fluidit\u00e9. Avec le plugin Everest Forms Cloud Storage, l&rsquo;installation est un jeu d&rsquo;enfant gr\u00e2ce \u00e0 notre guide d&rsquo;installation complet et \u00e0 notre tutoriel \u00e9tape par \u00e9tape.<\/p>\n<p>Nos fonctionnalit\u00e9s Everest Forms Cloud Storage garantissent une s\u00e9curit\u00e9 optimale et une compatibilit\u00e9 avec diverses plateformes. B\u00e9n\u00e9ficiez de la tranquillit\u00e9 d&rsquo;esprit offerte par la s\u00e9curit\u00e9 robuste d&rsquo;Everest Forms Cloud Storage et ses options de sauvegarde fiables. D\u00e9couvrez les avantages d&rsquo;Everest Forms Cloud Storage, notamment une synchronisation simplifi\u00e9e et une gestion efficace des donn\u00e9es.<\/p>\n<p>La tarification abordable et transparente d&rsquo;Everest Forms Cloud Storage le rend accessible aux entreprises de toutes tailles. Besoin d&rsquo;aide\u00a0? Notre \u00e9quipe d&rsquo;assistance d\u00e9di\u00e9e Everest Forms Cloud Storage est toujours l\u00e0 pour vous aider. Optimisez la gestion de vos donn\u00e9es gr\u00e2ce \u00e0 nos bonnes pratiques d&rsquo;Everest Forms Cloud Storage et assurez un fonctionnement fluide.<\/p>\n<p>Transformez votre strat\u00e9gie de gestion des donn\u00e9es avec Everest Forms Cloud Storage, votre solution ultime pour un stockage cloud s\u00e9curis\u00e9, efficace et fiable.<\/p>\n<ul>\n<li>Int\u00e9gration cloud fluide<\/li>\n<li>Soumissions de formulaires illimit\u00e9es<\/li>\n<li>Chiffrement de donn\u00e9es de haut niveau<\/li>\n<li>Interface conviviale<\/li>\n<li>Synchronisation des donn\u00e9es en temps r\u00e9el<\/li>\n<li>Forfaits de stockage personnalis\u00e9s<\/li>\n<li>Sauvegardes automatis\u00e9es<\/li>\n<li>Accessibilit\u00e9 multiplateforme<\/li>\n<li>Outils de reporting avanc\u00e9s<\/li>\n<li>Assistance client 24h\/24 et 7j\/7<\/li>\n<\/ul>\n","protected":false},"excerpt":{"rendered":"<p>D\u00e9couvrez l&rsquo;int\u00e9gration Everest Forms Cloud Storage\u00a0: la solution id\u00e9ale pour une gestion fluide des donn\u00e9es de vos formulaires\u00a0! Ce puissant plugin offre des fonctionnalit\u00e9s performantes comme une synchronisation simplifi\u00e9e, une sauvegarde fiable et une s\u00e9curit\u00e9 optimale. Notre guide d&rsquo;installation complet et notre tutoriel \u00e9tape par \u00e9tape garantissent une installation sans tracas, et notre \u00e9quipe d&rsquo;assistance d\u00e9di\u00e9e est toujours l\u00e0 pour vous aider. D\u00e9couvrez ses nombreux avantages, d&rsquo;une compatibilit\u00e9 am\u00e9lior\u00e9e \u00e0 un prix avantageux. Restez organis\u00e9 avec Everest Forms Cloud Storage et suivez les bonnes pratiques pour des performances optimales. Lib\u00e9rez tout le potentiel de vos formulaires d\u00e8s aujourd&rsquo;hui\u00a0!<\/p>\n","protected":false},"featured_media":147072,"comment_status":"open","ping_status":"open","template":"","meta":[],"product_brand":[2681],"product_cat":[1189,1181,1186],"product_tag":[2210],"class_list":{"0":"post-140992","1":"product","2":"type-product","3":"status-publish","4":"has-post-thumbnail","6":"product_brand-wpeverest","7":"product_cat-personnalisation","8":"product_cat-plugins","9":"product_cat-wordpress-plugins","10":"product_tag-wpeverest","11":"member-discount","12":"discount-restricted","14":"first","15":"instock","16":"sale","17":"downloadable","18":"virtual","19":"sold-individually","20":"purchasable","21":"product-type-simple"},"_links":{"self":[{"href":"https:\/\/gpl-love.com\/fr\/wp-json\/wp\/v2\/product\/140992","targetHints":{"allow":["GET"]}}],"collection":[{"href":"https:\/\/gpl-love.com\/fr\/wp-json\/wp\/v2\/product"}],"about":[{"href":"https:\/\/gpl-love.com\/fr\/wp-json\/wp\/v2\/types\/product"}],"replies":[{"embeddable":true,"href":"https:\/\/gpl-love.com\/fr\/wp-json\/wp\/v2\/comments?post=140992"}],"wp:featuredmedia":[{"embeddable":true,"href":"https:\/\/gpl-love.com\/fr\/wp-json\/wp\/v2\/media\/147072"}],"wp:attachment":[{"href":"https:\/\/gpl-love.com\/fr\/wp-json\/wp\/v2\/media?parent=140992"}],"wp:term":[{"taxonomy":"product_brand","embeddable":true,"href":"https:\/\/gpl-love.com\/fr\/wp-json\/wp\/v2\/product_brand?post=140992"},{"taxonomy":"product_cat","embeddable":true,"href":"https:\/\/gpl-love.com\/fr\/wp-json\/wp\/v2\/product_cat?post=140992"},{"taxonomy":"product_tag","embeddable":true,"href":"https:\/\/gpl-love.com\/fr\/wp-json\/wp\/v2\/product_tag?post=140992"}],"curies":[{"name":"wp","href":"https:\/\/api.w.org\/{rel}","templated":true}]}}